{"id":990,"date":"2020-12-28T19:30:27","date_gmt":"2020-12-28T22:30:27","guid":{"rendered":"http:\/\/agoratheory.com\/?page_id=990"},"modified":"2020-12-28T19:34:02","modified_gmt":"2020-12-28T22:34:02","slug":"inicio-pt-at","status":"publish","type":"page","link":"https:\/\/agoratheory.com\/pt\/inicio-pt-at\/","title":{"rendered":"Inicio PT AT"},"content":{"rendered":"\r\n<div class=\"content-slider-wrapper\" >\r\n<div class=\"content-slider cols-wrapper cols-2\" id=\"content-slider-990\" >\r\n\t<div class=\"section-boxed\">\r\n\t<ul id=\"cs-slider-ul\" style=\"min-height:290px;\">\r\n\t\t\r\n\t\t\t <li data-bg_image_url=\"http:\/\/agoratheory.com\/wp-content\/uploads\/2020\/12\/agora_banner2-1.jpg\" data-bg_image_opacity=\"1\" data-layout=\"img-text\" data-animation=\"slideLeft\" data-bg_color=\"6A98BD\" data-bg_align=\"center bottom\" data-thumbnail=\"http:\/\/agoratheory.com\/wp-content\/uploads\/2020\/12\/agora_banner2-1-150x150.jpg\" class=\"cs-layout-img-text\" style=\"color:#;\">\r\n\r\n\t\t\t\t<!-- first slider box -->\r\n\t\t\t\t<div class=\"cs-content-right col cs-content\">\r\n\t\t\t\t\t <h2 class=\"cs-title cs-element\" style=\"font-size:60px;font-weight:bold;font-style:normal;text-transform:uppercase;\"><font color=\"#75726D\">A Pesquisa<\/font><\/h2>\r\n\r\n\t\t\t\t\t<p class=\"cs-element\" style=\"font-size:22px;font-weight:normal;font-style:normal;text-transform:none;\"><font color=\"#000011\">Veja a pesquisa realizada com 42 mil pessoas no Brasil sobre imagens mentais<\/font><\/p>\r\n\t\t\t\t\t\t\t<p class=\"clear\"><\/p>\r\n\t\t\t\t\t\r\n\t\t\t\t\t<a href=\"https:\/\/agoratheory.com\/a-teoria-2\/\" class=\"button cs-element\" style=\"background-color:#ed7003;\">Leia Agora<\/a>\r\n\r\n\t\t\t\t\t\t\t\t\t<\/div>\r\n\t\t\t\t<!-- second slider box -->\r\n\r\n\t\t\t\t\t\t\t\t<div class=\"cs-content-left col nomargin\">\r\n\t\t\t\t\t\t\t\t\t<\/div>\r\n\t\t\t\t\t\t\t<\/li>\r\n\t\t\t <li data-bg_image_url=\"http:\/\/agoratheory.com\/wp-content\/uploads\/2020\/12\/agora_banner1.jpg\" data-bg_image_opacity=\"1\" data-layout=\"img-text\" data-animation=\"slideLeft\" data-bg_color=\"6a98bd\" data-bg_align=\"center top\" data-thumbnail=\"http:\/\/agoratheory.com\/wp-content\/uploads\/2020\/12\/agora_banner1-150x150.jpg\" class=\"cs-layout-img-text\" style=\"color:#;\">\r\n\r\n\t\t\t\t<!-- first slider box -->\r\n\t\t\t\t<div class=\"cs-content-right col cs-content\">\r\n\t\t\t\t\t<p class=\"cs-small-title cs-element\" style=\"font-size:15px;font-weight:normal;font-style:normal;text-transform:uppercase;\">\u00c1gora Theory<\/p>\r\n\r\n\t\t\t\t\t <h2 class=\"cs-title cs-element\" style=\"font-size:50px;font-weight:bold;font-style:normal;text-transform:none;\"><font color=\"#000000\">IMAGENS MENTAIS<\/font><\/h2>\r\n\r\n\t\t\t\t\t<p class=\"cs-element\" style=\"font-size:18px;font-weight:normal;font-style:normal;text-transform:none;\"><font color=\"#000011\">Veja a pesquisa realizada com 42 mil pessoas sobre imagens mentais (representa\u00e7\u00f5es sociais)<\/font><\/p>\r\n\t\t\t\t\t\t\t<p class=\"clear\"><\/p>\r\n\t\t\t\t\t\r\n\t\t\t\t\t<a href=\"https:\/\/agoratheory.com\/a-teoria-2\/\" class=\"button cs-element\" style=\"background-color:#ed7003;\">Leia Mais<\/a>\r\n\r\n\t\t\t\t\t\t\t\t\t<\/div>\r\n\t\t\t\t<!-- second slider box -->\r\n\r\n\t\t\t\t\t\t\t\t<div class=\"cs-content-left col nomargin\">\r\n\t\t\t\t\t\t\t\t\t<\/div>\r\n\t\t\t\t\t\t\t<\/li>\t<\/ul>\r\n<\/div>\r\n<\/div>\r\n<\/div><div class=\"clear\"><\/div>\n<div class=\"services-wrapper services-icon cols-wrapper cols-4 pexeto-parallax\"><div class=\"clear\"><\/div><\/div>\n<div class=\"testimonial-slider\" data-autoplay=\"true\"><div class=\"testimonial-container\"><div class=\"testimonial-wrapper\"><div class=\"testimonial-info\"><img decoding=\"async\" class=\"img-frame testimonial-img\" src=\"http:\/\/agoratheory.com\/wp-content\/uploads\/2020\/10\/yh-150x150.jpg\" alt=\"Yuval Harari\" \/><div class=\"testimonials-details\"><h2>Yuval Harari<\/h2><span><\/span><\/div><\/div><blockquote><p>\"...uma realidade imaginada \u00e9 algo em que todo mundo acredita e, enquanto essa cren\u00e7a partilhada persiste, a realidade imaginada exerce influ\u00eancia no mundo.\"<\/p><\/blockquote><\/div><\/div><div class=\"testimonial-container\"><div class=\"testimonial-wrapper\"><div class=\"testimonial-info\"><img decoding=\"async\" class=\"img-frame testimonial-img\" src=\"http:\/\/agoratheory.com\/wp-content\/uploads\/2020\/10\/descartes-150x150.jpg\" alt=\"Rene Descartes\" \/><div class=\"testimonials-details\"><h2>Rene Descartes<\/h2><span><\/span><\/div><\/div><blockquote><p>\"...a diversidade de nossas opini\u00f5es n\u00e3o decorre de uns serem mais razo\u00e1veis que outros, mas somente que conduzimos nossos pensamentos por diversas vias.\u201d<\/p><\/blockquote><\/div><\/div><\/div>\n<div class=\"portfolio-carousel pc-no-title pc-no-link pc-spacing pc-effect-icon pc-effect-zoom pc-effect-overlay\"><div class=\"pc-header\"><div class=\"carousel-title\"> <h4 class=\"small-title\"><\/h4><\/div><\/div><div class=\"pc-wrapper\"><div class=\"pc-holder\"><div class=\"pc-page-wrapper\"><div class=\"pc-item\" data-defwidth=\"396\" data-type=\"smallslider\" data-itemid=\"948\"><a href=\"https:\/\/agoratheory.com\/pt\/portfolio\/o-outro-generalizado\/\" title=\"O Outro Generalizado\"><div class=\"pg-img-wrapper\"><span class=\"icon-circle\"><span class=\"pg-icon smallslider-icon\"><\/span><\/span><img decoding=\"async\" src=\"https:\/\/agoratheory.com\/wp-content\/uploads\/2020\/12\/daniel_kahneman_2-586x349.jpg\" alt=\"O Outro Generalizado\"\/><\/div><div class=\"pg-info\"><div class=\"pg-details\"><h2>O Outro Generalizado<\/h2><span class=\"pg-categories\">Not\u00edcias<\/span><\/div><\/div><\/a><\/div><div class=\"pc-item\" data-defwidth=\"396\" data-type=\"smallslider\" data-itemid=\"943\"><a href=\"https:\/\/agoratheory.com\/pt\/portfolio\/o-valor-da-moeda\/\" title=\"O Valor da Moeda\"><div class=\"pg-img-wrapper\"><span class=\"icon-circle\"><span class=\"pg-icon smallslider-icon\"><\/span><\/span><img decoding=\"async\" src=\"https:\/\/agoratheory.com\/wp-content\/uploads\/2020\/12\/coin-1080535_640-586x349.jpg\" alt=\"O Valor da Moeda\"\/><\/div><div class=\"pg-info\"><div class=\"pg-details\"><h2>O Valor da Moeda<\/h2><span class=\"pg-categories\">Not\u00edcias<\/span><\/div><\/div><\/a><\/div><\/div><div class=\"pc-page-wrapper\"><div class=\"pc-item\" data-defwidth=\"396\" data-type=\"smallslider\" data-itemid=\"944\"><a href=\"https:\/\/agoratheory.com\/pt\/portfolio\/a-teoria-dos-papeis\/\" title=\"A Teoria dos Pap\u00e9is\"><div class=\"pg-img-wrapper\"><span class=\"icon-circle\"><span class=\"pg-icon smallslider-icon\"><\/span><\/span><img decoding=\"async\" src=\"https:\/\/agoratheory.com\/wp-content\/uploads\/2020\/12\/mascara-586x349.jpg\" alt=\"A Teoria dos Pap\u00e9is\"\/><\/div><div class=\"pg-info\"><div class=\"pg-details\"><h2>A Teoria dos Pap\u00e9is<\/h2><span class=\"pg-categories\">Not\u00edcias<\/span><\/div><\/div><\/a><\/div><div class=\"pc-item\" data-defwidth=\"396\" data-type=\"smallslider\" data-itemid=\"945\"><a href=\"https:\/\/agoratheory.com\/pt\/portfolio\/a-educacao-vem-do-outro\/\" title=\"A Educa\u00e7\u00e3o vem do Outro\"><div class=\"pg-img-wrapper\"><span class=\"icon-circle\"><span class=\"pg-icon smallslider-icon\"><\/span><\/span><img decoding=\"async\" src=\"https:\/\/agoratheory.com\/wp-content\/uploads\/2020\/12\/couple-1030744_640-586x349.jpg\" alt=\"A Educa\u00e7\u00e3o vem do Outro\"\/><\/div><div class=\"pg-info\"><div class=\"pg-details\"><h2>A Educa\u00e7\u00e3o vem do Outro<\/h2><span class=\"pg-categories\">Not\u00edcias<\/span><\/div><\/div><\/a><\/div><\/div><\/div><\/div><div class=\"clear\"><\/div><div class=\"clear\"><\/div><\/div>\n<div class=\"testimonial-slider\" ><div class=\"testimonial-container no-image\"><div class=\"testimonial-wrapper\"><div class=\"testimonial-info\"><div class=\"testimonials-details\"><h2>O que \u00e9 a \u00c1gora?<\/h2><span><\/span><\/div><\/div><blockquote><p>S\u00e3o conglomerados de pessoas que se formam pelas afinidades de pensamento que possuem sobre algum assunto e que podem ser analisados empiricamente para entendimento dos porqu\u00eas de pensarem de tal modo. Esses agrupamentos se configuram por meio de t\u00e9cnica de pesquisa baseada na referida teoria.<\/p><\/blockquote><\/div><\/div><\/div>\n<div><a class=\"lightbox-image\" title=\"\" data-rel=\"lightbox\"><img decoding=\"async\" class=\"img-frame \" src=\"http:\/\/agoratheory.com\/wp-content\/uploads\/2020\/12\/agora_parte_banner.jpg\" \/><\/a><\/div>\n<div><\/div>\n<div>wwwwwwwwwwwwwwww<\/div>\n","protected":false},"excerpt":{"rendered":"<p>wwwwwwwwwwwwwwww<\/p>\n","protected":false},"author":1,"featured_media":0,"parent":0,"menu_order":0,"comment_status":"closed","ping_status":"closed","template":"","meta":{"footnotes":""},"class_list":["post-990","page","type-page","status-publish","hentry"],"_links":{"self":[{"href":"https:\/\/agoratheory.com\/pt\/wp-json\/wp\/v2\/pages\/990","targetHints":{"allow":["GET"]}}],"collection":[{"href":"https:\/\/agoratheory.com\/pt\/wp-json\/wp\/v2\/pages"}],"about":[{"href":"https:\/\/agoratheory.com\/pt\/wp-json\/wp\/v2\/types\/page"}],"author":[{"embeddable":true,"href":"https:\/\/agoratheory.com\/pt\/wp-json\/wp\/v2\/users\/1"}],"replies":[{"embeddable":true,"href":"https:\/\/agoratheory.com\/pt\/wp-json\/wp\/v2\/comments?post=990"}],"version-history":[{"count":1,"href":"https:\/\/agoratheory.com\/pt\/wp-json\/wp\/v2\/pages\/990\/revisions"}],"predecessor-version":[{"id":995,"href":"https:\/\/agoratheory.com\/pt\/wp-json\/wp\/v2\/pages\/990\/revisions\/995"}],"wp:attachment":[{"href":"https:\/\/agoratheory.com\/pt\/wp-json\/wp\/v2\/media?parent=990"}],"curies":[{"name":"wp","href":"https:\/\/api.w.org\/{rel}","templated":true}]}}