{"id":983,"date":"2020-12-28T18:04:45","date_gmt":"2020-12-28T21:04:45","guid":{"rendered":"http:\/\/agoratheory.com\/?page_id=983"},"modified":"2023-03-19T18:04:35","modified_gmt":"2023-03-19T21:04:35","slug":"contato-agora","status":"publish","type":"page","link":"https:\/\/agoratheory.com\/pt\/contato-agora\/","title":{"rendered":"Contato \u00c1gora"},"content":{"rendered":"<p><strong>Voc\u00ea poder\u00e1 enviar sua mensagem em: Espanhol, Ingl\u00eas ou Portugu\u00eas.<\/strong><\/p>\n<p>Para informa\u00e7\u00f5es ou contato envie um e-mail para:<br \/>\n<a href=\"mailto:contact@agoratheory.com\" target=\"_blank\" rel=\"noopener\">contact@agoratheory.com<\/a><\/p>\n<p>Voc\u00ea tamb\u00e9m poder\u00e1 utilizar o nosso formul\u00e1rio:<\/p>\n<p><!-- FOMULARIO DE CONTATO [ninja_form id=4] --><\/p>\n<p>LinkedIn:<br \/>\n<a href=\"https:\/\/www.linkedin.com\/in\/leonardo-viana\" target=\"_blank\" rel=\"noopener\">https:\/\/www.linkedin.com\/in\/leonardo-viana<\/a><\/p>\n<p>Instagram<br \/>\n<a href=\"https:\/\/instagram.com\/agoratheory\" target=\"_blank\" rel=\"noopener\">https:\/\/instagram.com\/agoratheory<\/a><\/p>\n<p>Facebook<br \/>\n<a href=\"https:\/\/www.facebook.com\/agoraTheory\" target=\"_blank\" rel=\"noopener\">https:\/\/www.facebook.com\/agoraTheory<\/a><\/p>\n<p><!-- [contact-form-7 id=\"979\" title=\"Contato Portugu\u00eas\"] --><\/p>\n","protected":false},"excerpt":{"rendered":"<p>Voc\u00ea poder\u00e1 enviar sua mensagem em: Espanhol, Ingl\u00eas ou Portugu\u00eas. Para informa\u00e7\u00f5es ou contato envie um e-mail para: contact@agoratheory.com Voc\u00ea [&hellip;]<\/p>\n","protected":false},"author":1,"featured_media":0,"parent":0,"menu_order":0,"comment_status":"closed","ping_status":"closed","template":"","meta":{"footnotes":""},"class_list":["post-983","page","type-page","status-publish","hentry"],"_links":{"self":[{"href":"https:\/\/agoratheory.com\/pt\/wp-json\/wp\/v2\/pages\/983","targetHints":{"allow":["GET"]}}],"collection":[{"href":"https:\/\/agoratheory.com\/pt\/wp-json\/wp\/v2\/pages"}],"about":[{"href":"https:\/\/agoratheory.com\/pt\/wp-json\/wp\/v2\/types\/page"}],"author":[{"embeddable":true,"href":"https:\/\/agoratheory.com\/pt\/wp-json\/wp\/v2\/users\/1"}],"replies":[{"embeddable":true,"href":"https:\/\/agoratheory.com\/pt\/wp-json\/wp\/v2\/comments?post=983"}],"version-history":[{"count":27,"href":"https:\/\/agoratheory.com\/pt\/wp-json\/wp\/v2\/pages\/983\/revisions"}],"predecessor-version":[{"id":1565,"href":"https:\/\/agoratheory.com\/pt\/wp-json\/wp\/v2\/pages\/983\/revisions\/1565"}],"wp:attachment":[{"href":"https:\/\/agoratheory.com\/pt\/wp-json\/wp\/v2\/media?parent=983"}],"curies":[{"name":"wp","href":"https:\/\/api.w.org\/{rel}","templated":true}]}}