{"id":969,"date":"2020-12-28T16:42:49","date_gmt":"2020-12-28T19:42:49","guid":{"rendered":"http:\/\/agoratheory.com\/?page_id=969"},"modified":"2021-09-01T23:52:14","modified_gmt":"2021-09-02T02:52:14","slug":"a-tese","status":"publish","type":"page","link":"https:\/\/agoratheory.com\/pt\/a-tese\/","title":{"rendered":"A tese"},"content":{"rendered":"<p>Conhe\u00e7a a tese que deu origem \u00e0 teoria cient\u00edfica da \u00c1gora.<\/p>\n<p><a href=\"http:\/\/agoratheory.com\/wp-content\/uploads\/2020\/11\/Tese_Doutorado_Leonardo_Viana_UFRJ.pdf\" target=\"_blank\" rel=\"noopener\">* Fa\u00e7a o download, clique aqui (Portugu\u00eas).<\/a><\/p>\n<p><a href=\"http:\/\/agoratheory.com\/wp-content\/uploads\/2021\/03\/Investigacion_cientifica_con_42_mil_personas_sobre_representaciones_sociales-psicologia_social_prejuicio_y_educacion_a_distancia-tesis_doctoral_Leonardo_Viana_Teoria_Agora_theory.pdf\" target=\"_blank\" rel=\"noopener\">* Desc\u00e1rgalo, haga clic aqu\u00ed (Espa\u00f1ol \/ Castellano).<\/a><\/p>\n<p><a href=\"http:\/\/agoratheory.com\/wp-content\/uploads\/2021\/03\/Scientific_research_with_42_thousand_people_about_social-representations_social-psychology_prejudice_and_distance_education-Doctoral_thesis_Leonardo_Viana_AgoraTheory.pdf\" target=\"_blank\" rel=\"noopener\">* Download, click here (English).<\/a><\/p>\n<p>Voc\u00ea tamb\u00e9m poder\u00e1 acessar pelos endere\u00e7os abaixo:<\/p>\n<p><a href=\"http:\/\/agoratheory.com\/wp-content\/uploads\/2021\/03\/Pesquisa-cientifica-com-42-mil-pessoas-sobre-representacoes-sociais-pisicologia-social-preconceito-e-educacao-a-distancia-Tese-de-doutorado-leonardo-viana-Teoria-Agora.pdf\">* Pesquisa cient\u00edfica com 42 mil pessoas sobre representa\u00e7\u00f5es sociais, psicologia social, preconceito e educa\u00e7\u00e3o a dist\u00e2ncia &#8211; Tese de doutorado Leonardo Viana \u00c1gora Theory<\/a><\/p>\n<p>Voc\u00ea tamb\u00e9m poder\u00e1 escutar a obra pelo Audiobook:<\/p>\n<ul>\n<li>Spotify, <a href=\"https:\/\/open.spotify.com\/show\/4ls9JUwIbjdlgPkYGO80rW?si=uDrdKbm_RmqXH6UzOdsYYA&#038;dl_branch=1\" target=\"_blank\" rel=\"noopener\">clique aqui<\/a>.<\/li>\n<li>Apple PodCast, <a href=\"https:\/\/podcasts.apple.com\/us\/podcast\/agora-theory-audiobook-tesecast\/id1583861873\" target=\"_blank\" rel=\"noopener\">clique aqui<\/a>.<\/li>\n<li>Google PodCast, <a href=\"https:\/\/podcasts.google.com\/feed\/aHR0cHM6Ly9hbmNob3IuZm0vcy81YWNiZTljYy9wb2RjYXN0L3Jzcw\" target=\"_blank\" rel=\"noopener\">clique aqui<\/a>.<\/li>\n<li>Deezer, <a href=\"https:\/\/www.deezer.com\/br\/show\/2938032\" target=\"_blank\" rel=\"noopener\">clique aqui<\/a>.<\/li>\n<li>RadioPublic, <a href=\"https:\/\/radiopublic.com\/agora-theory-audiobook-tesecast-GO7lZO\" target=\"_blank\" rel=\"noopener\">clique aqui<\/a>.<\/li>\n<li>Amazon Music, <a href=\"https:\/\/music.amazon.com.br\/podcasts\/6776fc70-c561-4748-8b00-459af01dec9d\/agora-theory---audiobook-tesecast\" target=\"_blank\" rel=\"noopener\">clique aqui.<\/a><\/li>\n<li>YouTube, <a href=\"https:\/\/www.youtube.com\/watch?v=ySnMFDa0XrY&#038;list=PLVzoHrQQsOvswZ0Trd-MP2yiME6R8JLTl&#038;ab_channel=LeonardoViana\" target=\"_blank\" rel=\"noopener\">clique aqui.<\/a><\/li>\n<\/ul>\n<p><strong>Voc\u00ea poder\u00e1 acessar os \u00e1udios por esta p\u00e1gina acessando:\u00a0<\/strong><\/p>\n<p><iframe loading=\"lazy\" src=\"https:\/\/open.spotify.com\/embed\/episode\/62WnFp6MAKfqotUsnvmuus\" width=\"100%\" height=\"152\" frameborder=\"0\" data-mce-fragment=\"1\"><span data-mce-type=\"bookmark\" style=\"display: inline-block; width: 0px; overflow: hidden; line-height: 0;\" class=\"mce_SELRES_start\">\ufeff<\/span><\/iframe><\/p>\n<p><iframe loading=\"lazy\" src=\"https:\/\/open.spotify.com\/embed\/episode\/37ifycI0dyjH71LNMGMbfw\" width=\"100%\" height=\"152\" frameborder=\"0\" data-mce-fragment=\"1\"><\/iframe><\/p>\n<p><iframe loading=\"lazy\" src=\"https:\/\/open.spotify.com\/embed\/episode\/5uJz4XNA51CU7ZVKeLRjqv\" width=\"100%\" height=\"152\" frameborder=\"0\" data-mce-fragment=\"1\"><\/iframe><\/p>\n<p><iframe loading=\"lazy\" src=\"https:\/\/open.spotify.com\/embed\/episode\/17Uc6MYwqUaBBersP6vN92\" width=\"100%\" height=\"152\" frameborder=\"0\" data-mce-fragment=\"1\"><\/iframe><\/p>\n<p><iframe loading=\"lazy\" src=\"https:\/\/open.spotify.com\/embed\/episode\/3OGrP65r77XBHY4vaGif0x\" width=\"100%\" height=\"152\" frameborder=\"0\" data-mce-fragment=\"1\"><\/iframe><\/p>\n<p><iframe loading=\"lazy\" src=\"https:\/\/open.spotify.com\/embed\/episode\/0SEtgCIdukff1sfeb3hYbW\" width=\"100%\" height=\"152\" frameborder=\"0\" data-mce-fragment=\"1\"><\/iframe><\/p>\n<p><iframe loading=\"lazy\" src=\"https:\/\/open.spotify.com\/embed\/episode\/6m7uDkY9Z1WafF1vKhyPG6\" width=\"100%\" height=\"152\" frameborder=\"0\" data-mce-fragment=\"1\"><\/iframe><\/p>\n<p><iframe loading=\"lazy\" src=\"https:\/\/open.spotify.com\/embed\/episode\/6W06Lp43rKIaBRjNjk56Vr\" width=\"100%\" height=\"152\" frameborder=\"0\" data-mce-fragment=\"1\"><\/iframe><\/p>\n<p><iframe loading=\"lazy\" src=\"https:\/\/open.spotify.com\/embed\/episode\/7L9ipEWcU87pEviJvXJyiU\" width=\"100%\" height=\"152\" frameborder=\"0\" data-mce-fragment=\"1\"><\/iframe><\/p>\n<p>&nbsp;<\/p>\n<p><strong>Voc\u00ea tamb\u00e9m poder\u00e1 acessar pelo YouTube pelo link:<\/strong><\/p>\n<p>&nbsp;<\/p>\n<p><iframe loading=\"lazy\" title=\"YouTube video player\" src=\"https:\/\/www.youtube.com\/embed\/videoseries?list=PLVzoHrQQsOvswZ0Trd-MP2yiME6R8JLTl\" width=\"560\" height=\"315\" frameborder=\"0\" allowfullscreen=\"allowfullscreen\" data-mce-fragment=\"1\"><\/iframe><\/p>\n","protected":false},"excerpt":{"rendered":"<p>Conhe\u00e7a a tese que deu origem \u00e0 teoria cient\u00edfica da \u00c1gora. * Fa\u00e7a o download, clique aqui (Portugu\u00eas). * Desc\u00e1rgalo, [&hellip;]<\/p>\n","protected":false},"author":1,"featured_media":0,"parent":0,"menu_order":0,"comment_status":"closed","ping_status":"closed","template":"","meta":{"footnotes":""},"class_list":["post-969","page","type-page","status-publish","hentry"],"_links":{"self":[{"href":"https:\/\/agoratheory.com\/pt\/wp-json\/wp\/v2\/pages\/969","targetHints":{"allow":["GET"]}}],"collection":[{"href":"https:\/\/agoratheory.com\/pt\/wp-json\/wp\/v2\/pages"}],"about":[{"href":"https:\/\/agoratheory.com\/pt\/wp-json\/wp\/v2\/types\/page"}],"author":[{"embeddable":true,"href":"https:\/\/agoratheory.com\/pt\/wp-json\/wp\/v2\/users\/1"}],"replies":[{"embeddable":true,"href":"https:\/\/agoratheory.com\/pt\/wp-json\/wp\/v2\/comments?post=969"}],"version-history":[{"count":38,"href":"https:\/\/agoratheory.com\/pt\/wp-json\/wp\/v2\/pages\/969\/revisions"}],"predecessor-version":[{"id":1535,"href":"https:\/\/agoratheory.com\/pt\/wp-json\/wp\/v2\/pages\/969\/revisions\/1535"}],"wp:attachment":[{"href":"https:\/\/agoratheory.com\/pt\/wp-json\/wp\/v2\/media?parent=969"}],"curies":[{"name":"wp","href":"https:\/\/api.w.org\/{rel}","templated":true}]}}