{"id":851,"date":"2020-12-16T21:35:35","date_gmt":"2020-12-17T00:35:35","guid":{"rendered":"http:\/\/agoratheory.com\/?page_id=851"},"modified":"2021-03-15T13:15:19","modified_gmt":"2021-03-15T16:15:19","slug":"case","status":"publish","type":"page","link":"https:\/\/agoratheory.com\/pt\/case\/","title":{"rendered":"Case"},"content":{"rendered":"<p>Vamos apresentar aqui brevemente uma aplica\u00e7\u00e3o pr\u00e1tica da \u00c1gora feita justamente pelo autor da teoria <a href=\"http:\/\/agoratheory.com\/leonardo-viana\/\">Leonardo Viana<\/a>\u00a0em seu Doutorado na Universidade Federal do Rio de Janeiro e na Universitat Aut\u00f2noma de Barcelona. Como profissional atuante no ramo da Educa\u00e7\u00e3o, especialmente da Educa\u00e7\u00e3o a Dist\u00e2ncia (EAD), ele decidiu explorar este campo para se aprofundar em tema que h\u00e1 tempos o intrigava: o preconceito em rela\u00e7\u00e3o \u00e0 EAD no Brasil.<\/p><p>Foi ent\u00e3o que mergulhou nos estudos da t\u00e9cnica de <a href=\"http:\/\/agoratheory.com\/evocacao-de-palavras\/\">evoca\u00e7\u00e3o de palavras<\/a> &#8211; uma metodologia muito usada pelo franc\u00eas Jean Claude Abric no campo das representa\u00e7\u00f5es sociais &#8211; para ent\u00e3o compor a sua, que acabou por se tornar uma teoria metodol\u00f3gica: a \u00c1gora.<\/p><p>Leonardo aplicou a t\u00e9cnica da evoca\u00e7\u00e3o em mais de 42 mil pessoas que se pretendiam candidatas ao vestibular de uma institui\u00e7\u00e3o de ensino a dist\u00e2ncia (<a href=\"http:\/\/agoratheory.com\/cederj\/\" target=\"_blank\" rel=\"noopener\">Cederj \u2013 Centro de Educa\u00e7\u00e3o Superior a Dist\u00e2ncia do Estado do Rio de Janeiro<\/a>). O participante da pesquisa passava por duas etapas:<\/p><p>1\u00ba Era convidado a mencionar\/evocar cinco palavras que, na opini\u00e3o dele, qualificavam a educa\u00e7\u00e3o a dist\u00e2ncia.<\/p><p>2\u00ba Devia mencionar mais cinco palavras que ele achava que as outras pessoas achavam sobre educa\u00e7\u00e3o a dist\u00e2ncia.<\/p><p>Foi assim, ent\u00e3o, que o estudo contemplou psicologicamente as opini\u00f5es relacionadas ao ego (eu) e ao alter (o outro), ponto que confere ineditismo ao autor nos estudos da \u00e1rea, como \u00e9 detalhado nas <a href=\"http:\/\/agoratheory.com\/a-teoria-2\/\">explica\u00e7\u00f5es da teoria<\/a>.\u00a0<\/p>\r\n<p>Figura 1: Ilustra\u00e7\u00e3o da din\u00e2mica da pesquisa.<\/p>\r\n<p><img loading=\"lazy\" decoding=\"async\" class=\"wp-image-1133 \" src=\"http:\/\/agoratheory.com\/wp-content\/uploads\/2020\/12\/alter_ego_object_ead_2.jpg\" alt=\"\" width=\"648\" height=\"366\" srcset=\"https:\/\/agoratheory.com\/wp-content\/uploads\/2020\/12\/alter_ego_object_ead_2.jpg 823w, https:\/\/agoratheory.com\/wp-content\/uploads\/2020\/12\/alter_ego_object_ead_2-300x170.jpg 300w, https:\/\/agoratheory.com\/wp-content\/uploads\/2020\/12\/alter_ego_object_ead_2-768x434.jpg 768w, https:\/\/agoratheory.com\/wp-content\/uploads\/2020\/12\/alter_ego_object_ead_2-600x339.jpg 600w\" sizes=\"auto, (max-width: 648px) 100vw, 648px\" \/><\/p><p>Para fazer o cruzamento de tantos dados (afinal, foram 42 mil pessoas!), Leonardo Viana inovou mais uma vez: criou o sistema \u00c1goraTech para dar conta desse volume todo, com o apoio t\u00e9cnico de programadores de Computa\u00e7\u00e3o. <a href=\"http:\/\/agoratheory.com\/como-funciona\/\">Descubra o \u00c1goraTech<\/a>!<\/p><p><strong>Resultados<\/strong><\/p><p>Como resultado das entrevistas, destacou-se que, na maioria das vezes, o preconceito \u00e0 modalidade a dist\u00e2ncia de ensino se constituiu sobretudo pelo aparecimento de opini\u00f5es negativas que, curiosamente, foram verificadas apenas no que a pessoa acha que o outro acha (alter) e n\u00e3o no que a pr\u00f3pria pessoa acha (eu).<\/p><p>A partir destes resultados, foi poss\u00edvel se formar \u00e1goras, ou seja, grupos de pensamentos afins. Por exemplo:<\/p><p>\u00c1gora A: pessoas que acham que a EAD \u00e9 uma modalidade de estudo dif\u00edcil, mas que acham que os outros a consideram f\u00e1cil.<\/p><p>\u00c1gora B: pessoas que acham que a EAD \u00e9 de m\u00e1 qualidade e que acham que os outros igualmente a consideram assim.<\/p><p>Em outro n\u00edvel de abordagem, diferente da t\u00e9cnica da evoca\u00e7\u00e3o de palavras, tamb\u00e9m foram coletadas na pesquisa informa\u00e7\u00f5es como referentes \u00e0 faixa et\u00e1ria, moradia e aspectos socioecon\u00f4micos. A partir de dados como estes, foi poss\u00edvel obter resultados pelo cruzamento com as palavras evocadas. Veja este:<\/p><p>Verificou-se que a \u00e1gora formada pela palavra comodidade ficou associada a um grupo de idade mais avan\u00e7ada, ou seja, quanto maior a faixa et\u00e1ria, mais se busca a comodidade.<\/p><p>A pesquisa, portanto, pela configura\u00e7\u00e3o das \u00e1goras e diante da grandiosa popula\u00e7\u00e3o observada permitiu se ampliar a compreens\u00e3o sobre o tema do preconceito \u00e0 Educa\u00e7\u00e3o a Dist\u00e2ncia. A an\u00e1lise dos resultados foi amparada pela teoria da ecologia dos sentidos do professor em\u00e9rito da Universit\u00e9 de Montr\u00e9al e professor e pesquisador da Universidade Federal do Rio de Janeiro, o brasileiro Milton Campos, que foi orientador da pesquisa de <a href=\"http:\/\/agoratheory.com\/a-tese\/\">tese<\/a> de doutorado de <a href=\"http:\/\/agoratheory.com\/leonardo-viana\/\">Leonardo Viana<\/a> (autor da teoria da \u00c1gora). Pela sua teoria, buscou-se captar e entender os contextos hist\u00f3ricos e socioculturais que influenciaram as respostas dos participantes do estudo. Os resultados foram analisados tamb\u00e9m com base na teoria da <a href=\"http:\/\/agoratheory.com\/dialogicidade\/\">dialogicidade da brit\u00e2nica Ivana Markov\u00e1<\/a>, pesquisadora e professora em\u00e9rita da University of Stirlingnas do Reino Unido, com reflex\u00f5es sobre o entrosamento entre o eu (ego), o outro (alter) e a EAD (objeto).<\/p><p>Veja um caso de aplica\u00e7\u00e3o pr\u00e1tica, <a href=\"http:\/\/agoratheory.com\/case\/\">clique aqui<\/a>.<\/p>\r\n<p><\/p>\r\n<p>Saiba como usar a \u00c1gora, <a href=\"http:\/\/agoratheory.com\/como-funciona\/\">clique aqui<\/a>.<\/p>\r\n<p>A \u00c1gora no mundo corporativo, <a href=\"http:\/\/agoratheory.com\/mercado-corporativo\/\">clique aqui<\/a>.<\/p>\r\n<p>A \u00c1gora no mundo acad\u00eamico, <a href=\"http:\/\/agoratheory.com\/academico\/\">clique aqui<\/a>.<\/p>\r\n<p>Conhe\u00e7a a pesquisa com 42 mil pessoas que deu origem a \u00c1gora, <a href=\"http:\/\/agoratheory.com\/case\/\">clique aqui<\/a>.<\/p>\r\n<p>Veja tamb\u00e9m sobre como criar o sistema de \u00c1goras, <a href=\"http:\/\/agoratheory.com\/como-funciona\/\">clique aqui<\/a>.<\/p>\r\n<p>A Tese que deu origem ao Sistema de \u00c1goras, <a href=\"http:\/\/agoratheory.com\/a-tese\/\">clique aqui<\/a>.<\/p>\r\n<p>&nbsp;<\/p>","protected":false},"excerpt":{"rendered":"<p>Vamos apresentar aqui brevemente uma aplica\u00e7\u00e3o pr\u00e1tica da \u00c1gora feita justamente pelo autor da teoria Leonardo Viana\u00a0em seu Doutorado na [&hellip;]<\/p>\n","protected":false},"author":1,"featured_media":0,"parent":0,"menu_order":0,"comment_status":"closed","ping_status":"closed","template":"","meta":{"footnotes":""},"class_list":["post-851","page","type-page","status-publish","hentry"],"_links":{"self":[{"href":"https:\/\/agoratheory.com\/pt\/wp-json\/wp\/v2\/pages\/851","targetHints":{"allow":["GET"]}}],"collection":[{"href":"https:\/\/agoratheory.com\/pt\/wp-json\/wp\/v2\/pages"}],"about":[{"href":"https:\/\/agoratheory.com\/pt\/wp-json\/wp\/v2\/types\/page"}],"author":[{"embeddable":true,"href":"https:\/\/agoratheory.com\/pt\/wp-json\/wp\/v2\/users\/1"}],"replies":[{"embeddable":true,"href":"https:\/\/agoratheory.com\/pt\/wp-json\/wp\/v2\/comments?post=851"}],"version-history":[{"count":18,"href":"https:\/\/agoratheory.com\/pt\/wp-json\/wp\/v2\/pages\/851\/revisions"}],"predecessor-version":[{"id":1359,"href":"https:\/\/agoratheory.com\/pt\/wp-json\/wp\/v2\/pages\/851\/revisions\/1359"}],"wp:attachment":[{"href":"https:\/\/agoratheory.com\/pt\/wp-json\/wp\/v2\/media?parent=851"}],"curies":[{"name":"wp","href":"https:\/\/api.w.org\/{rel}","templated":true}]}}