{"id":844,"date":"2020-12-16T21:30:35","date_gmt":"2020-12-17T00:30:35","guid":{"rendered":"http:\/\/agoratheory.com\/en\/?page_id=844"},"modified":"2021-03-15T11:00:04","modified_gmt":"2021-03-15T14:00:04","slug":"academico","status":"publish","type":"page","link":"https:\/\/agoratheory.com\/pt\/academico\/","title":{"rendered":"Mundo acad\u00eamico"},"content":{"rendered":"<p>A teoria da \u00c1gora pode servir a <a>professores, pesquisadores e estudantes <\/a>das Ci\u00eancias Humanas de diversas \u00e1reas do conhecimento em seus trabalhos acad\u00eamicos. \u00c9 uma verdadeira riqueza poder passear pelo relativo conhecimento do modo de pensar das pessoas e identificar suas raz\u00f5es de ser. Assim como a teoria da \u00c1gora pode transformar a pr\u00e1tica, esta tamb\u00e9m pode operar transforma\u00e7\u00f5es em teorias, numa empolgante sinergia entre ambas. Viva a Ci\u00eancia!<\/p><p>Veja um caso de aplica\u00e7\u00e3o pr\u00e1tica, <a href=\"http:\/\/agoratheory.com\/case\/\">clique aqui<\/a>.<\/p><p>Saiba como usar a \u00c1gora, <a href=\"http:\/\/agoratheory.com\/como-funciona\/\">clique aqui.<\/a><\/p>\r\n<p>A \u00c1gora no mundo corporativo, <a href=\"http:\/\/agoratheory.com\/mercado-corporativo\/\">clique aqui<\/a>.<\/p>\r\n<p>A \u00c1gora no mundo acad\u00eamico, <a href=\"http:\/\/agoratheory.com\/academico\/\">clique aqui<\/a>.<\/p>\r\n<p>Conhe\u00e7a a pesquisa com 42 mil pessoas que deu origem a \u00c1gora, <a href=\"http:\/\/agoratheory.com\/case\/\">clique aqui<\/a>.<\/p>\r\n<p>A Tese que deu origem ao Sistema de \u00c1goras, <a href=\"http:\/\/agoratheory.com\/a-tese\/\">clique aqui<\/a>.<\/p>\r\n<p>&nbsp;<\/p>","protected":false},"excerpt":{"rendered":"<p>A teoria da \u00c1gora pode servir a professores, pesquisadores e estudantes das Ci\u00eancias Humanas de diversas \u00e1reas do conhecimento em [&hellip;]<\/p>\n","protected":false},"author":1,"featured_media":0,"parent":0,"menu_order":0,"comment_status":"closed","ping_status":"closed","template":"","meta":{"footnotes":""},"class_list":["post-844","page","type-page","status-publish","hentry"],"_links":{"self":[{"href":"https:\/\/agoratheory.com\/pt\/wp-json\/wp\/v2\/pages\/844","targetHints":{"allow":["GET"]}}],"collection":[{"href":"https:\/\/agoratheory.com\/pt\/wp-json\/wp\/v2\/pages"}],"about":[{"href":"https:\/\/agoratheory.com\/pt\/wp-json\/wp\/v2\/types\/page"}],"author":[{"embeddable":true,"href":"https:\/\/agoratheory.com\/pt\/wp-json\/wp\/v2\/users\/1"}],"replies":[{"embeddable":true,"href":"https:\/\/agoratheory.com\/pt\/wp-json\/wp\/v2\/comments?post=844"}],"version-history":[{"count":13,"href":"https:\/\/agoratheory.com\/pt\/wp-json\/wp\/v2\/pages\/844\/revisions"}],"predecessor-version":[{"id":1354,"href":"https:\/\/agoratheory.com\/pt\/wp-json\/wp\/v2\/pages\/844\/revisions\/1354"}],"wp:attachment":[{"href":"https:\/\/agoratheory.com\/pt\/wp-json\/wp\/v2\/media?parent=844"}],"curies":[{"name":"wp","href":"https:\/\/api.w.org\/{rel}","templated":true}]}}