{"id":837,"date":"2020-12-16T21:18:35","date_gmt":"2020-12-17T00:18:35","guid":{"rendered":"http:\/\/agoratheory.com\/?page_id=837"},"modified":"2021-03-15T09:38:31","modified_gmt":"2021-03-15T12:38:31","slug":"mercado-corporativo","status":"publish","type":"page","link":"https:\/\/agoratheory.com\/pt\/mercado-corporativo\/","title":{"rendered":"Mundo corporativo"},"content":{"rendered":"<p>A \u00c1gora, enquanto metodologia de agrupamento de pessoas pela ideologia, tem o potencial de auxiliar empresas na pesquisa, defini\u00e7\u00e3o e entendimento de seu p\u00fablico-alvo, entendendo a fundo seus pensamentos e, por consequ\u00eancia, seus comportamentos, gostos, modos de vida etc; sendo isso decisivo para o incremento de vendas, recomenda\u00e7\u00e3o de marca, repercuss\u00e3o entre os amigos, entre os amigos de seus amigos &#8230; Enfim, essa compreens\u00e3o do p\u00fablico-alvo vale ouro no mundo do Marketing, facilitando, por exemplo, o trabalho de profissionais de UX (experi\u00eancia do usu\u00e1rio), que se dedicam a tra\u00e7ar estrat\u00e9gias de melhor aproveitamento do internauta para as empresas, uma vez que buscam proporcionar a melhor experi\u00eancia poss\u00edvel ao seu p\u00fablico no meio digital.<\/p><p>Imagine tamb\u00e9m o qu\u00e3o rico pode ser para o trabalho corporativo da \u00e1rea de Recursos Humanos ter acesso aprofundado ao pensamento de seus colaboradores? Quantas a\u00e7\u00f5es bem focadas podem ser adotadas com verdadeiros ganhos para o clima organizacional e consequente produtividade? Assim como esses, \u00e9 poss\u00edvel elencar outros benef\u00edcios junto ao mundo corporativo pela execu\u00e7\u00e3o da \u00c1gora.<\/p><p>Veja um caso de aplica\u00e7\u00e3o pr\u00e1tica, <a href=\"http:\/\/agoratheory.com\/case\/\">clique aqui<\/a>.<\/p><p>Saiba como usar a \u00c1gora, <a href=\"http:\/\/agoratheory.com\/como-funciona\/\">clique aqui<\/a>.<\/p>\r\n<p>A \u00c1gora no mundo corporativo, <a href=\"http:\/\/agoratheory.com\/mercado-corporativo\/\">clique aqui<\/a>.<\/p>\r\n<p>A \u00c1gora no mundo acad\u00eamico, <a href=\"http:\/\/agoratheory.com\/academico\/\">clique aqui<\/a>.<\/p>\r\n<p>Conhe\u00e7a a pesquisa com 42 mil pessoas que deu origem a \u00c1gora, <a href=\"http:\/\/agoratheory.com\/case\/\">clique aqui<\/a>.<\/p>\r\n<p>Veja tamb\u00e9m sobre como criar o sistema de \u00c1goras, <a href=\"http:\/\/agoratheory.com\/como-funciona\/\">clique aqui<\/a>.<\/p>\r\n<p>A Tese que deu origem ao Sistema de \u00c1goras, <a href=\"http:\/\/agoratheory.com\/a-tese\/\">clique aqui<\/a>.<\/p>\r\n<p>&nbsp;<\/p>","protected":false},"excerpt":{"rendered":"<p>A \u00c1gora, enquanto metodologia de agrupamento de pessoas pela ideologia, tem o potencial de auxiliar empresas na pesquisa, defini\u00e7\u00e3o e [&hellip;]<\/p>\n","protected":false},"author":1,"featured_media":0,"parent":0,"menu_order":0,"comment_status":"closed","ping_status":"closed","template":"","meta":{"footnotes":""},"class_list":["post-837","page","type-page","status-publish","hentry"],"_links":{"self":[{"href":"https:\/\/agoratheory.com\/pt\/wp-json\/wp\/v2\/pages\/837","targetHints":{"allow":["GET"]}}],"collection":[{"href":"https:\/\/agoratheory.com\/pt\/wp-json\/wp\/v2\/pages"}],"about":[{"href":"https:\/\/agoratheory.com\/pt\/wp-json\/wp\/v2\/types\/page"}],"author":[{"embeddable":true,"href":"https:\/\/agoratheory.com\/pt\/wp-json\/wp\/v2\/users\/1"}],"replies":[{"embeddable":true,"href":"https:\/\/agoratheory.com\/pt\/wp-json\/wp\/v2\/comments?post=837"}],"version-history":[{"count":15,"href":"https:\/\/agoratheory.com\/pt\/wp-json\/wp\/v2\/pages\/837\/revisions"}],"predecessor-version":[{"id":1350,"href":"https:\/\/agoratheory.com\/pt\/wp-json\/wp\/v2\/pages\/837\/revisions\/1350"}],"wp:attachment":[{"href":"https:\/\/agoratheory.com\/pt\/wp-json\/wp\/v2\/media?parent=837"}],"curies":[{"name":"wp","href":"https:\/\/api.w.org\/{rel}","templated":true}]}}