{"id":682,"date":"2020-10-09T15:38:38","date_gmt":"2020-10-09T18:38:38","guid":{"rendered":"http:\/\/agoratheory.com\/?page_id=682"},"modified":"2020-10-09T16:02:05","modified_gmt":"2020-10-09T19:02:05","slug":"inicial-agora-theory","status":"publish","type":"page","link":"https:\/\/agoratheory.com\/pt\/inicial-agora-theory\/","title":{"rendered":"Inicial Agora Theory"},"content":{"rendered":"\r\n<div class=\"content-slider-wrapper\" >\r\n<div class=\"content-slider cols-wrapper cols-2\" id=\"content-slider-682\" >\r\n\t<div class=\"section-boxed\">\r\n\t<ul id=\"cs-slider-ul\" style=\"min-height:290px;\">\r\n\t\t\r\n\t\t\t <li data-bg_image_url=\"http:\/\/agoratheory.com\/wp-content\/uploads\/2020\/12\/agora_banner2-1.jpg\" data-bg_image_opacity=\"1\" data-layout=\"img-text\" data-animation=\"slideLeft\" data-bg_color=\"6A98BD\" data-bg_align=\"center bottom\" data-thumbnail=\"http:\/\/agoratheory.com\/wp-content\/uploads\/2020\/12\/agora_banner2-1-150x150.jpg\" class=\"cs-layout-img-text\" style=\"color:#;\">\r\n\r\n\t\t\t\t<!-- first slider box -->\r\n\t\t\t\t<div class=\"cs-content-right col cs-content\">\r\n\t\t\t\t\t <h2 class=\"cs-title cs-element\" style=\"font-size:60px;font-weight:bold;font-style:normal;text-transform:uppercase;\"><font color=\"#75726D\">A Pesquisa<\/font><\/h2>\r\n\r\n\t\t\t\t\t<p class=\"cs-element\" style=\"font-size:22px;font-weight:normal;font-style:normal;text-transform:none;\"><font color=\"#000011\">Veja a pesquisa realizada com 42 mil pessoas no Brasil sobre imagens mentais<\/font><\/p>\r\n\t\t\t\t\t\t\t<p class=\"clear\"><\/p>\r\n\t\t\t\t\t\r\n\t\t\t\t\t<a href=\"https:\/\/agoratheory.com\/a-teoria-2\/\" class=\"button cs-element\" style=\"background-color:#ed7003;\">Leia Agora<\/a>\r\n\r\n\t\t\t\t\t\t\t\t\t<\/div>\r\n\t\t\t\t<!-- second slider box -->\r\n\r\n\t\t\t\t\t\t\t\t<div class=\"cs-content-left col nomargin\">\r\n\t\t\t\t\t\t\t\t\t<\/div>\r\n\t\t\t\t\t\t\t<\/li>\r\n\t\t\t <li data-bg_image_url=\"http:\/\/agoratheory.com\/wp-content\/uploads\/2020\/12\/agora_banner1.jpg\" data-bg_image_opacity=\"1\" data-layout=\"img-text\" data-animation=\"slideLeft\" data-bg_color=\"6a98bd\" data-bg_align=\"center top\" data-thumbnail=\"http:\/\/agoratheory.com\/wp-content\/uploads\/2020\/12\/agora_banner1-150x150.jpg\" class=\"cs-layout-img-text\" style=\"color:#;\">\r\n\r\n\t\t\t\t<!-- first slider box -->\r\n\t\t\t\t<div class=\"cs-content-right col cs-content\">\r\n\t\t\t\t\t<p class=\"cs-small-title cs-element\" style=\"font-size:15px;font-weight:normal;font-style:normal;text-transform:uppercase;\">\u00c1gora Theory<\/p>\r\n\r\n\t\t\t\t\t <h2 class=\"cs-title cs-element\" style=\"font-size:50px;font-weight:bold;font-style:normal;text-transform:none;\"><font color=\"#000000\">IMAGENS MENTAIS<\/font><\/h2>\r\n\r\n\t\t\t\t\t<p class=\"cs-element\" style=\"font-size:18px;font-weight:normal;font-style:normal;text-transform:none;\"><font color=\"#000011\">Veja a pesquisa realizada com 42 mil pessoas sobre imagens mentais (representa\u00e7\u00f5es sociais)<\/font><\/p>\r\n\t\t\t\t\t\t\t<p class=\"clear\"><\/p>\r\n\t\t\t\t\t\r\n\t\t\t\t\t<a href=\"https:\/\/agoratheory.com\/a-teoria-2\/\" class=\"button cs-element\" style=\"background-color:#ed7003;\">Leia Mais<\/a>\r\n\r\n\t\t\t\t\t\t\t\t\t<\/div>\r\n\t\t\t\t<!-- second slider box -->\r\n\r\n\t\t\t\t\t\t\t\t<div class=\"cs-content-left col nomargin\">\r\n\t\t\t\t\t\t\t\t\t<\/div>\r\n\t\t\t\t\t\t\t<\/li>\t<\/ul>\r\n<\/div>\r\n<\/div>\r\n<\/div><div class=\"clear\"><\/div>\n<div class=\"section-full-width section-light2\" style=\"background-color:#333333;\" id=\"aboutus\"><div class=\"section-boxed\" style=\"color:#777777;\"><h2 class=\"section-title\" style=\"color:#a3a3a3;\">About Us<\/h2><\/p>\n<h4 style=\"text-align: center;\"><span style=\"color: #a3a3a3;\"> StoryStudio is a New York-based branding and design agency with a passion for clean, simple and effective design. Nullam vel nisi neque. Nam dapibus lorem turpis. Nulla mollis enim sit amet nisi feugiat imperdiet quis eu eros. Etiam euismod semper risus, ac ultrices lectus viverra vitae. Sed porta ante justo, a consectetur augue lacinia ultricies. Aenean non ex neque. Etiam sit amet mauris magna. Curabitur vitae sapien nec eros scelerisque accumsan. Phasellus sapien nulla, suscipit vitae placerat eget, molestie et ante. Vestibulum ut lectus eu mi malesuada accumsan. Cras porta mattis leo, sed tincidunt nisl faucibuseget. Donec imperdiet vestibulum mollis scelerisque accumsan nisi feugiat imperdiet.<\/span><\/h4>\n<p>\n<\/div><\/div>\n<div class=\"section-full-width section-light2\" style=\"background-color:#f5f4f0;\" id=\"ourgoal\"><div class=\"section-boxed\" style=\"color:#777777;\"><h2 class=\"section-title\" style=\"color:#878787;\">Our Goal<\/h2><\/p>\n<h4 style=\"text-align: center;\"><span style=\"color: #878787;\"> StoryStudio is a New York-based branding and design agency with a passion for clean, simple and effective design. Nullam vel nisi neque. Nam dapibus lorem turpis. Nulla mollis enim sit amet nisi feugiat imperdiet quis eu eros. Etiam euismod semper risus, ac ultrices lectus viverra vitae. Sed porta ante justo, a consectetur augue lacinia ultricies. Aenean non ex neque. Etiam sit amet mauris magna. Curabitur vitae sapien nec eros scelerisque accumsan. Phasellus sapien nulla, suscipit vitae placerat eget, molestie et ante. Vestibulum ut lectus eu mi malesuada accumsan. Cras porta mattis leo, sed tincidunt nisl faucibuseget. Donec imperdiet vestibulum mollis scelerisque accumsan nisi feugiat imperdiet.<\/span><\/h4>\n<p>\n<\/div><\/div>\n<div class=\"testimonial-slider\" data-autoplay=\"true\"><div class=\"testimonial-container\"><div class=\"testimonial-wrapper\"><div class=\"testimonial-info\"><img decoding=\"async\" class=\"img-frame testimonial-img\" src=\"http:\/\/agoratheory.com\/wp-content\/uploads\/2020\/10\/yh-150x150.jpg\" alt=\"Yuval Harari\" \/><div class=\"testimonials-details\"><h2>Yuval Harari<\/h2><span><\/span><\/div><\/div><blockquote><p>\"...uma realidade imaginada \u00e9 algo em que todo mundo acredita e, enquanto essa cren\u00e7a partilhada persiste, a realidade imaginada exerce influ\u00eancia no mundo.\"<\/p><\/blockquote><\/div><\/div><div class=\"testimonial-container\"><div class=\"testimonial-wrapper\"><div class=\"testimonial-info\"><img decoding=\"async\" class=\"img-frame testimonial-img\" src=\"http:\/\/agoratheory.com\/wp-content\/uploads\/2020\/10\/descartes-150x150.jpg\" alt=\"Rene Descartes\" \/><div class=\"testimonials-details\"><h2>Rene Descartes<\/h2><span><\/span><\/div><\/div><blockquote><p>\"...a diversidade de nossas opini\u00f5es n\u00e3o decorre de uns serem mais razo\u00e1veis que outros, mas somente que conduzimos nossos pensamentos por diversas vias.\u201d<\/p><\/blockquote><\/div><\/div><\/div>\n<div class=\"services-wrapper services-default cols-wrapper cols-3 pexeto-parallax\"><div class=\"clear\"><\/div><\/div>\n<div class=\"services-wrapper services-fullbox cols-wrapper cols-4\" style=\"background-color:#2a2b2e;color:#dddddd;\"><div class=\"services-box col\"><a href=\"http:\/\/agoratheory.com\/es\/mundo-corporativo-e-academico\/\"><div class=\"img-container\"><img decoding=\"async\" src=\"http:\/\/agoratheory.com\/wp-content\/uploads\/2015\/01\/185094-settings-streamline-copy-468x312.png\" alt=\"Mercado corporativo y acad\u00e9mico\"\/><\/div><\/a><div class=\"services-content\"><div class=\"sc-wraper\"><h3><a href=\"http:\/\/agoratheory.com\/es\/mundo-corporativo-e-academico\/\">Mercado corporativo y acad\u00e9mico<\/a><\/h3><p>Descubra lo que \u00c1gora puede hacer por la investigaci\u00f3n en su empresa o universidad.<\/p><\/div><\/div><\/div><div class=\"services-box col\"><a href=\"https:\/\/agoratheory.com\/es\/como-funciona\/\"><div class=\"img-container\"><img decoding=\"async\" src=\"http:\/\/agoratheory.com\/wp-content\/uploads\/2015\/01\/185036-remote-control-streamline-copy-468x312.png\" alt=\"C\u00f3mo utilizar la metodolog\u00eda\"\/><\/div><\/a><div class=\"services-content\"><div class=\"sc-wraper\"><h3><a href=\"https:\/\/agoratheory.com\/es\/como-funciona\/\">C\u00f3mo utilizar la metodolog\u00eda<\/a><\/h3><p>Crea tu encuesta con \u00c1goras. Vea c\u00f3mo utilizar \u00c1goraTech<\/p><\/div><\/div><\/div><div class=\"services-box col\"><a href=\"https:\/\/agoratheory.com\/es\/case\/\"><div class=\"img-container\"><img decoding=\"async\" src=\"http:\/\/agoratheory.com\/wp-content\/uploads\/2015\/01\/185082-man-people-streamline-user-copy-468x312.png\" alt=\"42 mil personas\"\/><\/div><\/a><div class=\"services-content\"><div class=\"sc-wraper\"><h3><a href=\"https:\/\/agoratheory.com\/es\/case\/\">42 mil personas<\/a><\/h3><p>Descubra la investigaci\u00f3n sobre representaciones de im\u00e1genes mentales realizada con 42 mil personas<\/p><\/div><\/div><\/div><div class=\"services-box col nomargin\"><a href=\"https:\/\/agoratheory.com\/es\/a-teoria-2\/\"><div class=\"img-container\"><img decoding=\"async\" src=\"http:\/\/agoratheory.com\/wp-content\/uploads\/2015\/01\/185039-earth-globe-streamline-copy-468x312.png\" alt=\"La teor\u00eda\"\/><\/div><\/a><div class=\"services-content\"><div class=\"sc-wraper\"><h3><a href=\"https:\/\/agoratheory.com\/es\/a-teoria-2\/\">La teor\u00eda<\/a><\/h3><p>M\u00e1s informaci\u00f3n sobre la teor\u00eda del \u00c1gora<\/p><\/div><\/div><\/div><div class=\"services-box col\"><a href=\"https:\/\/agoratheory.com\/en\/mundo-corporativo-e-academico\/\"><div class=\"img-container\"><img decoding=\"async\" src=\"http:\/\/agoratheory.com\/wp-content\/uploads\/2015\/01\/185094-settings-streamline-copy-468x312.png\" alt=\"Corporate and Academic Market\"\/><\/div><\/a><div class=\"services-content\"><div class=\"sc-wraper\"><h3><a href=\"https:\/\/agoratheory.com\/en\/mundo-corporativo-e-academico\/\">Corporate and Academic Market<\/a><\/h3><p>Find out what \u00c1gora can do for your company or university research.<\/p><\/div><\/div><\/div><div class=\"services-box col\"><a href=\"https:\/\/agoratheory.com\/en\/como-funciona\/\"><div class=\"img-container\"><img decoding=\"async\" src=\"http:\/\/agoratheory.com\/wp-content\/uploads\/2015\/01\/185036-remote-control-streamline-copy-468x312.png\" alt=\"How to use the methodology\"\/><\/div><\/a><div class=\"services-content\"><div class=\"sc-wraper\"><h3><a href=\"https:\/\/agoratheory.com\/en\/como-funciona\/\">How to use the methodology<\/a><\/h3><p>Create your research with \u00c1goras. See how to use \u00c1goraTech<\/p><\/div><\/div><\/div><div class=\"services-box col\"><a href=\"https:\/\/agoratheory.com\/en\/case\/\"><div class=\"img-container\"><img decoding=\"async\" src=\"http:\/\/agoratheory.com\/wp-content\/uploads\/2015\/01\/185082-man-people-streamline-user-copy-468x312.png\" alt=\"42 thousand people\"\/><\/div><\/a><div class=\"services-content\"><div class=\"sc-wraper\"><h3><a href=\"https:\/\/agoratheory.com\/en\/case\/\">42 thousand people<\/a><\/h3><p>Discover the research on mental image (social representations) conducted with 42 thousand people<\/p><\/div><\/div><\/div><div class=\"services-box col nomargin\"><a href=\"https:\/\/agoratheory.com\/a-teoria-2\/\"><div class=\"img-container\"><img decoding=\"async\" src=\"http:\/\/agoratheory.com\/wp-content\/uploads\/2015\/01\/185039-earth-globe-streamline-copy-468x312.png\" alt=\"The theory\"\/><\/div><\/a><div class=\"services-content\"><div class=\"sc-wraper\"><h3><a href=\"https:\/\/agoratheory.com\/a-teoria-2\/\">The theory<\/a><\/h3><p>Learn more about the theory of the Agora<\/p><\/div><\/div><\/div><div class=\"services-box col\"><a href=\"http:\/\/agoratheory.com\/mundo-corporativo-e-academico\/\"><div class=\"img-container\"><img decoding=\"async\" src=\"http:\/\/agoratheory.com\/wp-content\/uploads\/2015\/01\/185094-settings-streamline-copy-468x312.png\" alt=\"Mundo Corporativo e Acad\u00eamico\"\/><\/div><\/a><div class=\"services-content\"><div class=\"sc-wraper\"><h3><a href=\"http:\/\/agoratheory.com\/mundo-corporativo-e-academico\/\">Mundo Corporativo e Acad\u00eamico<\/a><\/h3><p>Descubra o que a \u00c1gora pode fazer por sua empresa ou por sua pesquisa acad\u00eamica.<\/p><\/div><\/div><\/div><div class=\"services-box col\"><a href=\"https:\/\/agoratheory.com\/como-funciona\/\"><div class=\"img-container\"><img decoding=\"async\" src=\"http:\/\/agoratheory.com\/wp-content\/uploads\/2015\/01\/185036-remote-control-streamline-copy-468x312.png\" alt=\"Como usar a metodologia\"\/><\/div><\/a><div class=\"services-content\"><div class=\"sc-wraper\"><h3><a href=\"https:\/\/agoratheory.com\/como-funciona\/\">Como usar a metodologia<\/a><\/h3><p>Crie sua pesquisa com \u00c1goras. Veja como usar a \u00c1goraTech<\/p><\/div><\/div><\/div><div class=\"services-box col\"><a href=\"https:\/\/agoratheory.com\/case\/\"><div class=\"img-container\"><img decoding=\"async\" src=\"http:\/\/agoratheory.com\/wp-content\/uploads\/2015\/01\/185082-man-people-streamline-user-copy-468x312.png\" alt=\"42 mil pessoas \"\/><\/div><\/a><div class=\"services-content\"><div class=\"sc-wraper\"><h3><a href=\"https:\/\/agoratheory.com\/case\/\">42 mil pessoas <\/a><\/h3><p>Conhe\u00e7a a pesquisa sobre imagem mental representa\u00e7\u00f5es realizada com 42 mil pessoas<\/p><\/div><\/div><\/div><div class=\"services-box col nomargin\"><a href=\"https:\/\/agoratheory.com\/a-teoria-2\/\"><div class=\"img-container\"><img decoding=\"async\" src=\"http:\/\/agoratheory.com\/wp-content\/uploads\/2015\/01\/185039-earth-globe-streamline-copy-468x312.png\" alt=\"A Teoria\"\/><\/div><\/a><div class=\"services-content\"><div class=\"sc-wraper\"><h3><a href=\"https:\/\/agoratheory.com\/a-teoria-2\/\">A Teoria<\/a><\/h3><p>Conhe\u00e7a mais sobre a teoria das \u00c1goras<\/p><\/div><\/div><\/div><div class=\"services-box col services-no-image\"><div class=\"services-content\"><div class=\"sc-wraper\"><h3>New Grid Style Boxes<\/h3><p>Fullwidth grid style services boxes. <\/p><\/div><\/div><\/div><div class=\"services-box col services-no-content\"><div class=\"img-container\"><img decoding=\"async\" src=\"http:\/\/agoratheory.com\/wp-content\/uploads\/2014\/10\/ser1-468x312.jpg\" alt=\"\"\/><\/div><div class=\"services-content\"><div class=\"sc-wraper\"><\/div><\/div><\/div><div class=\"services-box col\"><a href=\"#\"><div class=\"img-container\"><img decoding=\"async\" src=\"http:\/\/agoratheory.com\/wp-content\/uploads\/2014\/06\/icon5111-468x312.png\" alt=\"Be Mindfull\"\/><\/div><\/a><div class=\"services-content\"><div class=\"sc-wraper\"><h3><a href=\"#\">Be Mindfull<\/a><\/h3><p>Lorem ipsum dolor sit amet, consectetur adipiscing elit.<\/p><\/div><\/div><\/div><div class=\"services-box col nomargin\"><a href=\"#\"><div class=\"img-container\"><img decoding=\"async\" src=\"http:\/\/agoratheory.com\/wp-content\/uploads\/2014\/06\/icon121-468x312.png\" alt=\"Consume Less\"\/><\/div><\/a><div class=\"services-content\"><div class=\"sc-wraper\"><h3><a href=\"#\">Consume Less<\/a><\/h3><p>Lorem ipsum dolor sit amet, consectetur adipiscing elit.<\/p><\/div><\/div><\/div><div class=\"services-box col\"><a href=\"#\"><div class=\"img-container\"><img decoding=\"async\" src=\"http:\/\/agoratheory.com\/wp-content\/uploads\/2014\/06\/icon71-468x312.png\" alt=\"Slow Down\"\/><\/div><\/a><div class=\"services-content\"><div class=\"sc-wraper\"><h3><a href=\"#\">Slow Down<\/a><\/h3><p>Lorem ipsum dolor sit amet, consectetur adipiscing elit.<\/p><\/div><\/div><\/div><div class=\"services-box col nomargin\"><a href=\"#\"><div class=\"img-container\"><img decoding=\"async\" src=\"http:\/\/agoratheory.com\/wp-content\/uploads\/2015\/01\/185039-earth-globe-streamline-copy-468x312.png\" alt=\"Simplify\"\/><\/div><\/a><div class=\"services-content\"><div class=\"sc-wraper\"><h3><a href=\"#\">Simplify<\/a><\/h3><p>Lorem ipsum dolor sit amet, consectetur adipiscing elit<\/p><\/div><\/div><\/div><div class=\"clear\"><\/div><\/div>\n","protected":false},"excerpt":{"rendered":"","protected":false},"author":1,"featured_media":0,"parent":0,"menu_order":0,"comment_status":"closed","ping_status":"closed","template":"","meta":{"footnotes":""},"class_list":["post-682","page","type-page","status-publish","hentry"],"_links":{"self":[{"href":"https:\/\/agoratheory.com\/pt\/wp-json\/wp\/v2\/pages\/682","targetHints":{"allow":["GET"]}}],"collection":[{"href":"https:\/\/agoratheory.com\/pt\/wp-json\/wp\/v2\/pages"}],"about":[{"href":"https:\/\/agoratheory.com\/pt\/wp-json\/wp\/v2\/types\/page"}],"author":[{"embeddable":true,"href":"https:\/\/agoratheory.com\/pt\/wp-json\/wp\/v2\/users\/1"}],"replies":[{"embeddable":true,"href":"https:\/\/agoratheory.com\/pt\/wp-json\/wp\/v2\/comments?post=682"}],"version-history":[{"count":5,"href":"https:\/\/agoratheory.com\/pt\/wp-json\/wp\/v2\/pages\/682\/revisions"}],"predecessor-version":[{"id":864,"href":"https:\/\/agoratheory.com\/pt\/wp-json\/wp\/v2\/pages\/682\/revisions\/864"}],"wp:attachment":[{"href":"https:\/\/agoratheory.com\/pt\/wp-json\/wp\/v2\/media?parent=682"}],"curies":[{"name":"wp","href":"https:\/\/api.w.org\/{rel}","templated":true}]}}