{"id":30,"date":"2020-10-08T13:48:26","date_gmt":"2020-10-08T16:48:26","guid":{"rendered":"http:\/\/agoratheory.com\/?page_id=30"},"modified":"2021-03-19T00:18:01","modified_gmt":"2021-03-19T03:18:01","slug":"leonardo-viana","status":"publish","type":"page","link":"https:\/\/agoratheory.com\/pt\/leonardo-viana\/","title":{"rendered":"O autor"},"content":{"rendered":"<p>Nascido no interior do estado do Rio de Janeiro &#8211; Brasil, em 1976, o professor e pesquisador Leonardo Viana \u00e9 autor da teoria da \u00c1gora. Ele a desenvolveu em sua <a href=\"http:\/\/agoratheory.com\/a-tese\/\">Tese de Doutorado<\/a> \u00a0em Psicossociologia de Comunidades e Ecologia Social, na <a href=\"http:\/\/www.ufrj.br\" target=\"_blank\" rel=\"noopener\">Universidade Federal do Rio de Janeiro<\/a> e na <a href=\"https:\/\/www.uab.cat\/\" target=\"_blank\" rel=\"noopener\">Universitat Aut\u00f2noma de Barcelona<\/a>.<\/p>\n<p>Leonardo Viana sempre se interessou pelos estudos de Neuroci\u00eancias envolvendo intelig\u00eancia coletiva na web, cogni\u00e7\u00e3o e psicologia social. Nesta linha, \u00e9 professor de UX (experi\u00eancia do usu\u00e1rio) em MBAs de Marketing Digital, disciplina que se dedica a entender o comportamento das pessoas na internet e tra\u00e7ar as mais adequadas estrat\u00e9gias na constru\u00e7\u00e3o de produtos digitais.<\/p>\n<p>\u00c9 tamb\u00e9m consultor, palestrante e autor do curso online de UX da Funda\u00e7\u00e3o Get\u00falio Vargas, onde \u00e9 professor visitante. Tem forte atua\u00e7\u00e3o na \u00e1rea da Educa\u00e7\u00e3o Online, incluindo estrat\u00e9gias de comunica\u00e7\u00e3o em rede. Atuou ainda na elabora\u00e7\u00e3o de infoprodutos de empresas nacionais e internacionais de m\u00e9dio e grande porte, tais como BNDES, Americanas.com, JBS, Fiocruz (Funda\u00e7\u00e3o Osvaldo Cruz), AIESAD (Associa\u00e7\u00e3o Ibero-americana composta por 14 pa\u00edses), MHW (Xerox do Brasil), Apex International, Governo do Estado do Rio de Janeiro, entre outras. Al\u00e9m de doutor, tamb\u00e9m comp\u00f5em sua forma\u00e7\u00e3o os t\u00edtulos de mestre e MBA em Estrat\u00e9gia e Gest\u00e3o, ambos pela Universidade Federal Fluminense, e de graduado em Desenho Industrial. Atua no mercado digital desde 1998.<\/p>\n<p>LinkedIn:<br \/>\n<a href=\"https:\/\/www.linkedin.com\/in\/leonardo-viana\" target=\"_blank\" rel=\"noopener\">https:\/\/www.linkedin.com\/in\/leonardo-viana<\/a><br \/>\nORCID:<br \/>\n<a href=\"https:\/\/orcid.org\/0000-0002-5568-664X\" target=\"_blank\" rel=\"noopener\">https:\/\/orcid.org\/0000-0002-5568-664X<\/a><br \/>\nSite:<br \/>\n<a href=\"http:\/\/leonardoviana.com\" target=\"_blank\" rel=\"noopener\">http:\/\/leonardoviana.com<\/a><\/p>\n<div id=\"attachment_804\" style=\"width: 310px\"  class=\"wp-caption alignnone\"><img loading=\"lazy\" decoding=\"async\" class=\"wp-image-804 size-medium\" src=\"http:\/\/agoratheory.com\/wp-content\/uploads\/2020\/11\/leonardo_viana-300x300.jpg\" alt=\"leonardo viana doutor phd \u00e1gora theory representa\u00e7\u00f5es sociais\" width=\"300\" height=\"300\" srcset=\"https:\/\/agoratheory.com\/wp-content\/uploads\/2020\/11\/leonardo_viana-300x300.jpg 300w, https:\/\/agoratheory.com\/wp-content\/uploads\/2020\/11\/leonardo_viana-150x150.jpg 150w, https:\/\/agoratheory.com\/wp-content\/uploads\/2020\/11\/leonardo_viana-100x100.jpg 100w, https:\/\/agoratheory.com\/wp-content\/uploads\/2020\/11\/leonardo_viana.jpg 400w\" sizes=\"auto, (max-width: 300px) 100vw, 300px\" \/><p class=\"wp-caption-text\">Leonardo Viana, PhD.<\/p><\/div>\n<p>&nbsp;<\/p>\n<p>&nbsp;<\/p>\n<p>Instagram<br \/>\n<a href=\"https:\/\/instagram.com\/agoratheory\" target=\"_blank\" rel=\"noopener\">https:\/\/instagram.com\/agoratheory<\/a><\/p>\n<p>Facebook<br \/>\n<a href=\"https:\/\/www.facebook.com\/agoraTheory\" target=\"_blank\" rel=\"noopener\">https:\/\/www.facebook.com\/agoraTheory<\/a><\/p>\n<p><strong>Leia mais\u00a0<\/strong><\/p>\n<p>Sobre a Tese que deu origem ao Sistema de \u00c1goras, <a href=\"http:\/\/agoratheory.com\/a-tese\/\">clique aqui<\/a>.<\/p>\n<p>A \u00c1gora no mercado corporativo, <a href=\"http:\/\/agoratheory.com\/mercado-corporativo\/\">clique aqui<\/a>.<\/p>\n<p>A \u00c1gora no mundo acad\u00eamico, <a href=\"http:\/\/agoratheory.com\/academico\/\">clique aqui<\/a>.<\/p>\n<p>Conhe\u00e7a a pesquisa com 42 mil pessoas que deu origem \u00e0 \u00c1gora, <a href=\"http:\/\/agoratheory.com\/case\/\">clique aqui<\/a>.<\/p>\n<p>Veja tamb\u00e9m sobre como criar o sistema de \u00c1goras, <a href=\"http:\/\/agoratheory.com\/como-funciona\/\">clique aqui<\/a>.<\/p>\n<p>&nbsp;<\/p>\n<p>&nbsp;<\/p>\n","protected":false},"excerpt":{"rendered":"<p>Nascido no interior do estado do Rio de Janeiro &#8211; Brasil, em 1976, o professor e pesquisador Leonardo Viana \u00e9 [&hellip;]<\/p>\n","protected":false},"author":1,"featured_media":0,"parent":0,"menu_order":0,"comment_status":"closed","ping_status":"closed","template":"","meta":{"footnotes":""},"class_list":["post-30","page","type-page","status-publish","hentry"],"_links":{"self":[{"href":"https:\/\/agoratheory.com\/pt\/wp-json\/wp\/v2\/pages\/30","targetHints":{"allow":["GET"]}}],"collection":[{"href":"https:\/\/agoratheory.com\/pt\/wp-json\/wp\/v2\/pages"}],"about":[{"href":"https:\/\/agoratheory.com\/pt\/wp-json\/wp\/v2\/types\/page"}],"author":[{"embeddable":true,"href":"https:\/\/agoratheory.com\/pt\/wp-json\/wp\/v2\/users\/1"}],"replies":[{"embeddable":true,"href":"https:\/\/agoratheory.com\/pt\/wp-json\/wp\/v2\/comments?post=30"}],"version-history":[{"count":27,"href":"https:\/\/agoratheory.com\/pt\/wp-json\/wp\/v2\/pages\/30\/revisions"}],"predecessor-version":[{"id":1402,"href":"https:\/\/agoratheory.com\/pt\/wp-json\/wp\/v2\/pages\/30\/revisions\/1402"}],"wp:attachment":[{"href":"https:\/\/agoratheory.com\/pt\/wp-json\/wp\/v2\/media?parent=30"}],"curies":[{"name":"wp","href":"https:\/\/api.w.org\/{rel}","templated":true}]}}