{"id":28,"date":"2020-10-08T13:44:45","date_gmt":"2020-10-08T16:44:45","guid":{"rendered":"http:\/\/agoratheory.com\/?page_id=28"},"modified":"2020-10-08T13:44:45","modified_gmt":"2020-10-08T16:44:45","slug":"agora-theory","status":"publish","type":"page","link":"https:\/\/agoratheory.com\/pt\/agora-theory\/","title":{"rendered":"\u00c1gora theory"},"content":{"rendered":"<p>\u00c1gora Theory n\u00e3o \u00e9 somente uma iniciativa de pesquisa mas tamb\u00e9m uma metodologia que visa compreender um aspecto por vezes negligenciados em pesquisa com pessoas o que elas pensam. Os formul\u00e1rios socio economicos trazem apenas fundamentos materias e regionais sobre um tema com<\/p>\n<p>Este conceito come\u00e7ou a ter status de metodogogia cinet\u00edfica em mar\u00e7o de 2020 quando o ent\u00e3o o professor Leonardo Viana cria e defende uma tese doutoral com este tema desenvolvendo a pesquisa com mais de 42 mil pessoas criando. Baseada na teoria das representa\u00e7\u00f5es sociais e aprimorando metodos para que fosse possivel an\u00e1lise de imagens mentais em grande escala.<\/p>\n<p>Esta metodologia cient\u00edfica busca atrav\u00e9s<\/p>\n","protected":false},"excerpt":{"rendered":"<p>\u00c1gora Theory n\u00e3o \u00e9 somente uma iniciativa de pesquisa mas tamb\u00e9m uma metodologia que visa compreender um aspecto por vezes [&hellip;]<\/p>\n","protected":false},"author":1,"featured_media":0,"parent":0,"menu_order":0,"comment_status":"closed","ping_status":"closed","template":"","meta":{"footnotes":""},"class_list":["post-28","page","type-page","status-publish","hentry"],"_links":{"self":[{"href":"https:\/\/agoratheory.com\/pt\/wp-json\/wp\/v2\/pages\/28","targetHints":{"allow":["GET"]}}],"collection":[{"href":"https:\/\/agoratheory.com\/pt\/wp-json\/wp\/v2\/pages"}],"about":[{"href":"https:\/\/agoratheory.com\/pt\/wp-json\/wp\/v2\/types\/page"}],"author":[{"embeddable":true,"href":"https:\/\/agoratheory.com\/pt\/wp-json\/wp\/v2\/users\/1"}],"replies":[{"embeddable":true,"href":"https:\/\/agoratheory.com\/pt\/wp-json\/wp\/v2\/comments?post=28"}],"version-history":[{"count":1,"href":"https:\/\/agoratheory.com\/pt\/wp-json\/wp\/v2\/pages\/28\/revisions"}],"predecessor-version":[{"id":29,"href":"https:\/\/agoratheory.com\/pt\/wp-json\/wp\/v2\/pages\/28\/revisions\/29"}],"wp:attachment":[{"href":"https:\/\/agoratheory.com\/pt\/wp-json\/wp\/v2\/media?parent=28"}],"curies":[{"name":"wp","href":"https:\/\/api.w.org\/{rel}","templated":true}]}}