{"id":1613,"date":"2023-12-08T22:59:51","date_gmt":"2023-12-09T01:59:51","guid":{"rendered":"https:\/\/agoratheory.com\/pt\/?page_id=1613"},"modified":"2023-12-08T23:42:35","modified_gmt":"2023-12-09T02:42:35","slug":"user-experience-ux","status":"publish","type":"page","link":"https:\/\/agoratheory.com\/pt\/user-experience-ux\/","title":{"rendered":"User Experience (UX)"},"content":{"rendered":"<p><strong>Transforme a Experi\u00eancia do Seu Cliente com a Consultoria de UX da \u00c1gora Theory<\/strong><\/p>\n<p>No competitivo mercado atual, a experi\u00eancia do usu\u00e1rio (UX) \u00e9 a chave para conquistar e reter clientes. Na \u00c1gora Theory, somos especialistas em criar jornadas de cliente que n\u00e3o apenas satisfazem, mas encantam e fidelizam. Nossa consultoria de UX \u00e9 meticulosamente adaptada para atender \u00e0s necessidades espec\u00edficas do seu neg\u00f3cio e do seu p\u00fablico-alvo.<\/p>\n<p>Compreendemos que cada ponto de intera\u00e7\u00e3o \u00e9 uma oportunidade para fortalecer a rela\u00e7\u00e3o com seus clientes. Por isso, nossa equipe de consultores de UX emprega as mais recentes t\u00e9cnicas e ferramentas para desenhar experi\u00eancias de usu\u00e1rio que s\u00e3o intuitivas, envolventes e eficazes.<\/p>\n<p>Nossa abordagem come\u00e7a com uma profunda compreens\u00e3o do seu cliente e do mercado. Analisamos cada aspecto da jornada do cliente para identificar pontos de melhoria e inova\u00e7\u00e3o. Em seguida, implementamos solu\u00e7\u00f5es de design de UX que n\u00e3o apenas resolvem problemas, mas tamb\u00e9m criam experi\u00eancias memor\u00e1veis e positivas.<\/p>\n<p>Com a \u00c1gora Theory, voc\u00ea n\u00e3o est\u00e1 apenas melhorando a usabilidade do seu produto ou servi\u00e7o; voc\u00ea est\u00e1 investindo em uma conex\u00e3o mais profunda e duradoura com seus clientes. Nossa consultoria de UX \u00e9 o caminho para um engajamento mais significativo, maior satisfa\u00e7\u00e3o do cliente e, consequentemente, maior sucesso para o seu neg\u00f3cio.<\/p>\n<p>Entre em contato conosco hoje na \u00c1gora Theory para descobrir como podemos ajudar a transformar a experi\u00eancia do seu cliente e impulsionar o crescimento do seu neg\u00f3cio atrav\u00e9s de solu\u00e7\u00f5es de UX inovadoras e personalizadas.<\/p>\n","protected":false},"excerpt":{"rendered":"<p>Transforme a Experi\u00eancia do Seu Cliente com a Consultoria de UX da \u00c1gora Theory No competitivo mercado atual, a experi\u00eancia [&hellip;]<\/p>\n","protected":false},"author":3,"featured_media":0,"parent":0,"menu_order":0,"comment_status":"closed","ping_status":"closed","template":"","meta":{"footnotes":""},"class_list":["post-1613","page","type-page","status-publish","hentry"],"_links":{"self":[{"href":"https:\/\/agoratheory.com\/pt\/wp-json\/wp\/v2\/pages\/1613","targetHints":{"allow":["GET"]}}],"collection":[{"href":"https:\/\/agoratheory.com\/pt\/wp-json\/wp\/v2\/pages"}],"about":[{"href":"https:\/\/agoratheory.com\/pt\/wp-json\/wp\/v2\/types\/page"}],"author":[{"embeddable":true,"href":"https:\/\/agoratheory.com\/pt\/wp-json\/wp\/v2\/users\/3"}],"replies":[{"embeddable":true,"href":"https:\/\/agoratheory.com\/pt\/wp-json\/wp\/v2\/comments?post=1613"}],"version-history":[{"count":1,"href":"https:\/\/agoratheory.com\/pt\/wp-json\/wp\/v2\/pages\/1613\/revisions"}],"predecessor-version":[{"id":1634,"href":"https:\/\/agoratheory.com\/pt\/wp-json\/wp\/v2\/pages\/1613\/revisions\/1634"}],"wp:attachment":[{"href":"https:\/\/agoratheory.com\/pt\/wp-json\/wp\/v2\/media?parent=1613"}],"curies":[{"name":"wp","href":"https:\/\/api.w.org\/{rel}","templated":true}]}}