{"id":1600,"date":"2023-12-08T22:56:26","date_gmt":"2023-12-09T01:56:26","guid":{"rendered":"https:\/\/agoratheory.com\/pt\/?page_id=1600"},"modified":"2023-12-08T23:02:01","modified_gmt":"2023-12-09T02:02:01","slug":"produtos-agora-theory","status":"publish","type":"page","link":"https:\/\/agoratheory.com\/pt\/produtos-agora-theory\/","title":{"rendered":"Produtos \u00c1gora Theory"},"content":{"rendered":"<p>Consultoria Digital<\/p>\n<p>Cria\u00e7\u00e3o de Algoritimos<\/p>\n<p>Produtos Digitais e Aplicativos<\/p>\n<p>User Experience (UX)<\/p>\n<p>Custumer Experience (CX)<\/p>\n<p>\u00c1gora System<\/p>\n<p>&nbsp;<\/p>\n","protected":false},"excerpt":{"rendered":"<p>Consultoria Digital Cria\u00e7\u00e3o de Algoritimos Produtos Digitais e Aplicativos User Experience (UX) Custumer Experience (CX) \u00c1gora System &nbsp;<\/p>\n","protected":false},"author":3,"featured_media":0,"parent":0,"menu_order":0,"comment_status":"closed","ping_status":"closed","template":"","meta":{"footnotes":""},"class_list":["post-1600","page","type-page","status-publish","hentry"],"_links":{"self":[{"href":"https:\/\/agoratheory.com\/pt\/wp-json\/wp\/v2\/pages\/1600","targetHints":{"allow":["GET"]}}],"collection":[{"href":"https:\/\/agoratheory.com\/pt\/wp-json\/wp\/v2\/pages"}],"about":[{"href":"https:\/\/agoratheory.com\/pt\/wp-json\/wp\/v2\/types\/page"}],"author":[{"embeddable":true,"href":"https:\/\/agoratheory.com\/pt\/wp-json\/wp\/v2\/users\/3"}],"replies":[{"embeddable":true,"href":"https:\/\/agoratheory.com\/pt\/wp-json\/wp\/v2\/comments?post=1600"}],"version-history":[{"count":1,"href":"https:\/\/agoratheory.com\/pt\/wp-json\/wp\/v2\/pages\/1600\/revisions"}],"predecessor-version":[{"id":1607,"href":"https:\/\/agoratheory.com\/pt\/wp-json\/wp\/v2\/pages\/1600\/revisions\/1607"}],"wp:attachment":[{"href":"https:\/\/agoratheory.com\/pt\/wp-json\/wp\/v2\/media?parent=1600"}],"curies":[{"name":"wp","href":"https:\/\/api.w.org\/{rel}","templated":true}]}}