{"id":1184,"date":"2021-02-07T00:35:55","date_gmt":"2021-02-07T03:35:55","guid":{"rendered":"http:\/\/agoratheory.com\/?page_id=1184"},"modified":"2021-02-07T00:45:21","modified_gmt":"2021-02-07T03:45:21","slug":"mundo-corporativo-e-academico","status":"publish","type":"page","link":"https:\/\/agoratheory.com\/pt\/mundo-corporativo-e-academico\/","title":{"rendered":"Mundo corporativo e acad\u00eamico"},"content":{"rendered":"<p><strong>Mundo corporativo<\/strong> <br \/><br \/>A \u00c1gora, enquanto metodologia de agrupamento de pessoas pela ideologia, tem o potencial de auxiliar empresas na pesquisa, defini\u00e7\u00e3o e entendimento de seu p\u00fablico-alvo, entendendo a fundo seus pensamentos e, por consequ\u00eancia, seus comportamentos, gostos, modos de vida etc; sendo isso decisivo para o incremento de vendas, recomenda\u00e7\u00e3o de marca, repercuss\u00e3o entre os amigos, entre os amigos de seus amigos &#8230; Enfim, essa compreens\u00e3o do p\u00fablico-alvo vale ouro no mundo do Marketing, facilitando, por exemplo, o trabalho de profissionais de UX (experi\u00eancia do usu\u00e1rio), que se dedicam a tra\u00e7ar estrat\u00e9gias de melhor aproveitamento do internauta para as empresas, uma vez que buscam proporcionar a melhor experi\u00eancia poss\u00edvel ao seu p\u00fablico no meio digital.<\/p>\r\n<!-- \/wp:paragraph -->\r\n\r\n<!-- wp:paragraph -->\r\n<p>Imagine tamb\u00e9m o qu\u00e3o rico pode ser para o trabalho corporativo da \u00e1rea de Recursos Humanos ter acesso aprofundado ao pensamento de seus colaboradores? Quantas a\u00e7\u00f5es bem focadas podem ser adotadas com verdadeiros ganhos para o clima organizacional e consequente produtividade? Assim como esses, \u00e9 poss\u00edvel elencar outros benef\u00edcios junto ao mundo corporativo pela execu\u00e7\u00e3o da \u00c1gora.<\/p>\r\n<p>&nbsp;<\/p>\r\n<p>&nbsp;<\/p>\r\n<p><strong>Mundo acad\u00eamico<\/strong> A teoria da \u00c1gora pode servir a <a>professores, pesquisadores e estudantes <\/a>das Ci\u00eancias Humanas de diversas \u00e1reas do conhecimento em seus trabalhos acad\u00eamicos. \u00c9 uma verdadeira riqueza poder passear pelo relativo conhecimento do modo de pensar das pessoas e identificar suas raz\u00f5es de ser. Assim como a teoria da \u00c1gora pode transformar a pr\u00e1tica, esta tamb\u00e9m pode operar transforma\u00e7\u00f5es em teorias, numa empolgante sinergia entre ambas. Viva a Ci\u00eancia!<\/p>\r\n<!-- \/wp:paragraph -->\r\n<p>&nbsp;<\/p>\r\n<!-- wp:paragraph -->\r\n<p>Veja um caso de aplica\u00e7\u00e3o pr\u00e1tica, <a href=\"http:\/\/agoratheory.com\/case\/\">clique aqui<\/a>.<\/p>\r\n<!-- \/wp:paragraph -->\r\n\r\n<!-- wp:paragraph -->\r\n<p>Saiba como usar a \u00c1gora, <a href=\"http:\/\/agoratheory.com\/como-funciona\/\">clique aqui.<\/a><\/p>\r\n<p>A \u00c1gora no mundo corporativo, <a href=\"http:\/\/agoratheory.com\/mercado-corporativo\/\">clique aqui<\/a>.<\/p>\r\n<p>A \u00c1gora no mundo acad\u00eamico, <a href=\"http:\/\/agoratheory.com\/academico\/\">clique aqui<\/a>.<\/p>\r\n<p>Conhe\u00e7a a pesquisa com 42 mil pessoas que deu origem a \u00c1gora, <a href=\"http:\/\/agoratheory.com\/case\/\">clique aqui<\/a>.<\/p>\r\n<p>A Tese que deu origem ao Sistema de \u00c1goras, <a href=\"http:\/\/agoratheory.com\/a-tese\/\">clique aqui<\/a>. \u00a0<\/p>","protected":false},"excerpt":{"rendered":"<p>Mundo corporativo A \u00c1gora, enquanto metodologia de agrupamento de pessoas pela ideologia, tem o potencial de auxiliar empresas na pesquisa, [&hellip;]<\/p>\n","protected":false},"author":2,"featured_media":0,"parent":0,"menu_order":0,"comment_status":"closed","ping_status":"closed","template":"","meta":{"footnotes":""},"class_list":["post-1184","page","type-page","status-publish","hentry"],"_links":{"self":[{"href":"https:\/\/agoratheory.com\/pt\/wp-json\/wp\/v2\/pages\/1184","targetHints":{"allow":["GET"]}}],"collection":[{"href":"https:\/\/agoratheory.com\/pt\/wp-json\/wp\/v2\/pages"}],"about":[{"href":"https:\/\/agoratheory.com\/pt\/wp-json\/wp\/v2\/types\/page"}],"author":[{"embeddable":true,"href":"https:\/\/agoratheory.com\/pt\/wp-json\/wp\/v2\/users\/2"}],"replies":[{"embeddable":true,"href":"https:\/\/agoratheory.com\/pt\/wp-json\/wp\/v2\/comments?post=1184"}],"version-history":[{"count":5,"href":"https:\/\/agoratheory.com\/pt\/wp-json\/wp\/v2\/pages\/1184\/revisions"}],"predecessor-version":[{"id":1191,"href":"https:\/\/agoratheory.com\/pt\/wp-json\/wp\/v2\/pages\/1184\/revisions\/1191"}],"wp:attachment":[{"href":"https:\/\/agoratheory.com\/pt\/wp-json\/wp\/v2\/media?parent=1184"}],"curies":[{"name":"wp","href":"https:\/\/api.w.org\/{rel}","templated":true}]}}