{"id":1172,"date":"2021-02-07T00:11:06","date_gmt":"2021-02-07T03:11:06","guid":{"rendered":"http:\/\/agoratheory.com\/?page_id=1172"},"modified":"2021-03-15T11:16:47","modified_gmt":"2021-03-15T14:16:47","slug":"agoratech","status":"publish","type":"page","link":"https:\/\/agoratheory.com\/pt\/agoratech\/","title":{"rendered":"\u00c1goraTech"},"content":{"rendered":"<p>O \u00c1goraTech \u00e9 um sistema altamente inovador, leitor e compilador de dados, sendo o \u00fanico no mundo que permite agrupar pessoas por n\u00edveis de pensamentos semelhantes (as \u00e1goras). A cria\u00e7\u00e3o da teoria da \u00c1gora se deu no processo de elabora\u00e7\u00e3o da <a href=\"http:\/\/agoratheory.com\/a-tese\/\">Tese de Doutorado<\/a> do Prof. <a href=\"http:\/\/agoratheory.com\/leonardo-viana\/\">Leonardo Viana<\/a>. Foram 42 mil pessoas pesquisadas no estudo! <a href=\"http:\/\/agoratheory.com\/case\/\">(Veja como foi)<\/a><\/p>\n<p>Diante do grande volume de participantes, foi necess\u00e1rio criar um sistema que desse conta de tanta informa\u00e7\u00e3o, mas que, principalmente, fosse capaz de apontar as \u00e1goras, ou seja, os grupos de pessoas pertencentes \u00e0s mesmas ideias sobre um dado assunto. Surgiu, assim, o \u00c1goraTech!<\/p>\n<p>Acesse <a href=\"http:\/\/agoratheory.com\/como-funciona\/\">aqui<\/a> o sistema e veja como funciona.<\/p>\n<p>&nbsp;<\/p>\n","protected":false},"excerpt":{"rendered":"<p>O \u00c1goraTech \u00e9 um sistema altamente inovador, leitor e compilador de dados, sendo o \u00fanico no mundo que permite agrupar [&hellip;]<\/p>\n","protected":false},"author":2,"featured_media":0,"parent":0,"menu_order":0,"comment_status":"closed","ping_status":"closed","template":"","meta":{"footnotes":""},"class_list":["post-1172","page","type-page","status-publish","hentry"],"_links":{"self":[{"href":"https:\/\/agoratheory.com\/pt\/wp-json\/wp\/v2\/pages\/1172","targetHints":{"allow":["GET"]}}],"collection":[{"href":"https:\/\/agoratheory.com\/pt\/wp-json\/wp\/v2\/pages"}],"about":[{"href":"https:\/\/agoratheory.com\/pt\/wp-json\/wp\/v2\/types\/page"}],"author":[{"embeddable":true,"href":"https:\/\/agoratheory.com\/pt\/wp-json\/wp\/v2\/users\/2"}],"replies":[{"embeddable":true,"href":"https:\/\/agoratheory.com\/pt\/wp-json\/wp\/v2\/comments?post=1172"}],"version-history":[{"count":7,"href":"https:\/\/agoratheory.com\/pt\/wp-json\/wp\/v2\/pages\/1172\/revisions"}],"predecessor-version":[{"id":1357,"href":"https:\/\/agoratheory.com\/pt\/wp-json\/wp\/v2\/pages\/1172\/revisions\/1357"}],"wp:attachment":[{"href":"https:\/\/agoratheory.com\/pt\/wp-json\/wp\/v2\/media?parent=1172"}],"curies":[{"name":"wp","href":"https:\/\/api.w.org\/{rel}","templated":true}]}}