{"id":1096,"date":"2020-12-30T01:22:04","date_gmt":"2020-12-30T04:22:04","guid":{"rendered":"http:\/\/agoratheory.com\/?page_id=1096"},"modified":"2021-02-11T21:56:28","modified_gmt":"2021-02-12T00:56:28","slug":"agradecimentos","status":"publish","type":"page","link":"https:\/\/agoratheory.com\/pt\/agradecimentos\/","title":{"rendered":"Agradecimentos"},"content":{"rendered":"<p>Isaac Newton, pai da f\u00edsica moderna, disse que estava sobre ombros de gigantes ao se referir aos cientistas anteriores que haviam passado pela terra antes dele e que o fizeram enxergar al\u00e9m.<\/p>\n<p>Neste sentido agrade\u00e7o n\u00e3o s\u00f3 aos gigantes que est\u00e3o por tr\u00e1s da teoria das \u00c1goras, mas tamb\u00e9m \u00e0queles que de um modo direto ou indiretamente nos ajudaram a enxergar um pouco mais alto:<\/p>\n<p>Ao meu mestre Milton N. Campos, professor da <a href=\"https:\/\/com.umontreal.ca\/repertoire-departement\/professeurs\/professeur\/in\/in13898\/sg\/Milton%20Campos\/\" target=\"_blank\" rel=\"noopener\">Universidade de Montreal<\/a> no Canad\u00e1 e da <a href=\"http:\/\/pos.eicos.psicologia.ufrj.br\/pt\/home\/corpo-docente\/milton-nunes-campos\/\" target=\"_blank\" rel=\"noopener\">UFRJ<\/a> no Brasil, que sempre foi mais que um orientador. Sua capacidade e intelig\u00eancia me inspiram a ser melhor como ser humano e como profissional. Ele \u00e9 daquelas pessoas que n\u00e3o exercem uma profiss\u00e3o e, sim, vivem uma voca\u00e7\u00e3o brilhante. Obrigado por guiar este trabalho e o meu doutorado. Sua intelig\u00eancia mostra uma faceta que s\u00f3 um verdadeiro s\u00e1bio pode ter: a humanidade. Muito, muito obrigado.<\/p>\n<div id=\"attachment_1103\" style=\"width: 310px\"  class=\"wp-caption alignnone\"><img loading=\"lazy\" decoding=\"async\" class=\"wp-image-1103 size-medium\" src=\"http:\/\/agoratheory.com\/wp-content\/uploads\/2020\/12\/miltoncampos-300x259.jpg\" alt=\"\" width=\"300\" height=\"259\" srcset=\"https:\/\/agoratheory.com\/wp-content\/uploads\/2020\/12\/miltoncampos-300x259.jpg 300w, https:\/\/agoratheory.com\/wp-content\/uploads\/2020\/12\/miltoncampos.jpg 421w\" sizes=\"auto, (max-width: 300px) 100vw, 300px\" \/><p class=\"wp-caption-text\">Milton N. Campos<\/p><\/div>\n<p>A professora <a href=\"https:\/\/www.uab.cat\/web\/postgrado\/doctorados\/todos-los-doctorados\/informacion-general\/psicologia-de-la-educacion-1345467765424.html?param2=1345674110857\" target=\"_blank\" rel=\"noopener\">Ibis M.A. Valv\u00eddia<\/a>, da <a href=\"https:\/\/www.uab.cat\/web\/postgrado\/doctorados\/todos-los-doctorados\/informacion-general\/psicologia-de-la-educacion-1345467765424.html?param2=1345674110857\" target=\"_blank\" rel=\"noopener\">Universidade Aut\u00f4noma de Barcelona<\/a>, na Espanha, que me acolheu durante o meu processo de doutorado e foi uma grande mestra, n\u00e3o s\u00f3 pelo seu exemplo de vida mas tamb\u00e9m pela sua forma gentil e generosa de passar conhecimento. Aprendi muito mais que um livro pode ensinar, n\u00e3o s\u00f3 teoria mas a pr\u00e1tica da import\u00e2ncia de ser um professor.<\/p>\n<div id=\"attachment_1104\" style=\"width: 310px\"  class=\"wp-caption alignnone\"><img loading=\"lazy\" decoding=\"async\" class=\"wp-image-1104 size-medium\" src=\"http:\/\/agoratheory.com\/wp-content\/uploads\/2020\/12\/ibis-300x297.jpg\" alt=\"\" width=\"300\" height=\"297\" srcset=\"https:\/\/agoratheory.com\/wp-content\/uploads\/2020\/12\/ibis-300x297.jpg 300w, https:\/\/agoratheory.com\/wp-content\/uploads\/2020\/12\/ibis-150x150.jpg 150w, https:\/\/agoratheory.com\/wp-content\/uploads\/2020\/12\/ibis-100x100.jpg 100w, https:\/\/agoratheory.com\/wp-content\/uploads\/2020\/12\/ibis.jpg 422w\" sizes=\"auto, (max-width: 300px) 100vw, 300px\" \/><p class=\"wp-caption-text\">Ibis A. M. Valv\u00eddia<\/p><\/div>\n<p>&nbsp;<\/p>\n<p>A <a href=\"https:\/\/www.linkedin.com\/in\/frederico-viana-77665020\/\" target=\"_blank\" rel=\"noopener\">Fred Viana<\/a>, meu irm\u00e3o, que \u00e9 um dos grandes profissionais de Arquitetura da Computa\u00e7\u00e3o. Com seu talento \u00fanico, intelig\u00eancia, critica e suas fant\u00e1sticas ajudas MUITO contribu\u00edram no projeto das \u00c1goras. Com todo o carinho meu muito obrigado pela sua amizade e companheirismo.<\/p>\n<div id=\"attachment_1333\" style=\"width: 310px\"  class=\"wp-caption alignnone\"><img loading=\"lazy\" decoding=\"async\" class=\"wp-image-1333 size-medium\" src=\"http:\/\/agoratheory.com\/wp-content\/uploads\/2021\/02\/fredericoviana-300x298.jpeg\" alt=\"\" width=\"300\" height=\"298\" srcset=\"https:\/\/agoratheory.com\/wp-content\/uploads\/2021\/02\/fredericoviana-300x298.jpeg 300w, https:\/\/agoratheory.com\/wp-content\/uploads\/2021\/02\/fredericoviana-1024x1018.jpeg 1024w, https:\/\/agoratheory.com\/wp-content\/uploads\/2021\/02\/fredericoviana-150x150.jpeg 150w, https:\/\/agoratheory.com\/wp-content\/uploads\/2021\/02\/fredericoviana-768x764.jpeg 768w, https:\/\/agoratheory.com\/wp-content\/uploads\/2021\/02\/fredericoviana-600x597.jpeg 600w, https:\/\/agoratheory.com\/wp-content\/uploads\/2021\/02\/fredericoviana-100x100.jpeg 100w, https:\/\/agoratheory.com\/wp-content\/uploads\/2021\/02\/fredericoviana.jpeg 1080w\" sizes=\"auto, (max-width: 300px) 100vw, 300px\" \/><p class=\"wp-caption-text\">Fred Viana<\/p><\/div>\n<p>&nbsp;<\/p>\n<p>Para al\u00e9m das ci\u00eancias humanas, n\u00e3o poderia deixar de agradecer a outros ombros de diversas ci\u00eancias que muito me inspiraram nesta pesquisa: com imagina\u00e7\u00e3o profunda e revolucion\u00e1ria \u2013 Albert Einstein; com amor pelo conhecimento e divulga\u00e7\u00e3o cient\u00edfica \u2013 Faraday e Carl Sagan; e com observa\u00e7\u00e3o refinada \u2013 Darwin. Mais contribui\u00e7\u00f5es maravilhosas: a casca de n\u00f3s de Hawking; a heresia de Galileu; a intelig\u00eancia de Newton, Maxwell, Tesla e Feynman; a inovadora Marie Curie e a todos os cientistas e professores que dedicaram suas vidas ao conhecimento.<\/p>\n<p>Muito obrigado!<\/p>\n<p><a href=\"http:\/\/agoratheory.com\/leonardo-viana\/\">Leonardo Viana<\/a><\/p>\n","protected":false},"excerpt":{"rendered":"<p>Isaac Newton, pai da f\u00edsica moderna, disse que estava sobre ombros de gigantes ao se referir aos cientistas anteriores que [&hellip;]<\/p>\n","protected":false},"author":1,"featured_media":0,"parent":0,"menu_order":0,"comment_status":"closed","ping_status":"closed","template":"","meta":{"footnotes":""},"class_list":["post-1096","page","type-page","status-publish","hentry"],"_links":{"self":[{"href":"https:\/\/agoratheory.com\/pt\/wp-json\/wp\/v2\/pages\/1096","targetHints":{"allow":["GET"]}}],"collection":[{"href":"https:\/\/agoratheory.com\/pt\/wp-json\/wp\/v2\/pages"}],"about":[{"href":"https:\/\/agoratheory.com\/pt\/wp-json\/wp\/v2\/types\/page"}],"author":[{"embeddable":true,"href":"https:\/\/agoratheory.com\/pt\/wp-json\/wp\/v2\/users\/1"}],"replies":[{"embeddable":true,"href":"https:\/\/agoratheory.com\/pt\/wp-json\/wp\/v2\/comments?post=1096"}],"version-history":[{"count":10,"href":"https:\/\/agoratheory.com\/pt\/wp-json\/wp\/v2\/pages\/1096\/revisions"}],"predecessor-version":[{"id":1334,"href":"https:\/\/agoratheory.com\/pt\/wp-json\/wp\/v2\/pages\/1096\/revisions\/1334"}],"wp:attachment":[{"href":"https:\/\/agoratheory.com\/pt\/wp-json\/wp\/v2\/media?parent=1096"}],"curies":[{"name":"wp","href":"https:\/\/api.w.org\/{rel}","templated":true}]}}