{"id":1079,"date":"2020-12-30T00:03:09","date_gmt":"2020-12-30T03:03:09","guid":{"rendered":"http:\/\/agoratheory.com\/?page_id=1079"},"modified":"2021-03-15T10:52:12","modified_gmt":"2021-03-15T13:52:12","slug":"como-funciona","status":"publish","type":"page","link":"https:\/\/agoratheory.com\/pt\/como-funciona\/","title":{"rendered":"Como Funciona"},"content":{"rendered":"<p><strong>Como funciona o \u00c1goraTech? Siga os passos:<\/strong><\/p>\n<p>1\u00ba passo (obrigat\u00f3rio): Antes de lan\u00e7ar m\u00e3o do sistema \u00c1goraTech, primeiramente, \u00e9 necess\u00e1rio fazer uma pesquisa utilizando-se a <a href=\"http:\/\/agoratheory.com\/evocacao-de-palavras\/\">t\u00e9cnica de evoca\u00e7\u00e3o<\/a>, em que o participante precisa mencionar um n\u00famero X de palavras que lhe vem \u00e0 mente sobre algum assunto.<\/p>\n<p>2\u00ba passo: Se quiser e for importante para a pesquisa, a exemplo do autor da \u00c1gora, pode ser solicitado ainda ao respondente que mencione n\u00famero X de palavras que ele acha que os outros acham sobre o assunto (tamb\u00e9m t\u00e9cnica de evoca\u00e7\u00e3o). Mas esse passo n\u00e3o \u00e9 obrigat\u00f3rio para utiliza\u00e7\u00e3o do sistema.<\/p>\n<p>3\u00ba passo: Se desejar, \u00e9 poss\u00edvel ainda fazer perguntas de outra ordem, ou seja, n\u00e3o diretamente relacionadas ao tema em quest\u00e3o, como faixa et\u00e1ria, moradia, n\u00edvel socioecon\u00f4mico etc. Isso leva mais riqueza \u00e0 pesquisa, uma vez que o \u00c1goraTech \u00e9 capaz de cruzar os dados obtidos pela t\u00e9cnica da evoca\u00e7\u00e3o com os dados de outra forma de coleta. Mas esse passo tamb\u00e9m n\u00e3o \u00e9 obrigat\u00f3rio.<\/p>\n<p>4\u00ba passo (obrigat\u00f3rio): Em seguida, os dados (evocados ou evocados + n\u00e3o evocados) devem ser importados para o sistema, que ir\u00e1 gerar os resultados.<\/p>\n<p><strong>Vamos a exemplo baseado no case de utiliza\u00e7\u00e3o do sistema:<\/strong><\/p>\n<p>Os participantes da pesquisa deviam mencionar cinco palavras sobre a Educa\u00e7\u00e3o a Dist\u00e2ncia (EAD). Deste modo, os resultados obtidos variaram do n\u00edvel 1 ao 5, em que 1 foi o n\u00edvel mais abrangente de pensamentos semelhantes (menos afinidades) e o n\u00edvel 5, o mais espec\u00edfico (mais afinidades).<\/p>\n<p>Determinadas \u00e1goras foram formadas pela afinidade das seguintes palavras:<\/p>\n<p><u>Desconfian\u00e7a<\/u><\/p>\n<p>A palavra desconfian\u00e7a formou uma \u00e1gora de n\u00edvel 1, isto \u00e9, menos afinidades entre as pessoas pela men\u00e7\u00e3o de uma s\u00f3 palavra em comum para julgar o tema da EAD. Esta \u00e1gora foi formada por pessoas que acham que o outro considera o ensino a dist\u00e2ncia com desconfian\u00e7a (alter).<\/p>\n<p><u>Disciplina, organiza\u00e7\u00e3o, motiva\u00e7\u00e3o, proatividade e autonomia<\/u><\/p>\n<p>Estas palavras formaram uma \u00e1gora de n\u00edvel 5, isto \u00e9, mais afinidades entre as pessoas pela men\u00e7\u00e3o de 5 palavras em comum para julgar o tema da EAD. Esta \u00e1gora foi formada por pessoas que t\u00eam estas palavras como representantes de sua pr\u00f3pria opini\u00e3o (ego).<\/p>\n<p>Como detalhado no passo a passo acima, pelo \u00c1goraTech, \u00e9 poss\u00edvel extrair tamb\u00e9m informa\u00e7\u00f5es preciosas pelo cruzamento das \u00e1goras (agrupamento de pessoas ideologicamente) com dados como g\u00eanero, faixa et\u00e1ria, localiza\u00e7\u00e3o, modos de vida etc das pessoas que comp\u00f5em tais grupos.<\/p>\n<p>Da \u00e1gora de n\u00edvel 1 originada pela palavra <u>desconfian\u00e7a<\/u> que mostramos aqui no exemplo, um dos resultados cruzados foi o seguinte:<\/p>\n<p>\u00c9 uma \u00e1gora fortemente composta por homens, majoritariamente, acima de 38 anos de idade, que acreditam que o outro enxerga a EAD com desconfian\u00e7a.<br \/>\n(Cruzamento desta \u00e1gora com informa\u00e7\u00f5es de g\u00eanero e faixa et\u00e1ria)<\/p>\n<p>J\u00e1 da \u00e1gora de n\u00edvel 5 originada pelas palavras <u>disciplina, organiza\u00e7\u00e3o, motiva\u00e7\u00e3o, proatividade e autonomia<\/u>, apareceu a seguinte correla\u00e7\u00e3o de dados:<\/p>\n<p>\u00c9 uma \u00e1gora, na maior parte, formada por homens da cidade de Maca\u00e9 e interior do estado do Rio de Janeiro, que t\u00eam em comum essas palavras como suas pr\u00f3prias opini\u00f5es sobre a EAD. (Cruzamento desta \u00e1gora com informa\u00e7\u00f5es de g\u00eanero e localiza\u00e7\u00e3o)<\/p>\n<p>Acesse <a href=\"http:\/\/agoratheory.com\/como-funciona\/\">aqui<\/a> o sistema \u00c1goraTech<\/p>\n<p>&nbsp;<\/p>\n<p>&nbsp;<\/p>\n<p><strong>Leia mais\u00a0<\/strong><\/p>\n<p>Sobre a Tese que deu origem ao Sistema de \u00c1goras, <a href=\"http:\/\/agoratheory.com\/a-tese\/\">clique aqui<\/a>.<\/p>\n<p>A \u00c1gora no Mercado corporativo, <a href=\"http:\/\/agoratheory.com\/mercado-corporativo\/\">clique aqui<\/a>.<\/p>\n<p>A \u00c1gora no mundo acad\u00eamico, <a href=\"http:\/\/agoratheory.com\/academico\/\">clique aqui<\/a>.<\/p>\n<p>Conhe\u00e7a a pesquisa com 42 mil pessoas que deu origem a \u00c1gora, <a href=\"http:\/\/agoratheory.com\/case\/\">clique aqui<\/a>.<\/p>\n<p>Veja tamb\u00e9m sobre como criar o sistema de \u00c1goras, <a href=\"http:\/\/agoratheory.com\/como-funciona\/\">clique aqui<\/a>.<\/p>\n<p>&nbsp;<\/p>\n","protected":false},"excerpt":{"rendered":"<p>Como funciona o \u00c1goraTech? Siga os passos: 1\u00ba passo (obrigat\u00f3rio): Antes de lan\u00e7ar m\u00e3o do sistema \u00c1goraTech, primeiramente, \u00e9 necess\u00e1rio [&hellip;]<\/p>\n","protected":false},"author":1,"featured_media":0,"parent":0,"menu_order":0,"comment_status":"closed","ping_status":"closed","template":"","meta":{"footnotes":""},"class_list":["post-1079","page","type-page","status-publish","hentry"],"_links":{"self":[{"href":"https:\/\/agoratheory.com\/pt\/wp-json\/wp\/v2\/pages\/1079","targetHints":{"allow":["GET"]}}],"collection":[{"href":"https:\/\/agoratheory.com\/pt\/wp-json\/wp\/v2\/pages"}],"about":[{"href":"https:\/\/agoratheory.com\/pt\/wp-json\/wp\/v2\/types\/page"}],"author":[{"embeddable":true,"href":"https:\/\/agoratheory.com\/pt\/wp-json\/wp\/v2\/users\/1"}],"replies":[{"embeddable":true,"href":"https:\/\/agoratheory.com\/pt\/wp-json\/wp\/v2\/comments?post=1079"}],"version-history":[{"count":11,"href":"https:\/\/agoratheory.com\/pt\/wp-json\/wp\/v2\/pages\/1079\/revisions"}],"predecessor-version":[{"id":1353,"href":"https:\/\/agoratheory.com\/pt\/wp-json\/wp\/v2\/pages\/1079\/revisions\/1353"}],"wp:attachment":[{"href":"https:\/\/agoratheory.com\/pt\/wp-json\/wp\/v2\/media?parent=1079"}],"curies":[{"name":"wp","href":"https:\/\/api.w.org\/{rel}","templated":true}]}}