{"id":1059,"date":"2020-12-29T23:32:49","date_gmt":"2020-12-30T02:32:49","guid":{"rendered":"http:\/\/agoratheory.com\/?page_id=1059"},"modified":"2021-02-23T08:53:31","modified_gmt":"2021-02-23T11:53:31","slug":"cederj","status":"publish","type":"page","link":"https:\/\/agoratheory.com\/pt\/cederj\/","title":{"rendered":"Cederj"},"content":{"rendered":"<p>O Centro de Educa\u00e7\u00e3o Superior a Dist\u00e2ncia do Estado do Rio de Janeiro (Cederj) \u00e9 respons\u00e1vel pela gest\u00e3o administrativa e acad\u00eamica dos cursos de gradua\u00e7\u00e3o na modalidade semipresencial oferecidos pelas institui\u00e7\u00f5es p\u00fablicas de ensino superior do estado do RJ: UERJ, UENF, UFF, UFRJ, UFRRJ, UNIRIO e CEFET\/RJ. O Cederj tem 35 polos espalhados por todas as regi\u00f5es do estado, onde os alunos encontram a refer\u00eancia f\u00edsica da universidade no munic\u00edpio em que escolheu estudar, podendo frequentar tutorias, bibliotecas, laborat\u00f3rios etc.<\/p>\n<p>As gradua\u00e7\u00f5es s\u00e3o Administra\u00e7\u00e3o, Administra\u00e7\u00e3o P\u00fablica, Ci\u00eancias Cont\u00e1beis, Engenharia de Produ\u00e7\u00e3o, Engenharia Meteorol\u00f3gica, Licenciatura em Ci\u00eancias Biol\u00f3gicas, Licenciatura em F\u00edsica, Licenciatura em Geografia, Licenciatura em Hist\u00f3ria, Licenciatura em Letras, Licenciatura em Matem\u00e1tica, Licenciatura em Pedagogia, Licenciatura em Qu\u00edmica, Licenciatura em Turismo, Licenciatura em Seguran\u00e7a P\u00fablica, Tecnologia em Sistemas de Computa\u00e7\u00e3o, Tecnologia em Turismo e Biblioteconomia. As formas de ingresso s\u00e3o por meio de vestibular ou pela nota do Enem.<\/p>\n<p>Refer\u00eancia: <a href=\"http:\/\/cederj.edu.br\/\" target=\"_blank\" rel=\"noopener\">http:\/\/cederj.edu.br\/<\/a><\/p>\n<p>&nbsp;<\/p>\n","protected":false},"excerpt":{"rendered":"<p>O Centro de Educa\u00e7\u00e3o Superior a Dist\u00e2ncia do Estado do Rio de Janeiro (Cederj) \u00e9 respons\u00e1vel pela gest\u00e3o administrativa e [&hellip;]<\/p>\n","protected":false},"author":1,"featured_media":0,"parent":0,"menu_order":0,"comment_status":"closed","ping_status":"closed","template":"","meta":{"footnotes":""},"class_list":["post-1059","page","type-page","status-publish","hentry"],"_links":{"self":[{"href":"https:\/\/agoratheory.com\/pt\/wp-json\/wp\/v2\/pages\/1059","targetHints":{"allow":["GET"]}}],"collection":[{"href":"https:\/\/agoratheory.com\/pt\/wp-json\/wp\/v2\/pages"}],"about":[{"href":"https:\/\/agoratheory.com\/pt\/wp-json\/wp\/v2\/types\/page"}],"author":[{"embeddable":true,"href":"https:\/\/agoratheory.com\/pt\/wp-json\/wp\/v2\/users\/1"}],"replies":[{"embeddable":true,"href":"https:\/\/agoratheory.com\/pt\/wp-json\/wp\/v2\/comments?post=1059"}],"version-history":[{"count":8,"href":"https:\/\/agoratheory.com\/pt\/wp-json\/wp\/v2\/pages\/1059\/revisions"}],"predecessor-version":[{"id":1337,"href":"https:\/\/agoratheory.com\/pt\/wp-json\/wp\/v2\/pages\/1059\/revisions\/1337"}],"wp:attachment":[{"href":"https:\/\/agoratheory.com\/pt\/wp-json\/wp\/v2\/media?parent=1059"}],"curies":[{"name":"wp","href":"https:\/\/api.w.org\/{rel}","templated":true}]}}