{"id":1056,"date":"2020-12-29T23:31:50","date_gmt":"2020-12-30T02:31:50","guid":{"rendered":"http:\/\/agoratheory.com\/?page_id=1056"},"modified":"2021-02-23T09:08:20","modified_gmt":"2021-02-23T12:08:20","slug":"evocacao-de-palavras","status":"publish","type":"page","link":"https:\/\/agoratheory.com\/pt\/evocacao-de-palavras\/","title":{"rendered":"Evoca\u00e7\u00e3o de palavras"},"content":{"rendered":"<p>O m\u00e9todo da evoca\u00e7\u00e3o de palavras consiste em solicitar ao respondente da pesquisa um pequeno n\u00famero de palavras-est\u00edmulo a partir de uma pergunta, criando-se dados que possam ser trabalhados de forma emp\u00edrica. A t\u00e9cnica consiste em perguntar aos sujeitos quest\u00f5es relativas ao que se quer conhecer em uma pesquisa, supondo que as palavras que surgem em sua mente diante do assunto em pauta &#8211; verbalizadas oralmente ou por escrito &#8211; indiquem suas representa\u00e7\u00f5es a respeito do objeto.<\/p>\n<p>Quer se aprofundar no tema? A hora \u00e9 essa!<\/p>\n<p>Explore mais na p\u00e1gina 96 da Tese de Doutorado de Leonardo Viana, <a href=\"http:\/\/agoratheory.com\/a-tese\/\" target=\"_blank\" rel=\"noopener\">clique aqui<\/a>.<\/p>\n","protected":false},"excerpt":{"rendered":"<p>O m\u00e9todo da evoca\u00e7\u00e3o de palavras consiste em solicitar ao respondente da pesquisa um pequeno n\u00famero de palavras-est\u00edmulo a partir [&hellip;]<\/p>\n","protected":false},"author":1,"featured_media":0,"parent":0,"menu_order":0,"comment_status":"closed","ping_status":"closed","template":"","meta":{"footnotes":""},"class_list":["post-1056","page","type-page","status-publish","hentry"],"_links":{"self":[{"href":"https:\/\/agoratheory.com\/pt\/wp-json\/wp\/v2\/pages\/1056","targetHints":{"allow":["GET"]}}],"collection":[{"href":"https:\/\/agoratheory.com\/pt\/wp-json\/wp\/v2\/pages"}],"about":[{"href":"https:\/\/agoratheory.com\/pt\/wp-json\/wp\/v2\/types\/page"}],"author":[{"embeddable":true,"href":"https:\/\/agoratheory.com\/pt\/wp-json\/wp\/v2\/users\/1"}],"replies":[{"embeddable":true,"href":"https:\/\/agoratheory.com\/pt\/wp-json\/wp\/v2\/comments?post=1056"}],"version-history":[{"count":7,"href":"https:\/\/agoratheory.com\/pt\/wp-json\/wp\/v2\/pages\/1056\/revisions"}],"predecessor-version":[{"id":1339,"href":"https:\/\/agoratheory.com\/pt\/wp-json\/wp\/v2\/pages\/1056\/revisions\/1339"}],"wp:attachment":[{"href":"https:\/\/agoratheory.com\/pt\/wp-json\/wp\/v2\/media?parent=1056"}],"curies":[{"name":"wp","href":"https:\/\/api.w.org\/{rel}","templated":true}]}}