{"id":1053,"date":"2020-12-29T23:24:08","date_gmt":"2020-12-30T02:24:08","guid":{"rendered":"http:\/\/agoratheory.com\/?page_id=1053"},"modified":"2021-02-23T09:38:51","modified_gmt":"2021-02-23T12:38:51","slug":"dialogicidade","status":"publish","type":"page","link":"https:\/\/agoratheory.com\/pt\/dialogicidade\/","title":{"rendered":"Dialogicidade"},"content":{"rendered":"<p>Para melhor se compreender a abordagem psicossociol\u00f3gica que norteia o campo das representa\u00e7\u00f5es sociais, a teoria da dialogicidade da brit\u00e2nica Ivana Markov\u00e1, pesquisadora e professora em\u00e9rita da University of Stirlingnas do Reino Unido, prev\u00ea a exist\u00eancia de um tri\u00e2ngulo entre o eu (ego), o outro (alter) e o objeto. Estes seriam entes insepar\u00e1veis e din\u00e2micos, formadores de uma estrutura b\u00e1sica do conhecimento em sociedade, sendo a mente humana capaz de processar e comunicar o di\u00e1logo entre as tr\u00eas inst\u00e2ncias, criando assim realidades sociais.<\/p>\n<div id=\"attachment_1054\" style=\"width: 489px\"  class=\"wp-caption alignnone\"><img loading=\"lazy\" decoding=\"async\" class=\"wp-image-1054 size-full\" src=\"http:\/\/agoratheory.com\/wp-content\/uploads\/2020\/12\/alter_ego_object.jpg\" alt=\"\" width=\"479\" height=\"354\" srcset=\"https:\/\/agoratheory.com\/wp-content\/uploads\/2020\/12\/alter_ego_object.jpg 479w, https:\/\/agoratheory.com\/wp-content\/uploads\/2020\/12\/alter_ego_object-300x222.jpg 300w\" sizes=\"auto, (max-width: 479px) 100vw, 479px\" \/><p class=\"wp-caption-text\">Figura baseada no livro (2003) de Markov\u00e1 &#8211; \u201cDialogicidade e representa\u00e7\u00f5es sociais\u201d.<\/p><\/div>\n<p>&nbsp;<\/p>\n<p>Quer se aprofundar no tema? A hora \u00e9 essa!<\/p>\n<p>Explore mais na p\u00e1gina 62 da Tese de Doutorado de Leonardo Viana, <a href=\"http:\/\/agoratheory.com\/a-tese\/\">clique aqui<\/a>.<\/p>\n<p>&nbsp;<\/p>\n","protected":false},"excerpt":{"rendered":"<p>Para melhor se compreender a abordagem psicossociol\u00f3gica que norteia o campo das representa\u00e7\u00f5es sociais, a teoria da dialogicidade da brit\u00e2nica [&hellip;]<\/p>\n","protected":false},"author":1,"featured_media":0,"parent":0,"menu_order":0,"comment_status":"closed","ping_status":"closed","template":"","meta":{"footnotes":""},"class_list":["post-1053","page","type-page","status-publish","hentry"],"_links":{"self":[{"href":"https:\/\/agoratheory.com\/pt\/wp-json\/wp\/v2\/pages\/1053","targetHints":{"allow":["GET"]}}],"collection":[{"href":"https:\/\/agoratheory.com\/pt\/wp-json\/wp\/v2\/pages"}],"about":[{"href":"https:\/\/agoratheory.com\/pt\/wp-json\/wp\/v2\/types\/page"}],"author":[{"embeddable":true,"href":"https:\/\/agoratheory.com\/pt\/wp-json\/wp\/v2\/users\/1"}],"replies":[{"embeddable":true,"href":"https:\/\/agoratheory.com\/pt\/wp-json\/wp\/v2\/comments?post=1053"}],"version-history":[{"count":9,"href":"https:\/\/agoratheory.com\/pt\/wp-json\/wp\/v2\/pages\/1053\/revisions"}],"predecessor-version":[{"id":1343,"href":"https:\/\/agoratheory.com\/pt\/wp-json\/wp\/v2\/pages\/1053\/revisions\/1343"}],"wp:attachment":[{"href":"https:\/\/agoratheory.com\/pt\/wp-json\/wp\/v2\/media?parent=1053"}],"curies":[{"name":"wp","href":"https:\/\/api.w.org\/{rel}","templated":true}]}}