{"id":1052,"date":"2020-12-29T23:27:42","date_gmt":"2020-12-30T02:27:42","guid":{"rendered":"http:\/\/agoratheory.com\/?page_id=1052"},"modified":"2021-02-23T09:13:28","modified_gmt":"2021-02-23T12:13:28","slug":"representacoes-sociais","status":"publish","type":"page","link":"https:\/\/agoratheory.com\/pt\/representacoes-sociais\/","title":{"rendered":"Representa\u00e7\u00f5es Sociais"},"content":{"rendered":"<p>A teoria da representa\u00e7\u00e3o social foi proposta em 1961 pelo psic\u00f3logo romeno Serge Moscovici em uma tentativa de reinaugurar a tem\u00e1tica das representa\u00e7\u00f5es sob o ponto de vista dos estudos da Psicologia Social. Na defini\u00e7\u00e3o de Moscovici, \u201cas representa\u00e7\u00f5es sociais s\u00e3o um conjunto de conceitos, proposi\u00e7\u00f5es e explica\u00e7\u00f5es originado na vida cotidiana no curso de comunica\u00e7\u00f5es interpessoais. Elas s\u00e3o o equivalente, em nossa sociedade, aos mitos e sistemas de cren\u00e7a das sociedades tradicionais e podem tamb\u00e9m ser vistas como a vers\u00e3o contempor\u00e2nea do senso comum\u201d.<\/p>\n<p>Quer se aprofundar no tema? A hora \u00e9 essa!<\/p>\n<p>V\u00e1 \u00e0 pagina 53 da Tese de Doutorado de Leonardo Viana, <a href=\"http:\/\/agoratheory.com\/a-tese\/\" target=\"_blank\" rel=\"noopener\">clique aqui<\/a>.<\/p>\n","protected":false},"excerpt":{"rendered":"<p>A teoria da representa\u00e7\u00e3o social foi proposta em 1961 pelo psic\u00f3logo romeno Serge Moscovici em uma tentativa de reinaugurar a [&hellip;]<\/p>\n","protected":false},"author":1,"featured_media":0,"parent":0,"menu_order":0,"comment_status":"closed","ping_status":"closed","template":"","meta":{"footnotes":""},"class_list":["post-1052","page","type-page","status-publish","hentry"],"_links":{"self":[{"href":"https:\/\/agoratheory.com\/pt\/wp-json\/wp\/v2\/pages\/1052","targetHints":{"allow":["GET"]}}],"collection":[{"href":"https:\/\/agoratheory.com\/pt\/wp-json\/wp\/v2\/pages"}],"about":[{"href":"https:\/\/agoratheory.com\/pt\/wp-json\/wp\/v2\/types\/page"}],"author":[{"embeddable":true,"href":"https:\/\/agoratheory.com\/pt\/wp-json\/wp\/v2\/users\/1"}],"replies":[{"embeddable":true,"href":"https:\/\/agoratheory.com\/pt\/wp-json\/wp\/v2\/comments?post=1052"}],"version-history":[{"count":8,"href":"https:\/\/agoratheory.com\/pt\/wp-json\/wp\/v2\/pages\/1052\/revisions"}],"predecessor-version":[{"id":1341,"href":"https:\/\/agoratheory.com\/pt\/wp-json\/wp\/v2\/pages\/1052\/revisions\/1341"}],"wp:attachment":[{"href":"https:\/\/agoratheory.com\/pt\/wp-json\/wp\/v2\/media?parent=1052"}],"curies":[{"name":"wp","href":"https:\/\/api.w.org\/{rel}","templated":true}]}}