{"id":983,"date":"2020-12-28T18:04:45","date_gmt":"2020-12-28T21:04:45","guid":{"rendered":"http:\/\/agoratheory.com\/?page_id=983"},"modified":"2023-03-19T18:04:35","modified_gmt":"2023-03-19T21:04:35","slug":"contato-agora","status":"publish","type":"page","link":"https:\/\/agoratheory.com\/es\/contato-agora\/","title":{"rendered":"Contacto"},"content":{"rendered":"<p><strong>Puede enviar su mensaje en: Espa\u00f1ol, Ingl\u00e9s o Portugu\u00e9s.<\/strong><\/p>\n<p>Para informaci\u00f3n o contacto env\u00ede un correo electr\u00f3nico a:<br \/>\n<a href=\"mailto:contact@agoratheory.com\">contact@agoratheory.com<\/a><\/p>\n<p>Tambi\u00e9n puede utilizar nuestro formulario:<\/p>\n<p><!-- FOMULARIO DE CONTATO [ninja_form id=6]--><\/p>\n<p>&nbsp;<\/p>\n<p>LinkedIn:<br \/>\n<a href=\"https:\/\/www.linkedin.com\/in\/leonardo-viana\" target=\"_blank\" rel=\"noopener\">https:\/\/www.linkedin.com\/in\/leonardo-viana<\/a><\/p>\n<p>Instagram<br \/>\n<a href=\"https:\/\/instagram.com\/agoratheory\" target=\"_blank\" rel=\"noopener\">https:\/\/instagram.com\/agoratheory<\/a><\/p>\n<p>Facebook<br \/>\n<a href=\"https:\/\/www.facebook.com\/agoraTheory\" target=\"_blank\" rel=\"noopener\">https:\/\/www.facebook.com\/agoraTheory<\/a><\/p>\n<p><!-- [contact-form-7 id=\"979\" title=\"Contato Portugu\u00eas\"] --><\/p>\n","protected":false},"excerpt":{"rendered":"<p>Puede enviar su mensaje en: Espa\u00f1ol, Ingl\u00e9s o Portugu\u00e9s. Para informaci\u00f3n o contacto env\u00ede un correo electr\u00f3nico a: contact@agoratheory.com Tambi\u00e9n [&hellip;]<\/p>\n","protected":false},"author":1,"featured_media":0,"parent":0,"menu_order":0,"comment_status":"closed","ping_status":"closed","template":"","meta":{"footnotes":""},"class_list":["post-983","page","type-page","status-publish","hentry"],"_links":{"self":[{"href":"https:\/\/agoratheory.com\/es\/wp-json\/wp\/v2\/pages\/983","targetHints":{"allow":["GET"]}}],"collection":[{"href":"https:\/\/agoratheory.com\/es\/wp-json\/wp\/v2\/pages"}],"about":[{"href":"https:\/\/agoratheory.com\/es\/wp-json\/wp\/v2\/types\/page"}],"author":[{"embeddable":true,"href":"https:\/\/agoratheory.com\/es\/wp-json\/wp\/v2\/users\/1"}],"replies":[{"embeddable":true,"href":"https:\/\/agoratheory.com\/es\/wp-json\/wp\/v2\/comments?post=983"}],"version-history":[{"count":27,"href":"https:\/\/agoratheory.com\/es\/wp-json\/wp\/v2\/pages\/983\/revisions"}],"predecessor-version":[{"id":1565,"href":"https:\/\/agoratheory.com\/es\/wp-json\/wp\/v2\/pages\/983\/revisions\/1565"}],"wp:attachment":[{"href":"https:\/\/agoratheory.com\/es\/wp-json\/wp\/v2\/media?parent=983"}],"curies":[{"name":"wp","href":"https:\/\/api.w.org\/{rel}","templated":true}]}}