{"id":969,"date":"2020-12-28T16:42:49","date_gmt":"2020-12-28T19:42:49","guid":{"rendered":"http:\/\/agoratheory.com\/?page_id=969"},"modified":"2021-09-01T23:52:14","modified_gmt":"2021-09-02T02:52:14","slug":"a-tese","status":"publish","type":"page","link":"https:\/\/agoratheory.com\/es\/a-tese\/","title":{"rendered":"La tesis"},"content":{"rendered":"<p>Descubre la tesis que dio origen a la teor\u00eda cient\u00edfica del \u00c1gora, <a href=\"http:\/\/agoratheory.com\/wp-content\/uploads\/2021\/03\/Investigacion_cientifica_con_42_mil_personas_sobre_representaciones_sociales-psicologia_social_prejuicio_y_educacion_a_distancia-tesis_doctoral_Leonardo_Viana_Teoria_Agora_theory.pdf\" target=\"_blank\" rel=\"noopener\">clic aqu\u00ed.<\/a><\/p>\n<p><a href=\"http:\/\/agoratheory.com\/wp-content\/uploads\/2021\/03\/Investigacion_cientifica_con_42_mil_personas_sobre_representaciones_sociales-psicologia_social_prejuicio_y_educacion_a_distancia-tesis_doctoral_Leonardo_Viana_Teoria_Agora_theory.pdf\" target=\"_blank\" rel=\"noopener\">* Desc\u00e1rgalo, haga clic aqu\u00ed (Espa\u00f1ol \/ Castellano).<\/a><\/p>\n<p><a href=\"http:\/\/agoratheory.com\/wp-content\/uploads\/2021\/03\/Scientific_research_with_42_thousand_people_about_social-representations_social-psychology_prejudice_and_distance_education-Doctoral_thesis_Leonardo_Viana_AgoraTheory.pdf\" target=\"_blank\" rel=\"noopener\">* Download, click here (English).<\/a><\/p>\n<p><a href=\"http:\/\/agoratheory.com\/wp-content\/uploads\/2020\/11\/Tese_Doutorado_Leonardo_Viana_UFRJ.pdf\" target=\"_blank\" rel=\"noopener\">* Fa\u00e7a o download, clique aqui (Portugu\u00eas).<\/a><\/p>\n<p>Audiolibro de la tesis (solo en portugu\u00e9s), <a href=\"https:\/\/agoratheory.com\/es\/audiobook\/\">clic aqu\u00ed<\/a>.<\/p>\n<p>&nbsp;<\/p>\n<p>Tambi\u00e9n puede acceder a las siguientes direcciones:<\/p>\n<p><a href=\"http:\/\/agoratheory.com\/wp-content\/uploads\/2021\/03\/Investigacion_cientifica_con_42_mil_personas_sobre_representaciones_sociales-psicologia_social_prejuicio_y_educacion_a_distancia-tesis_doctoral_Leonardo_Viana_Teoria_Agora_theory.pdf\">* Investigaci\u00f3n cient\u00edfica con 42 mil personas sobre representaciones sociales, psicolog\u00eda social, prejuicio y educaci\u00f3n a distancia &#8211; Tesis doctoral Leonardo Viana Teoria \u00c1gora.<\/a><\/p>\n<p><strong>Audiolibro YouTube en portugu\u00e9s:<\/strong><\/p>\n<p><iframe loading=\"lazy\" title=\"YouTube video player\" src=\"https:\/\/www.youtube.com\/embed\/videoseries?list=PLVzoHrQQsOvswZ0Trd-MP2yiME6R8JLTl\" width=\"560\" height=\"315\" frameborder=\"0\" allowfullscreen=\"allowfullscreen\"><\/iframe><\/p>\n","protected":false},"excerpt":{"rendered":"<p>Descubre la tesis que dio origen a la teor\u00eda cient\u00edfica del \u00c1gora, clic aqu\u00ed. * Desc\u00e1rgalo, haga clic aqu\u00ed (Espa\u00f1ol [&hellip;]<\/p>\n","protected":false},"author":1,"featured_media":0,"parent":0,"menu_order":0,"comment_status":"closed","ping_status":"closed","template":"","meta":{"footnotes":""},"class_list":["post-969","page","type-page","status-publish","hentry"],"_links":{"self":[{"href":"https:\/\/agoratheory.com\/es\/wp-json\/wp\/v2\/pages\/969","targetHints":{"allow":["GET"]}}],"collection":[{"href":"https:\/\/agoratheory.com\/es\/wp-json\/wp\/v2\/pages"}],"about":[{"href":"https:\/\/agoratheory.com\/es\/wp-json\/wp\/v2\/types\/page"}],"author":[{"embeddable":true,"href":"https:\/\/agoratheory.com\/es\/wp-json\/wp\/v2\/users\/1"}],"replies":[{"embeddable":true,"href":"https:\/\/agoratheory.com\/es\/wp-json\/wp\/v2\/comments?post=969"}],"version-history":[{"count":38,"href":"https:\/\/agoratheory.com\/es\/wp-json\/wp\/v2\/pages\/969\/revisions"}],"predecessor-version":[{"id":1535,"href":"https:\/\/agoratheory.com\/es\/wp-json\/wp\/v2\/pages\/969\/revisions\/1535"}],"wp:attachment":[{"href":"https:\/\/agoratheory.com\/es\/wp-json\/wp\/v2\/media?parent=969"}],"curies":[{"name":"wp","href":"https:\/\/api.w.org\/{rel}","templated":true}]}}