{"id":844,"date":"2020-12-16T21:30:35","date_gmt":"2020-12-17T00:30:35","guid":{"rendered":"http:\/\/agoratheory.com\/en\/?page_id=844"},"modified":"2021-03-15T11:00:04","modified_gmt":"2021-03-15T14:00:04","slug":"academico","status":"publish","type":"page","link":"https:\/\/agoratheory.com\/es\/academico\/","title":{"rendered":"Acad\u00e9mico"},"content":{"rendered":"<p>La teor\u00eda de la agora puede servir a profesores, investigadores y estudiantes de humanidades de diversas \u00e1reas de conocimiento en su trabajo acad\u00e9mico. Es una verdadera riqueza poder caminar a trav\u00e9s del conocimiento relativo de la forma de pensar de las personas e identificar sus razones de ser. As\u00ed como la teor\u00eda del \u00e1gora puede transformar la pr\u00e1ctica, tambi\u00e9n puede operar transformaciones en teor\u00edas, en una sinergia emocionante entre los dos. \u00a1Viva la ciencia!<\/p>\n<p>Vea un caso de aplicaci\u00f3n pr\u00e1ctico, <a href=\"http:\/\/agoratheory.com\/case\/\">haga clic aqu\u00ed.<\/a>\u00a0<\/p>\n<p>Aprende a usar el \u00e1gora, <a href=\"http:\/\/agoratheory.com\/como-funciona\/\">haz clic aqu\u00ed.<\/a><\/p>\n<p>Agora en el mundo corporativo, <a href=\"http:\/\/agoratheory.com\/mercado-corporativo\/\">haga clic aqu\u00ed.<\/a>\u00a0<\/p>\n<p>El \u00e1gora en el mundo acad\u00e9mico, <a href=\"http:\/\/agoratheory.com\/academico\/\">haga clic aqu\u00ed.<\/a>\u00a0<\/p>\n<p>Conoce la encuesta con 42.000 personas que dieron lugar a Agora, <a href=\"http:\/\/agoratheory.com\/case\/\">haz clic aqu\u00ed<\/a>.<\/p>\n<p>La tesis que dio origen al Sistema Agora, <a href=\"http:\/\/agoratheory.com\/a-tese\/\">haga clic aqu\u00ed.<\/a>\u00a0<\/p>\n<p>&nbsp;<\/p>\n<p>&nbsp;<\/p>\n","protected":false},"excerpt":{"rendered":"<p>La teor\u00eda de la agora puede servir a profesores, investigadores y estudiantes de humanidades de diversas \u00e1reas de conocimiento en [&hellip;]<\/p>\n","protected":false},"author":1,"featured_media":0,"parent":0,"menu_order":0,"comment_status":"closed","ping_status":"closed","template":"","meta":{"footnotes":""},"class_list":["post-844","page","type-page","status-publish","hentry"],"_links":{"self":[{"href":"https:\/\/agoratheory.com\/es\/wp-json\/wp\/v2\/pages\/844","targetHints":{"allow":["GET"]}}],"collection":[{"href":"https:\/\/agoratheory.com\/es\/wp-json\/wp\/v2\/pages"}],"about":[{"href":"https:\/\/agoratheory.com\/es\/wp-json\/wp\/v2\/types\/page"}],"author":[{"embeddable":true,"href":"https:\/\/agoratheory.com\/es\/wp-json\/wp\/v2\/users\/1"}],"replies":[{"embeddable":true,"href":"https:\/\/agoratheory.com\/es\/wp-json\/wp\/v2\/comments?post=844"}],"version-history":[{"count":13,"href":"https:\/\/agoratheory.com\/es\/wp-json\/wp\/v2\/pages\/844\/revisions"}],"predecessor-version":[{"id":1354,"href":"https:\/\/agoratheory.com\/es\/wp-json\/wp\/v2\/pages\/844\/revisions\/1354"}],"wp:attachment":[{"href":"https:\/\/agoratheory.com\/es\/wp-json\/wp\/v2\/media?parent=844"}],"curies":[{"name":"wp","href":"https:\/\/api.w.org\/{rel}","templated":true}]}}