{"id":837,"date":"2020-12-16T21:18:35","date_gmt":"2020-12-17T00:18:35","guid":{"rendered":"http:\/\/agoratheory.com\/?page_id=837"},"modified":"2021-03-15T09:38:31","modified_gmt":"2021-03-15T12:38:31","slug":"mercado-corporativo","status":"publish","type":"page","link":"https:\/\/agoratheory.com\/es\/mercado-corporativo\/","title":{"rendered":"Mercado Corporativo"},"content":{"rendered":"<p><\/p>\r\n<p>Agora, como metodolog\u00eda de agrupar personas por ideolog\u00eda, tiene el potencial de ayudar a las empresas en la investigaci\u00f3n, definici\u00f3n y comprensi\u00f3n de su p\u00fablico objetivo, entendiendo en profundidad sus pensamientos y, en consecuencia, sus comportamientos, gustos, formas de vida, etc; esto es decisivo para aumentar las ventas, la recomendaci\u00f3n de marca, la repercusi\u00f3n entre amigos, entre los amigos de sus amigos&#8230; Por \u00faltimo, esta comprensi\u00f3n del p\u00fablico objetivo vale oro en el mundo del Marketing, facilitando, por ejemplo, el trabajo de los profesionales de la experiencia de usuario, que se dedican a dise\u00f1ar estrategias para un mejor uso de Internet para las empresas, ya que buscan proporcionar la mejor experiencia posible a su audiencia en el entorno digital.<\/p>\r\n<p>Imagine tambi\u00e9n lo rico que puede ser para el trabajo corporativo en el \u00e1rea de Recursos Humanos tener acceso en profundidad al pensamiento de sus empleados? \u00bfCu\u00e1ntas acciones bien enfocadas se pueden adoptar con beneficios reales para el clima organizacional y la consiguiente productividad? Al igual que estos, es posible enumerar otros beneficios para el mundo corporativo por la ejecuci\u00f3n de \u00e1gora.<\/p>\r\n<p>Vea un caso de aplicaci\u00f3n pr\u00e1ctico, <a href=\"http:\/\/agoratheory.com\/case\/\">haga clic aqu\u00ed.<\/a>\u00a0<\/p>\r\n<p>Aprende a usar el \u00e1gora, <a href=\"http:\/\/agoratheory.com\/como-funciona\/\">haz clic aqu\u00ed.<\/a>\u00a0<\/p>\r\n<p>Agora en el mundo corporativo, <a href=\"http:\/\/agoratheory.com\/mercado-corporativo\/\">haga clic aqu\u00ed.<\/a>\u00a0<\/p>\r\n<p>El \u00e1gora en el mundo acad\u00e9mico, <a href=\"http:\/\/agoratheory.com\/academico\/\">haga clic aqu\u00ed.<\/a>\u00a0<\/p>\r\n<p>Conoce la encuesta con 42.000 personas que dieron lugar a Agora, <a href=\"http:\/\/agoratheory.com\/case\/\">haz clic aqu\u00ed<\/a>.<\/p>\r\n<p>Vea tambi\u00e9n c\u00f3mo crear el sistema Agora, <a href=\"http:\/\/agoratheory.com\/como-funciona\/\">haga clic aqu\u00ed<\/a>.<\/p>\r\n<p>La tesis que dio origen al Sistema Agora, <a href=\"http:\/\/agoratheory.com\/a-tese\/\">haga clic aqu\u00ed.<\/a>\u00a0<\/p>\r\n<p>&nbsp;<\/p>\r\n<p>&nbsp;<\/p>\r\n<p><\/p>","protected":false},"excerpt":{"rendered":"<p>Agora, como metodolog\u00eda de agrupar personas por ideolog\u00eda, tiene el potencial de ayudar a las empresas en la investigaci\u00f3n, definici\u00f3n [&hellip;]<\/p>\n","protected":false},"author":1,"featured_media":0,"parent":0,"menu_order":0,"comment_status":"closed","ping_status":"closed","template":"","meta":{"footnotes":""},"class_list":["post-837","page","type-page","status-publish","hentry"],"_links":{"self":[{"href":"https:\/\/agoratheory.com\/es\/wp-json\/wp\/v2\/pages\/837","targetHints":{"allow":["GET"]}}],"collection":[{"href":"https:\/\/agoratheory.com\/es\/wp-json\/wp\/v2\/pages"}],"about":[{"href":"https:\/\/agoratheory.com\/es\/wp-json\/wp\/v2\/types\/page"}],"author":[{"embeddable":true,"href":"https:\/\/agoratheory.com\/es\/wp-json\/wp\/v2\/users\/1"}],"replies":[{"embeddable":true,"href":"https:\/\/agoratheory.com\/es\/wp-json\/wp\/v2\/comments?post=837"}],"version-history":[{"count":15,"href":"https:\/\/agoratheory.com\/es\/wp-json\/wp\/v2\/pages\/837\/revisions"}],"predecessor-version":[{"id":1350,"href":"https:\/\/agoratheory.com\/es\/wp-json\/wp\/v2\/pages\/837\/revisions\/1350"}],"wp:attachment":[{"href":"https:\/\/agoratheory.com\/es\/wp-json\/wp\/v2\/media?parent=837"}],"curies":[{"name":"wp","href":"https:\/\/api.w.org\/{rel}","templated":true}]}}