{"id":505,"date":"2014-10-02T05:31:55","date_gmt":"2014-10-02T05:31:55","guid":{"rendered":"http:\/\/pexetothemes.com\/demos\/story_demos\/agency\/?page_id=6"},"modified":"2021-02-08T00:01:08","modified_gmt":"2021-02-08T03:01:08","slug":"hat","status":"publish","type":"page","link":"https:\/\/agoratheory.com\/es\/","title":{"rendered":"Inicial AT"},"content":{"rendered":"\r\n<div class=\"content-slider-wrapper\" >\r\n<div class=\"content-slider cols-wrapper cols-2\" id=\"content-slider-505\" >\r\n\t<div class=\"section-boxed\">\r\n\t<ul id=\"cs-slider-ul\" style=\"min-height:290px;\">\r\n\t\t\r\n\t\t\t <li data-bg_image_url=\"http:\/\/agoratheory.com\/wp-content\/uploads\/2020\/12\/agora_banner2-1.jpg\" data-bg_image_opacity=\"1\" data-layout=\"img-text\" data-animation=\"random\" data-bg_color=\"\" data-thumbnail=\"http:\/\/agoratheory.com\/wp-content\/uploads\/2020\/12\/agora_banner2-1-150x150.jpg\" class=\"cs-layout-img-text\" style=\"color:#;\">\r\n\r\n\t\t\t\t<!-- first slider box -->\r\n\t\t\t\t<div class=\"cs-content-right col cs-content\">\r\n\t\t\t\t\t <h2 class=\"cs-title cs-element\" ><font color=\"#75726D\">La investigaci\u00f3n<\/font><\/h2>\r\n\r\n\t\t\t\t\t<p class=\"cs-element\" ><font color=\"#000011\">Lea la investigaci\u00f3n con 42 mil personas en Brasil sobre im\u00e1genes mentales del aprendizaje a distancia.<\/font><\/p>\r\n\t\t\t\t\t\t\t<p class=\"clear\"><\/p>\r\n\t\t\t\t\t\r\n\t\t\t\t\t<a href=\"https:\/\/agoratheory.com\/es\/a-teoria-2\/\" class=\"button cs-element\" >Lea mas<\/a>\r\n\r\n\t\t\t\t\t\t\t\t\t<\/div>\r\n\t\t\t\t<!-- second slider box -->\r\n\r\n\t\t\t\t\t\t\t\t<div class=\"cs-content-left col nomargin\">\r\n\t\t\t\t\t\t\t\t\t<\/div>\r\n\t\t\t\t\t\t\t<\/li>\r\n\t\t\t <li data-bg_image_url=\"http:\/\/agoratheory.com\/wp-content\/uploads\/2020\/12\/agora_banner1.jpg\" data-bg_image_opacity=\"1\" data-layout=\"img-text\" data-animation=\"random\" data-bg_color=\"6A98BD\" data-thumbnail=\"http:\/\/agoratheory.com\/wp-content\/uploads\/2020\/12\/agora_banner1-150x150.jpg\" class=\"cs-layout-img-text\" style=\"color:#;\">\r\n\r\n\t\t\t\t<!-- first slider box -->\r\n\t\t\t\t<div class=\"cs-content-right col cs-content\">\r\n\t\t\t\t\t<p class=\"cs-small-title cs-element\" >\u00c1gora Theory<\/p>\r\n\r\n\t\t\t\t\t <h2 class=\"cs-title cs-element\" ><font color=\"#000000\">Im\u00e1genes mentales<\/font><\/h2>\r\n\r\n\t\t\t\t\t<p class=\"cs-element\" ><font color=\"#000011\">Vea la investigaci\u00f3n realizada con 42 mil personas sobre im\u00e1genes mentales (representaciones sociales)<\/font><\/p>\r\n\t\t\t\t\t\t\t<p class=\"clear\"><\/p>\r\n\t\t\t\t\t\r\n\t\t\t\t\t<a href=\"https:\/\/agoratheory.com\/es\/a-teoria-2\/\" class=\"button cs-element\" >Lea Mas<\/a>\r\n\r\n\t\t\t\t\t\t\t\t\t<\/div>\r\n\t\t\t\t<!-- second slider box -->\r\n\r\n\t\t\t\t\t\t\t\t<div class=\"cs-content-left col nomargin\">\r\n\t\t\t\t\t\t\t\t\t<\/div>\r\n\t\t\t\t\t\t\t<\/li>\t<\/ul>\r\n<\/div>\r\n<\/div>\r\n<\/div><div class=\"clear\"><\/div>\n<div class=\"services-wrapper services-icon cols-wrapper cols-4 pexeto-parallax\"><div class=\"services-box col\"><a href=\"https:\/\/agoratheory.com\/es\/a-teoria-2\/\"><div class=\"img-container\"><img decoding=\"async\" src=\"http:\/\/agoratheory.com\/wp-content\/uploads\/2015\/01\/185039-earth-globe-streamline-copy-130x130.png\" alt=\"La teor\u00eda\"\/><\/div><\/a><div class=\"services-content\"><div class=\"sc-wraper\"><h3><a href=\"https:\/\/agoratheory.com\/es\/a-teoria-2\/\">La teor\u00eda<\/a><\/h3><p>M\u00e1s informaci\u00f3n sobre la teor\u00eda del \u00c1gora<\/p><\/div><\/div><\/div><div class=\"services-box col\"><a href=\"https:\/\/agoratheory.com\/es\/case\/\"><div class=\"img-container\"><img decoding=\"async\" src=\"http:\/\/agoratheory.com\/wp-content\/uploads\/2015\/01\/185082-man-people-streamline-user-copy-130x130.png\" alt=\"42 mil personas\"\/><\/div><\/a><div class=\"services-content\"><div class=\"sc-wraper\"><h3><a href=\"https:\/\/agoratheory.com\/es\/case\/\">42 mil personas<\/a><\/h3><p>Descubra la investigaci\u00f3n sobre representaciones de im\u00e1genes mentales realizada con 42 mil personas<\/p><\/div><\/div><\/div><div class=\"services-box col\"><a href=\"https:\/\/agoratheory.com\/es\/como-funciona\/\"><div class=\"img-container\"><img decoding=\"async\" src=\"http:\/\/agoratheory.com\/wp-content\/uploads\/2015\/01\/185036-remote-control-streamline-copy-130x130.png\" alt=\"C\u00f3mo utilizar la metodolog\u00eda\"\/><\/div><\/a><div class=\"services-content\"><div class=\"sc-wraper\"><h3><a href=\"https:\/\/agoratheory.com\/es\/como-funciona\/\">C\u00f3mo utilizar la metodolog\u00eda<\/a><\/h3><p>Crea tu encuesta con \u00c1goras. Vea c\u00f3mo utilizar \u00c1goraTech<\/p><\/div><\/div><\/div><div class=\"services-box col nomargin\"><a href=\"http:\/\/agoratheory.com\/es\/mundo-corporativo-e-academico\/\"><div class=\"img-container\"><img decoding=\"async\" src=\"http:\/\/agoratheory.com\/wp-content\/uploads\/2015\/01\/185094-settings-streamline-copy-130x130.png\" alt=\"Mercado corporativo y acad\u00e9mico\"\/><\/div><\/a><div class=\"services-content\"><div class=\"sc-wraper\"><h3><a href=\"http:\/\/agoratheory.com\/es\/mundo-corporativo-e-academico\/\">Mercado corporativo y acad\u00e9mico<\/a><\/h3><p>Descubra lo que \u00c1gora puede hacer por la investigaci\u00f3n en su empresa o universidad.<\/p><\/div><\/div><\/div><div class=\"clear\"><\/div><\/div>\n<div class=\"testimonial-slider\" data-autoplay=\"true\"><div class=\"testimonial-container\"><div class=\"testimonial-wrapper\"><div class=\"testimonial-info\"><img decoding=\"async\" class=\"img-frame testimonial-img\" src=\"http:\/\/agoratheory.com\/wp-content\/uploads\/2020\/10\/descartes-150x150.jpg\" alt=\"Rene Descartes\" \/><div class=\"testimonials-details\"><h2>Rene Descartes<\/h2><span><\/span><\/div><\/div><blockquote><p>\"... la diversidad de nuestras opiniones no se debe a que algunas sean m\u00e1s razonables que otras, sino solo a que conducimos nuestros pensamientos de diferentes maneras\".<\/p><\/blockquote><\/div><\/div><div class=\"testimonial-container\"><div class=\"testimonial-wrapper\"><div class=\"testimonial-info\"><img decoding=\"async\" class=\"img-frame testimonial-img\" src=\"http:\/\/agoratheory.com\/wp-content\/uploads\/2020\/10\/yh-150x150.jpg\" alt=\"Yuval Harari\" \/><div class=\"testimonials-details\"><h2>Yuval Harari<\/h2><span><\/span><\/div><\/div><blockquote><p>\"... una realidad imaginada es algo en lo que todos creen, y mientras persista esa creencia compartida, la realidad imaginada tiene una influencia en el mundo\".<\/p><\/blockquote><\/div><\/div><\/div>\n<div class=\"portfolio-carousel pc-no-title pc-no-link pc-spacing pc-effect-icon pc-effect-zoom pc-effect-overlay\"><div class=\"pc-header\"><div class=\"carousel-title\"> <h4 class=\"small-title\"><\/h4><\/div><\/div><div class=\"pc-wrapper\"><div class=\"pc-holder\"><div class=\"pc-page-wrapper\"><div class=\"pc-item\" data-defwidth=\"396\" data-type=\"smallslider\" data-itemid=\"1261\"><a href=\"https:\/\/agoratheory.com\/es\/portfolio\/la-educacion-viene-del-otro\/\" title=\"La educaci\u00f3n viene del Otro\"><div class=\"pg-img-wrapper\"><span class=\"icon-circle\"><span class=\"pg-icon smallslider-icon\"><\/span><\/span><img decoding=\"async\" src=\"https:\/\/agoratheory.com\/wp-content\/uploads\/2020\/12\/couple-1030744_640-586x349.jpg\" alt=\"La educaci\u00f3n viene del Otro\"\/><\/div><div class=\"pg-info\"><div class=\"pg-details\"><h2>La educaci\u00f3n viene del Otro<\/h2><span class=\"pg-categories\">Informaci\u00f3n y noticias<\/span><\/div><\/div><\/a><\/div><div class=\"pc-item\" data-defwidth=\"396\" data-type=\"smallslider\" data-itemid=\"1260\"><a href=\"https:\/\/agoratheory.com\/es\/portfolio\/la-teoria-de-roles\/\" title=\"La teor\u00eda de roles\"><div class=\"pg-img-wrapper\"><span class=\"icon-circle\"><span class=\"pg-icon smallslider-icon\"><\/span><\/span><img decoding=\"async\" src=\"https:\/\/agoratheory.com\/wp-content\/uploads\/2020\/12\/mascara-586x349.jpg\" alt=\"La teor\u00eda de roles\"\/><\/div><div class=\"pg-info\"><div class=\"pg-details\"><h2>La teor\u00eda de roles<\/h2><span class=\"pg-categories\">Informaci\u00f3n y noticias<\/span><\/div><\/div><\/a><\/div><\/div><div class=\"pc-page-wrapper\"><div class=\"pc-item\" data-defwidth=\"396\" data-type=\"smallslider\" data-itemid=\"1259\"><a href=\"https:\/\/agoratheory.com\/es\/portfolio\/el-valor-de-la-moneda\/\" title=\"El valor de la moneda\"><div class=\"pg-img-wrapper\"><span class=\"icon-circle\"><span class=\"pg-icon smallslider-icon\"><\/span><\/span><img decoding=\"async\" src=\"https:\/\/agoratheory.com\/wp-content\/uploads\/2020\/12\/coin-1080535_640-586x349.jpg\" alt=\"El valor de la moneda\"\/><\/div><div class=\"pg-info\"><div class=\"pg-details\"><h2>El valor de la moneda<\/h2><span class=\"pg-categories\">Informaci\u00f3n y noticias<\/span><\/div><\/div><\/a><\/div><div class=\"pc-item\" data-defwidth=\"396\" data-type=\"smallslider\" data-itemid=\"1258\"><a href=\"https:\/\/agoratheory.com\/es\/portfolio\/el-otro-generalizado\/\" title=\"El otro generalizado\"><div class=\"pg-img-wrapper\"><span class=\"icon-circle\"><span class=\"pg-icon smallslider-icon\"><\/span><\/span><img decoding=\"async\" src=\"https:\/\/agoratheory.com\/wp-content\/uploads\/2020\/12\/daniel_kahneman_2-586x349.jpg\" alt=\"El otro generalizado\"\/><\/div><div class=\"pg-info\"><div class=\"pg-details\"><h2>El otro generalizado<\/h2><span class=\"pg-categories\">Informaci\u00f3n y noticias<\/span><\/div><\/div><\/a><\/div><\/div><\/div><\/div><div class=\"clear\"><\/div><div class=\"clear\"><\/div><\/div>\n<div class=\"testimonial-slider\" ><div class=\"testimonial-container no-image\"><div class=\"testimonial-wrapper\"><div class=\"testimonial-info\"><div class=\"testimonials-details\"><h2>\u00bfQu\u00e9 es el \u00c1gora?<\/h2><span><\/span><\/div><\/div><blockquote><p>Son conglomerados de personas que se forman por las afinidades de pensamiento que tienen sobre alg\u00fan tema y que se pueden analizar emp\u00edricamente para entender por qu\u00e9 piensan de esa manera. Estos agrupamientos se configuran mediante una t\u00e9cnica de investigaci\u00f3n basada en la teor\u00eda mencionada.<\/p><\/blockquote><\/div><\/div><\/div>\n<div><a class=\"lightbox-image\" title=\"\" data-rel=\"lightbox\"><img decoding=\"async\" class=\"img-frame \" src=\"http:\/\/agoratheory.com\/wp-content\/uploads\/2020\/12\/agora_parte_banner.jpg\" \/><\/a><\/div>\n","protected":false},"excerpt":{"rendered":"","protected":false},"author":1,"featured_media":0,"parent":0,"menu_order":0,"comment_status":"closed","ping_status":"closed","template":"template-full-custom.php","meta":{"footnotes":""},"class_list":["post-505","page","type-page","status-publish","hentry"],"_links":{"self":[{"href":"https:\/\/agoratheory.com\/es\/wp-json\/wp\/v2\/pages\/505","targetHints":{"allow":["GET"]}}],"collection":[{"href":"https:\/\/agoratheory.com\/es\/wp-json\/wp\/v2\/pages"}],"about":[{"href":"https:\/\/agoratheory.com\/es\/wp-json\/wp\/v2\/types\/page"}],"author":[{"embeddable":true,"href":"https:\/\/agoratheory.com\/es\/wp-json\/wp\/v2\/users\/1"}],"replies":[{"embeddable":true,"href":"https:\/\/agoratheory.com\/es\/wp-json\/wp\/v2\/comments?post=505"}],"version-history":[{"count":57,"href":"https:\/\/agoratheory.com\/es\/wp-json\/wp\/v2\/pages\/505\/revisions"}],"predecessor-version":[{"id":880,"href":"https:\/\/agoratheory.com\/es\/wp-json\/wp\/v2\/pages\/505\/revisions\/880"}],"wp:attachment":[{"href":"https:\/\/agoratheory.com\/es\/wp-json\/wp\/v2\/media?parent=505"}],"curies":[{"name":"wp","href":"https:\/\/api.w.org\/{rel}","templated":true}]}}