{"id":30,"date":"2020-10-08T13:48:26","date_gmt":"2020-10-08T16:48:26","guid":{"rendered":"http:\/\/agoratheory.com\/?page_id=30"},"modified":"2021-03-19T00:18:01","modified_gmt":"2021-03-19T03:18:01","slug":"leonardo-viana","status":"publish","type":"page","link":"https:\/\/agoratheory.com\/es\/leonardo-viana\/","title":{"rendered":"Leonardo Viana"},"content":{"rendered":"<p>Nacido en el interior del estado de R\u00edo de Janeiro &#8211; Brasil, en 1976, el profesor e investigador Leonardo Viana es el autor de la teor\u00eda del \u00e1gora. La desarroll\u00f3 en su tesis <a href=\"http:\/\/agoratheory.com\/a-tese\/\">doctoral<\/a> en Psicosociolog\u00eda de Comunidades y Ecolog\u00eda Social, en la Universidad Federal de R\u00edo de <a href=\"http:\/\/www.ufrj.br\">Janeiro<\/a> y en <a href=\"https:\/\/www.uab.cat\/\">la Universidad<\/a> <a href=\"https:\/\/www.uab.cat\/\">Aut\u00f3noma<\/a> <a href=\"https:\/\/www.uab.cat\/\">de Barcelona.<\/a><\/p>\n<p>Leonardo Viana siempre ha estado interesado en estudios de neurociencia que involucran inteligencia colectiva en la web, la cognici\u00f3n y la psicolog\u00eda social. En esta l\u00ednea, es profesor de UX (experiencia de usuario) en MBAs de Marketing Digital, una disciplina dedicada a entender el comportamiento de las personas en Internet y trazar las estrategias m\u00e1s adecuadas en la construcci\u00f3n de productos digitales.<\/p>\n<p>Tambi\u00e9n es consultor, orador y autor del curso de experiencia de usuario en l\u00ednea de la Fundaci\u00f3n Get\u00falio Vargas, donde es profesor visitante. Tiene un fuerte desempe\u00f1o en el \u00e1rea de Educaci\u00f3n en L\u00ednea, incluyendo estrategias de comunicaci\u00f3n de red. Tambi\u00e9n trabaj\u00f3 en la preparaci\u00f3n de infoproductos de empresas nacionales e internacionales de tama\u00f1o mediano y grande, como BNDES, Americanas.com, JBS, Fiocruz (Fundaci\u00f3n Osvaldo Cruz), AIESAD (Asociaci\u00f3n Iberoamericana compuesta por 14 pa\u00edses), MHW (Xerox do Brasil), Apex International,Gobierno del Estado de R\u00edo deJaneiro, entre otros. Adem\u00e1s de ser doctor, tambi\u00e9n se gradu\u00f3 en estrategia y gesti\u00f3n, ambos de la Universidad Federal Fluminense, y se gradu\u00f3 en Dise\u00f1o Industrial. Opera en el mercado digital desde 1998.<\/p>\n<p>LinkedIn:<br \/>\n<a href=\"https:\/\/www.linkedin.com\/in\/leonardo-viana\" target=\"_blank\" rel=\"noopener\">https:\/\/www.linkedin.com\/in\/leonardo-viana<\/a><br \/>\nORCID:<br \/>\n<a href=\"https:\/\/orcid.org\/0000-0002-5568-664X\" target=\"_blank\" rel=\"noopener\">https:\/\/orcid.org\/0000-0002-5568-664X<\/a><br \/>\nSite:<br \/>\n<a href=\"http:\/\/leonardoviana.com\" target=\"_blank\" rel=\"noopener\">http:\/\/leonardoviana.com<\/a><\/p>\n<div id=\"attachment_804\" style=\"width: 310px\"  class=\"wp-caption alignnone\"><img loading=\"lazy\" decoding=\"async\" class=\"wp-image-804 size-medium\" src=\"http:\/\/agoratheory.com\/wp-content\/uploads\/2020\/11\/leonardo_viana-300x300.jpg\" alt=\"leonardo viana doutor phd \u00e1gora theory representa\u00e7\u00f5es sociais\" width=\"300\" height=\"300\" srcset=\"https:\/\/agoratheory.com\/wp-content\/uploads\/2020\/11\/leonardo_viana-300x300.jpg 300w, https:\/\/agoratheory.com\/wp-content\/uploads\/2020\/11\/leonardo_viana-150x150.jpg 150w, https:\/\/agoratheory.com\/wp-content\/uploads\/2020\/11\/leonardo_viana-100x100.jpg 100w, https:\/\/agoratheory.com\/wp-content\/uploads\/2020\/11\/leonardo_viana.jpg 400w\" sizes=\"auto, (max-width: 300px) 100vw, 300px\" \/><p class=\"wp-caption-text\">Leonardo Viana, PhD.<\/p><\/div>\n<p><strong>Leer m\u00e1s<\/strong><\/p>\n<p>Sobre la tesis que dio origen al Sistema Agora, <a href=\"http:\/\/agoratheory.com\/a-tese\/\">haga clic aqu\u00ed.<\/a><\/p>\n<p>Agora en el mercado corporativo, <a href=\"http:\/\/agoratheory.com\/mercado-corporativo\/\">haga clic aqu\u00ed.<\/a><\/p>\n<p>El \u00e1gora en el mundo acad\u00e9mico, <a href=\"http:\/\/agoratheory.com\/academico\/\">haga clic aqu\u00ed.<\/a><\/p>\n<p>Conoce la encuesta con 42.000 personas que dieron lugar a Agora, <a href=\"http:\/\/agoratheory.com\/case\/\">haz clic aqu\u00ed<\/a>.<\/p>\n<p>Vea tambi\u00e9n c\u00f3mo crear el sistema Agora, <a href=\"http:\/\/agoratheory.com\/como-funciona\/\">haga clic aqu\u00ed<\/a>.<\/p>\n<p>&nbsp;<\/p>\n<p>&nbsp;<\/p>\n<p>&nbsp;<\/p>\n","protected":false},"excerpt":{"rendered":"<p>Nacido en el interior del estado de R\u00edo de Janeiro &#8211; Brasil, en 1976, el profesor e investigador Leonardo Viana [&hellip;]<\/p>\n","protected":false},"author":1,"featured_media":0,"parent":0,"menu_order":0,"comment_status":"closed","ping_status":"closed","template":"","meta":{"footnotes":""},"class_list":["post-30","page","type-page","status-publish","hentry"],"_links":{"self":[{"href":"https:\/\/agoratheory.com\/es\/wp-json\/wp\/v2\/pages\/30","targetHints":{"allow":["GET"]}}],"collection":[{"href":"https:\/\/agoratheory.com\/es\/wp-json\/wp\/v2\/pages"}],"about":[{"href":"https:\/\/agoratheory.com\/es\/wp-json\/wp\/v2\/types\/page"}],"author":[{"embeddable":true,"href":"https:\/\/agoratheory.com\/es\/wp-json\/wp\/v2\/users\/1"}],"replies":[{"embeddable":true,"href":"https:\/\/agoratheory.com\/es\/wp-json\/wp\/v2\/comments?post=30"}],"version-history":[{"count":27,"href":"https:\/\/agoratheory.com\/es\/wp-json\/wp\/v2\/pages\/30\/revisions"}],"predecessor-version":[{"id":1402,"href":"https:\/\/agoratheory.com\/es\/wp-json\/wp\/v2\/pages\/30\/revisions\/1402"}],"wp:attachment":[{"href":"https:\/\/agoratheory.com\/es\/wp-json\/wp\/v2\/media?parent=30"}],"curies":[{"name":"wp","href":"https:\/\/api.w.org\/{rel}","templated":true}]}}