{"id":1445,"date":"2021-08-30T20:00:49","date_gmt":"2021-08-30T23:00:49","guid":{"rendered":"https:\/\/agoratheory.com\/?page_id=1445"},"modified":"2021-09-02T12:48:16","modified_gmt":"2021-09-02T15:48:16","slug":"audiobook","status":"publish","type":"page","link":"https:\/\/agoratheory.com\/es\/audiobook\/","title":{"rendered":"AudioBook"},"content":{"rendered":"<p><strong>:: Solo Sisponible en Portugues ::<\/strong><\/p>\n<p>Voc\u00ea j\u00e1 imaginou como funciona o senso comum? Como pensamos e agimos em grupo? Esse podcast \u00e9 uma leitura geral sobre bolhas ideol\u00f3gicas, pessoas e grupos, imagens mentais (representa\u00e7\u00f5es sociais) e a forma\u00e7\u00e3o de ideologias. Baseada em uma tese de doutorado que tem como autor o doutor Leonardo Viana. Esta tese \u00e9 fruto de uma pesquisa cient\u00edfica realizada com mais de 42 mil pessoas no Brasil, tendo como objeto de estudo o preconceito contra Educa\u00e7\u00e3o a Dist\u00e2ncia.<\/p>\n<ul>\n<li>Spotify, <a href=\"https:\/\/open.spotify.com\/show\/4ls9JUwIbjdlgPkYGO80rW?si=uDrdKbm_RmqXH6UzOdsYYA&#038;dl_branch=1\" target=\"_blank\" rel=\"noopener\">clique aqui<\/a>.<\/li>\n<li>Apple PodCast, <a href=\"https:\/\/podcasts.apple.com\/us\/podcast\/agora-theory-audiobook-tesecast\/id1583861873\" target=\"_blank\" rel=\"noopener\">clique aqui<\/a>.<\/li>\n<li>Google PodCast, <a href=\"https:\/\/podcasts.google.com\/feed\/aHR0cHM6Ly9hbmNob3IuZm0vcy81YWNiZTljYy9wb2RjYXN0L3Jzcw\" target=\"_blank\" rel=\"noopener\">clique aqui<\/a>.<\/li>\n<li>Deezer, <a href=\"https:\/\/www.deezer.com\/br\/show\/2938032\" target=\"_blank\" rel=\"noopener\">clique aqui<\/a>.<\/li>\n<li>RadioPublic, <a href=\"https:\/\/radiopublic.com\/agora-theory-audiobook-tesecast-GO7lZO\" target=\"_blank\" rel=\"noopener\">clique aqui<\/a>.<\/li>\n<li>Amazon Music, <a href=\"https:\/\/music.amazon.com.br\/podcasts\/6776fc70-c561-4748-8b00-459af01dec9d\/agora-theory---audiobook-tesecast\" target=\"_blank\" rel=\"noopener\">clique aqui.<\/a><\/li>\n<li>YouTube, <a href=\"https:\/\/www.youtube.com\/watch?v=ySnMFDa0XrY&#038;list=PLVzoHrQQsOvswZ0Trd-MP2yiME6R8JLTl&#038;ab_channel=LeonardoViana\" target=\"_blank\" rel=\"noopener\">clique aqui.<\/a><\/li>\n<\/ul>\n<p><strong>Voc\u00ea poder\u00e1 acessar os \u00e1udios por esta p\u00e1gina acessando:\u00a0<\/strong><\/p>\n<p><iframe loading=\"lazy\" src=\"https:\/\/open.spotify.com\/embed\/episode\/62WnFp6MAKfqotUsnvmuus\" width=\"100%\" height=\"152\" frameborder=\"0\" data-mce-fragment=\"1\"><span data-mce-type=\"bookmark\" style=\"display: inline-block; width: 0px; overflow: hidden; line-height: 0;\" class=\"mce_SELRES_start\">\ufeff<\/span><\/iframe><\/p>\n<p><iframe loading=\"lazy\" src=\"https:\/\/open.spotify.com\/embed\/episode\/37ifycI0dyjH71LNMGMbfw\" width=\"100%\" height=\"152\" frameborder=\"0\" data-mce-fragment=\"1\"><\/iframe><\/p>\n<p><iframe loading=\"lazy\" src=\"https:\/\/open.spotify.com\/embed\/episode\/5uJz4XNA51CU7ZVKeLRjqv\" width=\"100%\" height=\"152\" frameborder=\"0\" data-mce-fragment=\"1\"><\/iframe><\/p>\n<p><iframe loading=\"lazy\" src=\"https:\/\/open.spotify.com\/embed\/episode\/17Uc6MYwqUaBBersP6vN92\" width=\"100%\" height=\"152\" frameborder=\"0\" data-mce-fragment=\"1\"><\/iframe><\/p>\n<p><iframe loading=\"lazy\" src=\"https:\/\/open.spotify.com\/embed\/episode\/3OGrP65r77XBHY4vaGif0x\" width=\"100%\" height=\"152\" frameborder=\"0\" data-mce-fragment=\"1\"><\/iframe><\/p>\n<p><iframe loading=\"lazy\" src=\"https:\/\/open.spotify.com\/embed\/episode\/0SEtgCIdukff1sfeb3hYbW\" width=\"100%\" height=\"152\" frameborder=\"0\" data-mce-fragment=\"1\"><\/iframe><\/p>\n<p><iframe loading=\"lazy\" src=\"https:\/\/open.spotify.com\/embed\/episode\/6m7uDkY9Z1WafF1vKhyPG6\" width=\"100%\" height=\"152\" frameborder=\"0\" data-mce-fragment=\"1\"><\/iframe><\/p>\n<p><iframe loading=\"lazy\" src=\"https:\/\/open.spotify.com\/embed\/episode\/6W06Lp43rKIaBRjNjk56Vr\" width=\"100%\" height=\"152\" frameborder=\"0\" data-mce-fragment=\"1\"><\/iframe><\/p>\n<p><iframe loading=\"lazy\" src=\"https:\/\/open.spotify.com\/embed\/episode\/7L9ipEWcU87pEviJvXJyiU\" width=\"100%\" height=\"152\" frameborder=\"0\" data-mce-fragment=\"1\"><\/iframe><\/p>\n<p>&nbsp;<\/p>\n<p><strong>Voc\u00ea tamb\u00e9m poder\u00e1 acessar pelo YouTube pelo link:<\/strong><\/p>\n<p>&nbsp;<\/p>\n<p><iframe loading=\"lazy\" title=\"YouTube video player\" src=\"https:\/\/www.youtube.com\/embed\/videoseries?list=PLVzoHrQQsOvswZ0Trd-MP2yiME6R8JLTl\" width=\"560\" height=\"315\" frameborder=\"0\" allowfullscreen=\"allowfullscreen\" data-mce-fragment=\"1\"><\/iframe><\/p>\n","protected":false},"excerpt":{"rendered":"<p>:: Solo Sisponible en Portugues :: Voc\u00ea j\u00e1 imaginou como funciona o senso comum? Como pensamos e agimos em grupo? [&hellip;]<\/p>\n","protected":false},"author":1,"featured_media":1486,"parent":0,"menu_order":0,"comment_status":"closed","ping_status":"closed","template":"","meta":{"footnotes":""},"class_list":["post-1445","page","type-page","status-publish","has-post-thumbnail","hentry"],"_links":{"self":[{"href":"https:\/\/agoratheory.com\/es\/wp-json\/wp\/v2\/pages\/1445","targetHints":{"allow":["GET"]}}],"collection":[{"href":"https:\/\/agoratheory.com\/es\/wp-json\/wp\/v2\/pages"}],"about":[{"href":"https:\/\/agoratheory.com\/es\/wp-json\/wp\/v2\/types\/page"}],"author":[{"embeddable":true,"href":"https:\/\/agoratheory.com\/es\/wp-json\/wp\/v2\/users\/1"}],"replies":[{"embeddable":true,"href":"https:\/\/agoratheory.com\/es\/wp-json\/wp\/v2\/comments?post=1445"}],"version-history":[{"count":46,"href":"https:\/\/agoratheory.com\/es\/wp-json\/wp\/v2\/pages\/1445\/revisions"}],"predecessor-version":[{"id":1539,"href":"https:\/\/agoratheory.com\/es\/wp-json\/wp\/v2\/pages\/1445\/revisions\/1539"}],"wp:featuredmedia":[{"embeddable":true,"href":"https:\/\/agoratheory.com\/es\/wp-json\/wp\/v2\/media\/1486"}],"wp:attachment":[{"href":"https:\/\/agoratheory.com\/es\/wp-json\/wp\/v2\/media?parent=1445"}],"curies":[{"name":"wp","href":"https:\/\/api.w.org\/{rel}","templated":true}]}}