{"id":1172,"date":"2021-02-07T00:11:06","date_gmt":"2021-02-07T03:11:06","guid":{"rendered":"http:\/\/agoratheory.com\/?page_id=1172"},"modified":"2021-03-15T11:16:47","modified_gmt":"2021-03-15T14:16:47","slug":"agoratech","status":"publish","type":"page","link":"https:\/\/agoratheory.com\/es\/agoratech\/","title":{"rendered":"\u00c1goraTech"},"content":{"rendered":"<p>AgoraTech es un sistema altamente innovador, lector y compilador de datos, siendo el \u00fanico en el mundo que permite agrupar personas por niveles similares de pensamientos (agoras). La creaci\u00f3n de la teor\u00eda del \u00e1gora tuvo lugar en el proceso de elaboraci\u00f3n de la\u00a0 <a href=\"http:\/\/agoratheory.com\/a-tese\/\">tesis<\/a> doctoral del Prof. <a href=\"http:\/\/agoratheory.com\/leonardo-viana\/\">Leonardo Viana.<\/a>\u00a0 \u00a1Hab\u00eda 42.000 personas encuestadas en el estudio!\u00a0 <a href=\"http:\/\/agoratheory.com\/case\/\">(Vea c\u00f3mo fue)<\/a><\/p>\n<p>Dado el gran volumen de participantes, era necesario crear un sistema que explicara tanta informaci\u00f3n, pero que, principalmente, fuera capaz de se\u00f1alar los \u00e1goras, es decir, los grupos de personas pertenecientes a las mismas ideas sobre un tema determinado. As\u00ed vino el AgoraTech!<\/p>\n<p>Acceda <a href=\"http:\/\/agoratheory.com\/como-funciona\/\">al sistema<\/a> aqu\u00ed y vea c\u00f3mo funciona.<\/p>\n","protected":false},"excerpt":{"rendered":"<p>AgoraTech es un sistema altamente innovador, lector y compilador de datos, siendo el \u00fanico en el mundo que permite agrupar [&hellip;]<\/p>\n","protected":false},"author":2,"featured_media":0,"parent":0,"menu_order":0,"comment_status":"closed","ping_status":"closed","template":"","meta":{"footnotes":""},"class_list":["post-1172","page","type-page","status-publish","hentry"],"_links":{"self":[{"href":"https:\/\/agoratheory.com\/es\/wp-json\/wp\/v2\/pages\/1172","targetHints":{"allow":["GET"]}}],"collection":[{"href":"https:\/\/agoratheory.com\/es\/wp-json\/wp\/v2\/pages"}],"about":[{"href":"https:\/\/agoratheory.com\/es\/wp-json\/wp\/v2\/types\/page"}],"author":[{"embeddable":true,"href":"https:\/\/agoratheory.com\/es\/wp-json\/wp\/v2\/users\/2"}],"replies":[{"embeddable":true,"href":"https:\/\/agoratheory.com\/es\/wp-json\/wp\/v2\/comments?post=1172"}],"version-history":[{"count":7,"href":"https:\/\/agoratheory.com\/es\/wp-json\/wp\/v2\/pages\/1172\/revisions"}],"predecessor-version":[{"id":1357,"href":"https:\/\/agoratheory.com\/es\/wp-json\/wp\/v2\/pages\/1172\/revisions\/1357"}],"wp:attachment":[{"href":"https:\/\/agoratheory.com\/es\/wp-json\/wp\/v2\/media?parent=1172"}],"curies":[{"name":"wp","href":"https:\/\/api.w.org\/{rel}","templated":true}]}}