{"id":1079,"date":"2020-12-30T00:03:09","date_gmt":"2020-12-30T03:03:09","guid":{"rendered":"http:\/\/agoratheory.com\/?page_id=1079"},"modified":"2021-03-15T10:52:12","modified_gmt":"2021-03-15T13:52:12","slug":"como-funciona","status":"publish","type":"page","link":"https:\/\/agoratheory.com\/es\/como-funciona\/","title":{"rendered":"Como Funciona"},"content":{"rendered":"<p><strong>\u00bfC\u00f3mo funciona AgoraTech? Siga los pasos:<\/strong><\/p>\n<p>1er paso (obligatorio): Antes de utilizar el sistema AgoraTech,primero, es necesario hacer una b\u00fasqueda utilizando la t\u00e9cnicade evocaci\u00f3n, en la que el participante necesita mencionar un n\u00famero X de palabras que viene a la mente sobre alg\u00fantema.<\/p>\n<p>Paso 2: Si quieres y eres importante para la investigaci\u00f3n, como el autor del \u00e1gora, tambi\u00e9n se le puede pedir al encuestado que mencione el n\u00famero X de palabras que piensa que otros piensan sobre el tema (tambi\u00e9n una t\u00e9cnica de evocaci\u00f3n). Pero este paso no es obligatorio para el uso del sistema.<\/p>\n<p>Paso 3: Si se desea, tambi\u00e9n es posible hacer preguntas de otro orden, es decir, no directamente relacionados con el tema en cuesti\u00f3n, como grupo de edad, vivienda, nivel socioecon\u00f3mico, etc. Esto aporta m\u00e1s riqueza a la investigaci\u00f3n, ya que AgoraTech es capaz de hacer referencias cruzadas de los datos obtenidos mediante la t\u00e9cnica de evocaci\u00f3n con los datos de otra forma de recogida. Pero este paso tampoco es obligatorio.<\/p>\n<p>Paso 4 (obligatorio): Entonces los datos (evocados o evocados + no evocados) deben ser importados en el sistema, que generar\u00e1 los resultados.<\/p>\n<p><strong>Echemos un vistazo al ejemplo basado en el caso de utilizaci\u00f3n del sistema:<\/strong><\/p>\n<p>Los participantes de la encuesta deben mencionar cinco palabras sobre educaci\u00f3n a distancia (Educaci\u00f3n a distancia). As\u00ed, los resultados obtenidos oscilaron entre el nivel 1 y el 5, donde 1 fue el nivel m\u00e1s completo de pensamientos similares (menos afinidades) y el nivel 5, el m\u00e1s espec\u00edfico (la mayor\u00eda de las afinidades).<\/p>\n<p>Ciertos \u00e1goras se formaron por la afinidad de las siguientes palabras:<\/p>\n<p><u>Desconfianza<\/u><\/p>\n<p>La palabra desconfianza form\u00f3 un \u00e1gora de nivel 1, es decir, menos afinidades entre las personas al mencionar una sola palabra en com\u00fan para juzgar el tema de THE. Este \u00e1gora fue formado por personas que piensan que el otro considera el aprendizaje a distancia con sospecha (alter).<\/p>\n<p><u>Disciplina, organizaci\u00f3n, motivaci\u00f3n, proactividad y autonom\u00eda<\/u><\/p>\n<p>Estas palabras formaron un \u00e1gora de nivel 5, es decir, m\u00e1s afinidades entre las personas al mencionar 5 palabras en com\u00fan para juzgar el tema de THE. Este \u00e1gora fue formado por personas que tienen estas palabras como representantes de su propia opini\u00f3n (ego).<\/p>\n<p>Como se detalla en el tutorial anterior, de AgoraTech,tambi\u00e9n es posible extraer informaci\u00f3n valiosa cruzando \u00e1goras (agrupando a personas ideol\u00f3gicamente) con datos como g\u00e9nero, grupo de edad, ubicaci\u00f3n, estilos\u00a0 de vida, etc. de las personas que componen dichos grupos.<\/p>\n<p>A partir del \u00e1gora de nivel 1 originada por la palabra desconfianza <u>que mostramos<\/u> aqu\u00ed en el ejemplo, uno de los resultados cruzados fue el siguiente:<\/p>\n<p>Es un \u00e1gora fuertemente compuesta por hombres, en su mayor\u00eda mayores de 38 a\u00f1os de edad, que creen que el otro ve a EL con sospecha.<br \/>\n(Cruzar este \u00e1gora con informaci\u00f3n de g\u00e9nero y grupo de edad)<\/p>\n<p>A partir del \u00e1gora de nivel 5 originada por las palabras <u>disciplina, organizaci\u00f3n, motivaci\u00f3n, proactividad y autonom\u00eda,<\/u>apareci\u00f3 la siguiente correlaci\u00f3n de datos:<\/p>\n<p>Es un \u00e1gora, formada en su mayor\u00eda por hombres de la ciudad de Maca\u00e9 y el interior del estado de R\u00edo de Janeiro, que tienen en com\u00fan estas palabras como sus propias opiniones sobre THE. (Cruzar este \u00e1gora con informaci\u00f3n de g\u00e9nero y ubicaci\u00f3n)<\/p>\n<p>Acceda <a href=\"http:\/\/agoratheory.com\/como-funciona\/\">al<\/a> sistema AgoraTech aqu\u00ed<\/p>\n<p>&nbsp;<\/p>\n<p>&nbsp;<\/p>\n<p><strong>Leer m\u00e1s<\/strong><\/p>\n<p>Sobre la tesis que dio origen al Sistema Agora, <a href=\"http:\/\/agoratheory.com\/a-tese\/\">haga clic aqu\u00ed.<\/a><\/p>\n<p>Agora en el Mercado Corporativo, <a href=\"http:\/\/agoratheory.com\/mercado-corporativo\/\">haga clic aqu\u00ed.<\/a><\/p>\n<p>El \u00e1gora en el mundo acad\u00e9mico, <a href=\"http:\/\/agoratheory.com\/academico\/\">haga clic aqu\u00ed.<\/a><\/p>\n<p>Conoce la encuesta con 42.000 personas que dieron lugar a Agora, <a href=\"http:\/\/agoratheory.com\/case\/\">haz clic aqu\u00ed<\/a>.<\/p>\n<p>Vea tambi\u00e9n c\u00f3mo crear el sistema Agora, <a href=\"http:\/\/agoratheory.com\/como-funciona\/\">haga clic aqu\u00ed<\/a>.<\/p>\n<p>&nbsp;<\/p>\n<p>&nbsp;<\/p>\n","protected":false},"excerpt":{"rendered":"<p>\u00bfC\u00f3mo funciona AgoraTech? Siga los pasos: 1er paso (obligatorio): Antes de utilizar el sistema AgoraTech,primero, es necesario hacer una b\u00fasqueda [&hellip;]<\/p>\n","protected":false},"author":1,"featured_media":0,"parent":0,"menu_order":0,"comment_status":"closed","ping_status":"closed","template":"","meta":{"footnotes":""},"class_list":["post-1079","page","type-page","status-publish","hentry"],"_links":{"self":[{"href":"https:\/\/agoratheory.com\/es\/wp-json\/wp\/v2\/pages\/1079","targetHints":{"allow":["GET"]}}],"collection":[{"href":"https:\/\/agoratheory.com\/es\/wp-json\/wp\/v2\/pages"}],"about":[{"href":"https:\/\/agoratheory.com\/es\/wp-json\/wp\/v2\/types\/page"}],"author":[{"embeddable":true,"href":"https:\/\/agoratheory.com\/es\/wp-json\/wp\/v2\/users\/1"}],"replies":[{"embeddable":true,"href":"https:\/\/agoratheory.com\/es\/wp-json\/wp\/v2\/comments?post=1079"}],"version-history":[{"count":11,"href":"https:\/\/agoratheory.com\/es\/wp-json\/wp\/v2\/pages\/1079\/revisions"}],"predecessor-version":[{"id":1353,"href":"https:\/\/agoratheory.com\/es\/wp-json\/wp\/v2\/pages\/1079\/revisions\/1353"}],"wp:attachment":[{"href":"https:\/\/agoratheory.com\/es\/wp-json\/wp\/v2\/media?parent=1079"}],"curies":[{"name":"wp","href":"https:\/\/api.w.org\/{rel}","templated":true}]}}