{"id":1059,"date":"2020-12-29T23:32:49","date_gmt":"2020-12-30T02:32:49","guid":{"rendered":"http:\/\/agoratheory.com\/?page_id=1059"},"modified":"2021-02-23T08:53:31","modified_gmt":"2021-02-23T11:53:31","slug":"cederj","status":"publish","type":"page","link":"https:\/\/agoratheory.com\/es\/cederj\/","title":{"rendered":"Cederj"},"content":{"rendered":"<p>El Centro de Educaci\u00f3n a Distancia del Estado de Rio de Janeiro (Cederj) es responsable de la gesti\u00f3n administrativa y acad\u00e9mica de los cursos de pregrado en la modalidad semipresencial que ofrecen las instituciones p\u00fablicas de educaci\u00f3n superior en el estado de RJ: UERJ, UENF, UFF , UFRJ, UFRRJ, UNIRIO y CEFET \/ RJ. Cederj cuenta con 35 centros repartidos por todas las regiones del estado, donde los estudiantes encuentran el referente f\u00edsico de la universidad en el municipio en el que eligieron estudiar, pudiendo asistir a tutor\u00edas, bibliotecas, laboratorios etc.<\/p>\n<p>Las titulaciones son Administraci\u00f3n, Administraci\u00f3n P\u00fablica, Contabilidad, Ingenier\u00eda de Producci\u00f3n, Ingenier\u00eda Meteorol\u00f3gica, Licenciatura en Ciencias Biol\u00f3gicas, Licenciatura en F\u00edsica, Licenciatura en Geograf\u00eda, Licenciatura en Historia, Licenciatura en Letras, Licenciatura en Matem\u00e1ticas, Licenciatura en Pedagog\u00eda, Licenciatura en Qu\u00edmica, Licenciatura en Turismo, Licenciatura en Seguridad P\u00fablica, Tecnolog\u00eda en Sistemas Inform\u00e1ticos, Tecnolog\u00eda en Turismo y Bibliotecolog\u00eda. Los formularios de admisi\u00f3n son a trav\u00e9s del examen de ingreso o a trav\u00e9s del puntaje Enem.<\/p>\n<p>Referencia: <a href=\"http:\/\/cederj.edu.br\/\" target=\"_blank\" rel=\"noopener\">http:\/\/cederj.edu.br\/<\/a><\/p>\n<p>&nbsp;<\/p>\n","protected":false},"excerpt":{"rendered":"<p>El Centro de Educaci\u00f3n a Distancia del Estado de Rio de Janeiro (Cederj) es responsable de la gesti\u00f3n administrativa y [&hellip;]<\/p>\n","protected":false},"author":1,"featured_media":0,"parent":0,"menu_order":0,"comment_status":"closed","ping_status":"closed","template":"","meta":{"footnotes":""},"class_list":["post-1059","page","type-page","status-publish","hentry"],"_links":{"self":[{"href":"https:\/\/agoratheory.com\/es\/wp-json\/wp\/v2\/pages\/1059","targetHints":{"allow":["GET"]}}],"collection":[{"href":"https:\/\/agoratheory.com\/es\/wp-json\/wp\/v2\/pages"}],"about":[{"href":"https:\/\/agoratheory.com\/es\/wp-json\/wp\/v2\/types\/page"}],"author":[{"embeddable":true,"href":"https:\/\/agoratheory.com\/es\/wp-json\/wp\/v2\/users\/1"}],"replies":[{"embeddable":true,"href":"https:\/\/agoratheory.com\/es\/wp-json\/wp\/v2\/comments?post=1059"}],"version-history":[{"count":8,"href":"https:\/\/agoratheory.com\/es\/wp-json\/wp\/v2\/pages\/1059\/revisions"}],"predecessor-version":[{"id":1337,"href":"https:\/\/agoratheory.com\/es\/wp-json\/wp\/v2\/pages\/1059\/revisions\/1337"}],"wp:attachment":[{"href":"https:\/\/agoratheory.com\/es\/wp-json\/wp\/v2\/media?parent=1059"}],"curies":[{"name":"wp","href":"https:\/\/api.w.org\/{rel}","templated":true}]}}