{"id":1056,"date":"2020-12-29T23:31:50","date_gmt":"2020-12-30T02:31:50","guid":{"rendered":"http:\/\/agoratheory.com\/?page_id=1056"},"modified":"2021-02-23T09:08:20","modified_gmt":"2021-02-23T12:08:20","slug":"evocacao-de-palavras","status":"publish","type":"page","link":"https:\/\/agoratheory.com\/es\/evocacao-de-palavras\/","title":{"rendered":"Evocaci\u00f3n de palabras"},"content":{"rendered":"<p>El m\u00e9todo de evocaci\u00f3n de palabras consiste en pedir al encuestado de la investigaci\u00f3n un peque\u00f1o n\u00famero de palabras de est\u00edmulo de una pregunta, creando datos sobre los que se puede trabajar emp\u00edricamente. La t\u00e9cnica consiste en plantear a los sujetos preguntas relativas a lo que quieren saber en una investigaci\u00f3n, asumiendo que las palabras que les vienen a la mente antes que el sujeto en cuesti\u00f3n &#8211; verbalizadas de forma oral o escrita &#8211; inducen a sus representaciones sobre el objeto.<\/p>\n<p>\u00bfQuieres profundizar en el tema? \u00a1El momento es eso!<\/p>\n<p>Explore m\u00e1s en la p\u00e1gina 96 de la tesis doctoral de Leonardo Viana, <a href=\"http:\/\/agoratheory.com\/es\/a-tese\/\" target=\"_blank\" rel=\"noopener\">clique aqu\u00ed<\/a>.<\/p>\n","protected":false},"excerpt":{"rendered":"<p>El m\u00e9todo de evocaci\u00f3n de palabras consiste en pedir al encuestado de la investigaci\u00f3n un peque\u00f1o n\u00famero de palabras de [&hellip;]<\/p>\n","protected":false},"author":1,"featured_media":0,"parent":0,"menu_order":0,"comment_status":"closed","ping_status":"closed","template":"","meta":{"footnotes":""},"class_list":["post-1056","page","type-page","status-publish","hentry"],"_links":{"self":[{"href":"https:\/\/agoratheory.com\/es\/wp-json\/wp\/v2\/pages\/1056","targetHints":{"allow":["GET"]}}],"collection":[{"href":"https:\/\/agoratheory.com\/es\/wp-json\/wp\/v2\/pages"}],"about":[{"href":"https:\/\/agoratheory.com\/es\/wp-json\/wp\/v2\/types\/page"}],"author":[{"embeddable":true,"href":"https:\/\/agoratheory.com\/es\/wp-json\/wp\/v2\/users\/1"}],"replies":[{"embeddable":true,"href":"https:\/\/agoratheory.com\/es\/wp-json\/wp\/v2\/comments?post=1056"}],"version-history":[{"count":7,"href":"https:\/\/agoratheory.com\/es\/wp-json\/wp\/v2\/pages\/1056\/revisions"}],"predecessor-version":[{"id":1339,"href":"https:\/\/agoratheory.com\/es\/wp-json\/wp\/v2\/pages\/1056\/revisions\/1339"}],"wp:attachment":[{"href":"https:\/\/agoratheory.com\/es\/wp-json\/wp\/v2\/media?parent=1056"}],"curies":[{"name":"wp","href":"https:\/\/api.w.org\/{rel}","templated":true}]}}