{"id":1053,"date":"2020-12-29T23:24:08","date_gmt":"2020-12-30T02:24:08","guid":{"rendered":"http:\/\/agoratheory.com\/?page_id=1053"},"modified":"2021-02-23T09:38:51","modified_gmt":"2021-02-23T12:38:51","slug":"dialogicidade","status":"publish","type":"page","link":"https:\/\/agoratheory.com\/es\/dialogicidade\/","title":{"rendered":"Dialogicidad"},"content":{"rendered":"<p>Para comprender mejor el enfoque psicosociol\u00f3gico que gu\u00eda el campo de las representaciones sociales, la teor\u00eda de la dialogicidad de la brit\u00e1nica Ivana Markov\u00e1, investigadora y profesora em\u00e9rita de la Universidad de Stirlingnas en Reino Unido, predice la existencia de un tri\u00e1ngulo entre el yo , el otro (alter) y el objeto. Estas ser\u00edan entidades inseparables y din\u00e1micas, formando una estructura b\u00e1sica de conocimiento en la sociedad, pudiendo la mente humana procesar y comunicar el di\u00e1logo entre las tres instancias, creando as\u00ed realidades sociales.<\/p>\n<p><img loading=\"lazy\" decoding=\"async\" class=\"wp-image-1054 size-full\" src=\"http:\/\/agoratheory.com\/wp-content\/uploads\/2020\/12\/alter_ego_object.jpg\" alt=\"\" width=\"479\" height=\"354\" srcset=\"https:\/\/agoratheory.com\/wp-content\/uploads\/2020\/12\/alter_ego_object.jpg 479w, https:\/\/agoratheory.com\/wp-content\/uploads\/2020\/12\/alter_ego_object-300x222.jpg 300w\" sizes=\"auto, (max-width: 479px) 100vw, 479px\" \/><\/p>\n<p>Figura basada en el libro de Markov\u00e1 (2003) &#8211; \u201cDialogicidad y representaciones sociales\u201d.<\/p>\n<p>&nbsp;<\/p>\n<p>\u00bfQuieres profundizar en el tema? \u00a1El momento es eso!<\/p>\n<p>Explora m\u00e1s en la p\u00e1gina 62 de la tesis doctoral de Leonardo Viana, <span style=\"font-size: 13px;\"><a href=\"http:\/\/agoratheory.com\/es\/a-tese\/\">clique aqui<\/a>.<\/span><\/p>\n<p>&nbsp;<\/p>\n","protected":false},"excerpt":{"rendered":"<p>Para comprender mejor el enfoque psicosociol\u00f3gico que gu\u00eda el campo de las representaciones sociales, la teor\u00eda de la dialogicidad de [&hellip;]<\/p>\n","protected":false},"author":1,"featured_media":0,"parent":0,"menu_order":0,"comment_status":"closed","ping_status":"closed","template":"","meta":{"footnotes":""},"class_list":["post-1053","page","type-page","status-publish","hentry"],"_links":{"self":[{"href":"https:\/\/agoratheory.com\/es\/wp-json\/wp\/v2\/pages\/1053","targetHints":{"allow":["GET"]}}],"collection":[{"href":"https:\/\/agoratheory.com\/es\/wp-json\/wp\/v2\/pages"}],"about":[{"href":"https:\/\/agoratheory.com\/es\/wp-json\/wp\/v2\/types\/page"}],"author":[{"embeddable":true,"href":"https:\/\/agoratheory.com\/es\/wp-json\/wp\/v2\/users\/1"}],"replies":[{"embeddable":true,"href":"https:\/\/agoratheory.com\/es\/wp-json\/wp\/v2\/comments?post=1053"}],"version-history":[{"count":9,"href":"https:\/\/agoratheory.com\/es\/wp-json\/wp\/v2\/pages\/1053\/revisions"}],"predecessor-version":[{"id":1343,"href":"https:\/\/agoratheory.com\/es\/wp-json\/wp\/v2\/pages\/1053\/revisions\/1343"}],"wp:attachment":[{"href":"https:\/\/agoratheory.com\/es\/wp-json\/wp\/v2\/media?parent=1053"}],"curies":[{"name":"wp","href":"https:\/\/api.w.org\/{rel}","templated":true}]}}