{"id":1052,"date":"2020-12-29T23:27:42","date_gmt":"2020-12-30T02:27:42","guid":{"rendered":"http:\/\/agoratheory.com\/?page_id=1052"},"modified":"2021-02-23T09:13:28","modified_gmt":"2021-02-23T12:13:28","slug":"representacoes-sociais","status":"publish","type":"page","link":"https:\/\/agoratheory.com\/es\/representacoes-sociais\/","title":{"rendered":"Representaciones sociales"},"content":{"rendered":"<p>La teor\u00eda de la representaci\u00f3n social fue propuesta en 1961 por el psic\u00f3logo rumano Serge Moscovici en un intento de reabrir el tema de las representaciones desde el punto de vista de los estudios de Psicolog\u00eda Social. En la definici\u00f3n de Moscovici, \u00ablas representaciones sociales son un conjunto de conceptos, proposiciones y explicaciones originadas en la vida cotidiana en el curso de las comunicaciones interpersonales. Son el equivalente en nuestra sociedad a los mitos y sistemas de creencias de las sociedades tradicionales y tambi\u00e9n pueden verse como la versi\u00f3n contempor\u00e1nea del sentido com\u00fan \u201d.<\/p>\n<p>\u00bfQuieres profundizar en el tema? \u00a1El momento es ese!<\/p>\n<p>Ir a la p\u00e1gina 53 de la Tesis Doctoral de Leonardo Viana,<\/p>\n<p>V\u00e1 \u00e0 pagina 53 da Tese de Doutorado de Leonardo Viana, <a href=\"http:\/\/agoratheory.com\/es\/a-tese\/\" target=\"_blank\" rel=\"noopener\">clique aqui<\/a>.<\/p>\n","protected":false},"excerpt":{"rendered":"<p>La teor\u00eda de la representaci\u00f3n social fue propuesta en 1961 por el psic\u00f3logo rumano Serge Moscovici en un intento de [&hellip;]<\/p>\n","protected":false},"author":1,"featured_media":0,"parent":0,"menu_order":0,"comment_status":"closed","ping_status":"closed","template":"","meta":{"footnotes":""},"class_list":["post-1052","page","type-page","status-publish","hentry"],"_links":{"self":[{"href":"https:\/\/agoratheory.com\/es\/wp-json\/wp\/v2\/pages\/1052","targetHints":{"allow":["GET"]}}],"collection":[{"href":"https:\/\/agoratheory.com\/es\/wp-json\/wp\/v2\/pages"}],"about":[{"href":"https:\/\/agoratheory.com\/es\/wp-json\/wp\/v2\/types\/page"}],"author":[{"embeddable":true,"href":"https:\/\/agoratheory.com\/es\/wp-json\/wp\/v2\/users\/1"}],"replies":[{"embeddable":true,"href":"https:\/\/agoratheory.com\/es\/wp-json\/wp\/v2\/comments?post=1052"}],"version-history":[{"count":8,"href":"https:\/\/agoratheory.com\/es\/wp-json\/wp\/v2\/pages\/1052\/revisions"}],"predecessor-version":[{"id":1341,"href":"https:\/\/agoratheory.com\/es\/wp-json\/wp\/v2\/pages\/1052\/revisions\/1341"}],"wp:attachment":[{"href":"https:\/\/agoratheory.com\/es\/wp-json\/wp\/v2\/media?parent=1052"}],"curies":[{"name":"wp","href":"https:\/\/api.w.org\/{rel}","templated":true}]}}