{"id":969,"date":"2020-12-28T16:42:49","date_gmt":"2020-12-28T19:42:49","guid":{"rendered":"http:\/\/agoratheory.com\/?page_id=969"},"modified":"2021-09-01T23:52:14","modified_gmt":"2021-09-02T02:52:14","slug":"a-tese","status":"publish","type":"page","link":"https:\/\/agoratheory.com\/en\/a-tese\/","title":{"rendered":"The thesis"},"content":{"rendered":"<p>Get to know the thesis that gave rise to \u00c1gora&#8217;s scientific theory, <a href=\"http:\/\/agoratheory.com\/wp-content\/uploads\/2021\/03\/Scientific_research_with_42_thousand_people_about_social-representations_social-psychology_prejudice_and_distance_education-Doctoral_thesis_Leonardo_Viana_AgoraTheory.pdf\" target=\"_blank\" rel=\"noopener\">click here.<\/a><\/p>\n<p><a href=\"http:\/\/agoratheory.com\/wp-content\/uploads\/2021\/03\/Scientific_research_with_42_thousand_people_about_social-representations_social-psychology_prejudice_and_distance_education-Doctoral_thesis_Leonardo_Viana_AgoraTheory.pdf\" target=\"_blank\" rel=\"noopener\">* Download, click here (English).<\/a><\/p>\n<p><a href=\"http:\/\/agoratheory.com\/wp-content\/uploads\/2020\/11\/Tese_Doutorado_Leonardo_Viana_UFRJ.pdf\" target=\"_blank\" rel=\"noopener\">* Fa\u00e7a o download, clique aqui (Portugu\u00eas).<\/a><\/p>\n<p><a href=\"http:\/\/agoratheory.com\/wp-content\/uploads\/2021\/03\/Investigacion_cientifica_con_42_mil_personas_sobre_representaciones_sociales-psicologia_social_prejuicio_y_educacion_a_distancia-tesis_doctoral_Leonardo_Viana_Teoria_Agora_theory.pdf\" target=\"_blank\" rel=\"noopener\">* Desc\u00e1rgalo, haga clic aqu\u00ed (Espa\u00f1ol \/ Castellano).<\/a><\/p>\n<p>Thesis in audiobook (only in Portuguese), <a href=\"https:\/\/agoratheory.com\/en\/audiobook\/\">click here<\/a>.<\/p>\n<p>&nbsp;<\/p>\n<p><strong>Audiobook Youtube in Portuguese:<\/strong><\/p>\n<p><iframe loading=\"lazy\" title=\"YouTube video player\" src=\"https:\/\/www.youtube.com\/embed\/videoseries?list=PLVzoHrQQsOvswZ0Trd-MP2yiME6R8JLTl\" width=\"560\" height=\"315\" frameborder=\"0\" allowfullscreen=\"allowfullscreen\"><\/iframe><\/p>\n<p>&nbsp;<\/p>\n<p><strong>You can access the research in other languages:<\/strong><\/p>\n<p>&nbsp;<\/p>\n<p><a href=\"http:\/\/agoratheory.com\/wp-content\/uploads\/2021\/03\/Scientific_research_with_42_thousand_people_about_social-representations_social-psychology_prejudice_and_distance_education-Doctoral_thesis_Leonardo_Viana_AgoraTheory.pdf\">* English &#8211; Scientific research with 42 thousand people about social representations, social psychology, prejudice and distance education &#8211; Doctoral_Thesis Leonardo Viana Agora Theory<\/a><\/p>\n<p>&nbsp;<\/p>\n<p><a href=\"http:\/\/agoratheory.com\/wp-content\/uploads\/2021\/03\/Francais-Recherche-scientifique-avec-42-mille-personnes-sur-les-representations-sociales-la-psychologie-sociale-les-prejuges-et-l-enseignement-a-distance-1.pdf\" target=\"_blank\" rel=\"noopener\">* Fran\u00e7ais &#8211; Recherche scientifique avec 42 mille personnes sur les repr\u00e9sentations sociales, la psychologie sociale, les pr\u00e9jug\u00e9s et l&#8217;enseignement \u00e0 distance &#8211; Th\u00e8se de doctorat Leonardo Viana &#8211; Th\u00e9orie d&#8217;\u00c1gora<\/a><\/p>\n<p>&nbsp;<\/p>\n<p><a href=\"http:\/\/agoratheory.com\/wp-content\/uploads\/2021\/03\/Italiano-Ricerca-scientifica-con-42mila-persone-su-rappresentazioni-sociali-psicologia-sociale-pregiudizi-e-formazione-a-distanza.pdf\" target=\"_blank\" rel=\"noopener\">* Italiano &#8211; Ricerca scientifica con 42mila persone su rappresentazioni sociali, psicologia sociale, pregiudizi e formazione a distanza &#8211; Tesi di dottorato Leonardo Viana &#8211; Teoria dell&#8217;Agor\u00e0<\/a><\/p>\n<p>&nbsp;<\/p>\n<p><a href=\"http:\/\/agoratheory.com\/wp-content\/uploads\/2021\/03\/Catala-Investigacio-cientifica-amb-42-mil-persones-sobre-representacions-socials-psicologia-social-prejudicis-i-educacio-a-distancia.pdf\" target=\"_blank\" rel=\"noopener\">* Catal\u00e0 &#8211; Investigaci\u00f3 cient\u00edfica amb 42 mil persones sobre representacions socials, psicologia social, prejudicis i educaci\u00f3 a dist\u00e0ncia &#8211; Tesi doctoral Leonardo Viana &#8211; Teoria de l&#8217;\u00c0gora<\/a><\/p>\n<p>&nbsp;<\/p>\n<p><a href=\"http:\/\/agoratheory.com\/wp-content\/uploads\/2021\/03\/Deutsch-Wissenschaftliche-Forschung-mit-42.000-Menschen-zu-sozialen-Reprasentationen-Sozialpsychologie-Vorurteilen-und-Fernunterricht.pdf\" target=\"_blank\" rel=\"noopener\">* Deutsch &#8211; Wissenschaftliche Forschung mit 42.000 Menschen zu sozialen Repr\u00e4sentationen, Sozialpsychologie, Vorurteilen und Fernunterricht &#8211; Doktorarbeit Leonardo Viana &#8211; Theorie der Agora<\/a><\/p>\n<p>&nbsp;<\/p>\n<p><a href=\"http:\/\/agoratheory.com\/wp-content\/uploads\/2021\/03\/Pesquisa-cientifica-com-42-mil-pessoas-sobre-representacoes-sociais-pisicologia-social-preconceito-e-educacao-a-distancia-Tese-de-doutorado-leonardo-viana-Teoria-Agora.pdf\" target=\"_blank\" rel=\"noopener\">* Portugu\u00eas &#8211; Pesquisa cient\u00edfica com 42 mil pessoas sobre representa\u00e7\u00f5es sociais, psicologia social, preconceito e educa\u00e7\u00e3o a dist\u00e2ncia \u2013 Tese de doutorado Leonardo Viana \u00c1gora Theory<\/a><\/p>\n<p>&nbsp;<\/p>\n<p><a href=\"http:\/\/agoratheory.com\/wp-content\/uploads\/2021\/03\/Nederlands-Wetenschappelijk-onderzoek-met-42-duizend-mensen-naar-sociale-representaties-sociale-psychologie-vooroordelen-en-afstandsonderwijs.pdf\" target=\"_blank\" rel=\"noopener\">* Nederlands &#8211; Wetenschappelijk onderzoek met 42 duizend mensen naar sociale representaties, sociale psychologie, vooroordelen en afstandsonderwijs &#8211; Proefschrift Leonardo Viana &#8211; Theorie van Agora<\/a><\/p>\n<p>&nbsp;<\/p>\n<p><a href=\"http:\/\/agoratheory.com\/wp-content\/uploads\/2021\/03\/Danmark-Videnskabelig-forskning-med-42-tusind-mennesker-om-sociale-repraesentationer-socialpsykologi-fordomme-og-fjernundervisning.pdf\" target=\"_blank\" rel=\"noopener\">* Danmark &#8211; Videnskabelig forskning med 42 tusind mennesker om sociale repr\u00e6sentationer, socialpsykologi, fordomme og fjernundervisning &#8211; Doktorafhandling Leonardo Viana &#8211; Teori om Agora<\/a><\/p>\n<p>&nbsp;<\/p>\n<p><a href=\"http:\/\/agoratheory.com\/wp-content\/uploads\/2021\/03\/Czech-Vedecky-vyzkum-42-000-lidi-o-socialnich-reprezentacich-socialni-psychologii-predsudcich-a-distancnim-vzdelavani.pdf\" target=\"_blank\" rel=\"noopener\">* Czech- V\u011bdeck\u00fd v\u00fdzkum 42 000 lid\u00ed o soci\u00e1ln\u00edch reprezentac\u00edch, soci\u00e1ln\u00ed psychologii, p\u0159edsudc\u00edch a distan\u010dn\u00edm vzd\u011bl\u00e1v\u00e1n\u00ed &#8211; diserta\u010dn\u00ed pr\u00e1ce Leonardo Viana &#8211; Teorie Agory<\/a><\/p>\n<p>&nbsp;<\/p>\n<p><a href=\"http:\/\/agoratheory.com\/wp-content\/uploads\/2021\/03\/Chinese_AgoraTheory.pdf\" target=\"_blank\" rel=\"noopener\">*|Chinese| \u4e2d\u56fd-\u7ea6\u67094.2\u4e07\u4eba\u7684\u79d1\u5b66\u7814\u7a76\uff0c\u6d89\u53ca\u793e\u4f1a\u8868\u5f81\uff0c\u793e\u4f1a\u5fc3\u7406\u5b66\uff0c\u504f\u89c1\u548c\u8fdc\u7a0b\u6559\u80b2-\u535a\u58eb\u5b66\u4f4d\u8bba\u6587Leonardo Viana-Agora\u7406\u8bba<\/a><\/p>\n<p>&nbsp;<\/p>\n<p><a href=\"http:\/\/agoratheory.com\/wp-content\/uploads\/2021\/03\/Japanese_AgoraTheory.pdf\" target=\"_blank\" rel=\"noopener\">*|Japanese| \u65e5\u672c\u8a9e-\u793e\u4f1a\u7684\u8868\u73fe\u3001\u793e\u4f1a\u5fc3\u7406\u5b66\u3001\u504f\u898b\u3001\u9060\u9694\u6559\u80b2\u306b\u95a2\u3059\u308b42,000\u4eba\u306e\u79d1\u5b66\u7684\u7814\u7a76-\u535a\u58eb\u8ad6\u6587\u30ec\u30aa\u30ca\u30eb\u30c9\u30fb\u30d3\u30a2\u30ca-\u30a2\u30b4\u30e9\u306e\u7406\u8ad6<\/a><\/p>\n<p>&nbsp;<\/p>\n<p>&nbsp;<\/p>\n","protected":false},"excerpt":{"rendered":"<p>Get to know the thesis that gave rise to \u00c1gora&#8217;s scientific theory, click here. * Download, click here (English). * [&hellip;]<\/p>\n","protected":false},"author":1,"featured_media":0,"parent":0,"menu_order":0,"comment_status":"closed","ping_status":"closed","template":"","meta":{"footnotes":""},"class_list":["post-969","page","type-page","status-publish","hentry"],"_links":{"self":[{"href":"https:\/\/agoratheory.com\/en\/wp-json\/wp\/v2\/pages\/969","targetHints":{"allow":["GET"]}}],"collection":[{"href":"https:\/\/agoratheory.com\/en\/wp-json\/wp\/v2\/pages"}],"about":[{"href":"https:\/\/agoratheory.com\/en\/wp-json\/wp\/v2\/types\/page"}],"author":[{"embeddable":true,"href":"https:\/\/agoratheory.com\/en\/wp-json\/wp\/v2\/users\/1"}],"replies":[{"embeddable":true,"href":"https:\/\/agoratheory.com\/en\/wp-json\/wp\/v2\/comments?post=969"}],"version-history":[{"count":38,"href":"https:\/\/agoratheory.com\/en\/wp-json\/wp\/v2\/pages\/969\/revisions"}],"predecessor-version":[{"id":1535,"href":"https:\/\/agoratheory.com\/en\/wp-json\/wp\/v2\/pages\/969\/revisions\/1535"}],"wp:attachment":[{"href":"https:\/\/agoratheory.com\/en\/wp-json\/wp\/v2\/media?parent=969"}],"curies":[{"name":"wp","href":"https:\/\/api.w.org\/{rel}","templated":true}]}}